{"id":1416,"date":"2025-03-25T13:12:15","date_gmt":"2025-03-25T12:12:15","guid":{"rendered":"https:\/\/henryschein-aesthetics.com\/product\/pinza-de-tipo-relojero-para-implantologia-capilar\/"},"modified":"2025-10-08T15:07:33","modified_gmt":"2025-10-08T13:07:33","slug":"pinza-de-tipo-relojero-para-implantologia-capilar","status":"publish","type":"product","link":"https:\/\/henryschein-aesthetics.com\/es\/producto\/pinza-de-tipo-relojero-para-implantologia-capilar\/","title":{"rendered":"Pinza de Tipo Relojero para Implantolog\u00eda Capilar"},"content":{"rendered":"<p>La pinza de tipo relojero para implantolog\u00eda capilar es una herramienta esencial en los procedimientos de trasplante capilar, utilizada para manipular fol\u00edculos capilares con precisi\u00f3n y cuidado. Fabricada con materiales de alta calidad y un dise\u00f1o ergon\u00f3mico, esta pinza permite a los profesionales manejar los fol\u00edculos de manera delicada, minimizando el riesgo de da\u00f1o y asegurando una alta tasa de supervivencia. Con puntas finas y precisas, la pinza de tipo relojero es ideal para procedimientos detallados y exigentes, proporcionando un control total durante la implantaci\u00f3n.<\/p>\n","protected":false},"excerpt":{"rendered":"<p>Manejo delicado y preciso de los fol\u00edculos para un trasplante exitoso.<\/p>\n","protected":false},"featured_media":761,"comment_status":"open","ping_status":"closed","template":"","meta":{"content-type":"","inline_featured_image":false},"product_brand":[],"product_cat":[83],"product_tag":[84],"class_list":{"0":"post-1416","1":"product","2":"type-product","3":"status-publish","4":"has-post-thumbnail","6":"product_cat-implantologia-capilar","7":"product_tag-instrumental","9":"first","10":"instock","11":"shipping-taxable","12":"product-type-simple"},"yoast_head":"<!-- This site is optimized with the Yoast SEO plugin v26.9 - https:\/\/yoast.com\/product\/yoast-seo-wordpress\/ -->\n<title>Pinza de tipo relojero para implantolog\u00eda capilar- Henry Schein Aesthetics<\/title>\n<meta name=\"description\" content=\"Descubre pinzas de tipo relojero dise\u00f1adas para la implantolog\u00eda capilar. M\u00e1xima precisi\u00f3n en la manipulaci\u00f3n de fol\u00edculos para trasplantes capilares.\" \/>\n<meta name=\"robots\" content=\"index, follow, max-snippet:-1, max-image-preview:large, max-video-preview:-1\" \/>\n<link rel=\"canonical\" href=\"https:\/\/henryschein-aesthetics.com\/es\/producto\/pinza-de-tipo-relojero-para-implantologia-capilar\/\" \/>\n<meta property=\"og:locale\" content=\"es_ES\" \/>\n<meta property=\"og:type\" content=\"article\" \/>\n<meta property=\"og:title\" content=\"Pinza de tipo relojero para implantolog\u00eda capilar- Henry Schein Aesthetics\" \/>\n<meta property=\"og:description\" content=\"Descubre pinzas de tipo relojero dise\u00f1adas para la implantolog\u00eda capilar. M\u00e1xima precisi\u00f3n en la manipulaci\u00f3n de fol\u00edculos para trasplantes capilares.\" \/>\n<meta property=\"og:url\" content=\"https:\/\/henryschein-aesthetics.com\/es\/producto\/pinza-de-tipo-relojero-para-implantologia-capilar\/\" \/>\n<meta property=\"og:site_name\" content=\"Henry Schein Aesthetics\" \/>\n<meta property=\"article:modified_time\" content=\"2025-10-08T13:07:33+00:00\" \/>\n<meta property=\"og:image\" content=\"https:\/\/henryschein-aesthetics.com\/wp-content\/uploads\/2025\/03\/Pinza-relojero.jpg\" \/>\n\t<meta property=\"og:image:width\" content=\"800\" \/>\n\t<meta property=\"og:image:height\" content=\"800\" \/>\n\t<meta property=\"og:image:type\" content=\"image\/jpeg\" \/>\n<meta name=\"twitter:card\" content=\"summary_large_image\" \/>\n<meta name=\"twitter:label1\" content=\"Tiempo de lectura\" \/>\n\t<meta name=\"twitter:data1\" content=\"1 minuto\" \/>\n<script type=\"application\/ld+json\" class=\"yoast-schema-graph\">{\"@context\":\"https:\/\/schema.org\",\"@graph\":[{\"@type\":\"WebPage\",\"@id\":\"https:\/\/henryschein-aesthetics.com\/es\/producto\/pinza-de-tipo-relojero-para-implantologia-capilar\/\",\"url\":\"https:\/\/henryschein-aesthetics.com\/es\/producto\/pinza-de-tipo-relojero-para-implantologia-capilar\/\",\"name\":\"Pinza de tipo relojero para implantolog\u00eda capilar- Henry Schein Aesthetics\",\"isPartOf\":{\"@id\":\"https:\/\/henryschein-aesthetics.com\/#website\"},\"primaryImageOfPage\":{\"@id\":\"https:\/\/henryschein-aesthetics.com\/es\/producto\/pinza-de-tipo-relojero-para-implantologia-capilar\/#primaryimage\"},\"image\":{\"@id\":\"https:\/\/henryschein-aesthetics.com\/es\/producto\/pinza-de-tipo-relojero-para-implantologia-capilar\/#primaryimage\"},\"thumbnailUrl\":\"https:\/\/henryschein-aesthetics.com\/wp-content\/uploads\/2025\/03\/Pinza-relojero.jpg\",\"datePublished\":\"2025-03-25T12:12:15+00:00\",\"dateModified\":\"2025-10-08T13:07:33+00:00\",\"description\":\"Descubre pinzas de tipo relojero dise\u00f1adas para la implantolog\u00eda capilar. M\u00e1xima precisi\u00f3n en la manipulaci\u00f3n de fol\u00edculos para trasplantes capilares.\",\"breadcrumb\":{\"@id\":\"https:\/\/henryschein-aesthetics.com\/es\/producto\/pinza-de-tipo-relojero-para-implantologia-capilar\/#breadcrumb\"},\"inLanguage\":\"es\",\"potentialAction\":[{\"@type\":\"ReadAction\",\"target\":[\"https:\/\/henryschein-aesthetics.com\/es\/producto\/pinza-de-tipo-relojero-para-implantologia-capilar\/\"]}]},{\"@type\":\"ImageObject\",\"inLanguage\":\"es\",\"@id\":\"https:\/\/henryschein-aesthetics.com\/es\/producto\/pinza-de-tipo-relojero-para-implantologia-capilar\/#primaryimage\",\"url\":\"https:\/\/henryschein-aesthetics.com\/wp-content\/uploads\/2025\/03\/Pinza-relojero.jpg\",\"contentUrl\":\"https:\/\/henryschein-aesthetics.com\/wp-content\/uploads\/2025\/03\/Pinza-relojero.jpg\",\"width\":800,\"height\":800,\"caption\":\"Pinza de relojero\"},{\"@type\":\"BreadcrumbList\",\"@id\":\"https:\/\/henryschein-aesthetics.com\/es\/producto\/pinza-de-tipo-relojero-para-implantologia-capilar\/#breadcrumb\",\"itemListElement\":[{\"@type\":\"ListItem\",\"position\":1,\"name\":\"Home\",\"item\":\"https:\/\/henryschein-aesthetics.com\/es\/\"},{\"@type\":\"ListItem\",\"position\":2,\"name\":\"Tienda\",\"item\":\"https:\/\/henryschein-aesthetics.com\/es\/tienda\/\"},{\"@type\":\"ListItem\",\"position\":3,\"name\":\"Hair Implantology\",\"item\":\"https:\/\/henryschein-aesthetics.com\/product-category\/hair-implantology\/\"},{\"@type\":\"ListItem\",\"position\":4,\"name\":\"Pinza de Tipo Relojero para Implantolog\u00eda Capilar\"}]},{\"@type\":\"WebSite\",\"@id\":\"https:\/\/henryschein-aesthetics.com\/#website\",\"url\":\"https:\/\/henryschein-aesthetics.com\/\",\"name\":\"Henry Schein - Aesthetics\",\"description\":\"\",\"publisher\":{\"@id\":\"https:\/\/henryschein-aesthetics.com\/#organization\"},\"potentialAction\":[{\"@type\":\"SearchAction\",\"target\":{\"@type\":\"EntryPoint\",\"urlTemplate\":\"https:\/\/henryschein-aesthetics.com\/?s={search_term_string}\"},\"query-input\":{\"@type\":\"PropertyValueSpecification\",\"valueRequired\":true,\"valueName\":\"search_term_string\"}}],\"inLanguage\":\"es\"},{\"@type\":\"Organization\",\"@id\":\"https:\/\/henryschein-aesthetics.com\/#organization\",\"name\":\"Henry Schein - Aesthetics\",\"url\":\"https:\/\/henryschein-aesthetics.com\/\",\"logo\":{\"@type\":\"ImageObject\",\"inLanguage\":\"es\",\"@id\":\"https:\/\/henryschein-aesthetics.com\/#\/schema\/logo\/image\/\",\"url\":\"https:\/\/henryschein-aesthetics.com\/wp-content\/uploads\/2025\/06\/26.09-HENRY-SCHEIN-AESTHETICS-LOGO.svg\",\"contentUrl\":\"https:\/\/henryschein-aesthetics.com\/wp-content\/uploads\/2025\/06\/26.09-HENRY-SCHEIN-AESTHETICS-LOGO.svg\",\"caption\":\"Henry Schein - Aesthetics\"},\"image\":{\"@id\":\"https:\/\/henryschein-aesthetics.com\/#\/schema\/logo\/image\/\"}}]}<\/script>\n<!-- \/ Yoast SEO plugin. -->","yoast_head_json":{"title":"Pinza de tipo relojero para implantolog\u00eda capilar- Henry Schein Aesthetics","description":"Descubre pinzas de tipo relojero dise\u00f1adas para la implantolog\u00eda capilar. M\u00e1xima precisi\u00f3n en la manipulaci\u00f3n de fol\u00edculos para trasplantes capilares.","robots":{"index":"index","follow":"follow","max-snippet":"max-snippet:-1","max-image-preview":"max-image-preview:large","max-video-preview":"max-video-preview:-1"},"canonical":"https:\/\/henryschein-aesthetics.com\/es\/producto\/pinza-de-tipo-relojero-para-implantologia-capilar\/","og_locale":"es_ES","og_type":"article","og_title":"Pinza de tipo relojero para implantolog\u00eda capilar- Henry Schein Aesthetics","og_description":"Descubre pinzas de tipo relojero dise\u00f1adas para la implantolog\u00eda capilar. M\u00e1xima precisi\u00f3n en la manipulaci\u00f3n de fol\u00edculos para trasplantes capilares.","og_url":"https:\/\/henryschein-aesthetics.com\/es\/producto\/pinza-de-tipo-relojero-para-implantologia-capilar\/","og_site_name":"Henry Schein Aesthetics","article_modified_time":"2025-10-08T13:07:33+00:00","og_image":[{"width":800,"height":800,"url":"https:\/\/henryschein-aesthetics.com\/wp-content\/uploads\/2025\/03\/Pinza-relojero.jpg","type":"image\/jpeg"}],"twitter_card":"summary_large_image","twitter_misc":{"Tiempo de lectura":"1 minuto"},"schema":{"@context":"https:\/\/schema.org","@graph":[{"@type":"WebPage","@id":"https:\/\/henryschein-aesthetics.com\/es\/producto\/pinza-de-tipo-relojero-para-implantologia-capilar\/","url":"https:\/\/henryschein-aesthetics.com\/es\/producto\/pinza-de-tipo-relojero-para-implantologia-capilar\/","name":"Pinza de tipo relojero para implantolog\u00eda capilar- Henry Schein Aesthetics","isPartOf":{"@id":"https:\/\/henryschein-aesthetics.com\/#website"},"primaryImageOfPage":{"@id":"https:\/\/henryschein-aesthetics.com\/es\/producto\/pinza-de-tipo-relojero-para-implantologia-capilar\/#primaryimage"},"image":{"@id":"https:\/\/henryschein-aesthetics.com\/es\/producto\/pinza-de-tipo-relojero-para-implantologia-capilar\/#primaryimage"},"thumbnailUrl":"https:\/\/henryschein-aesthetics.com\/wp-content\/uploads\/2025\/03\/Pinza-relojero.jpg","datePublished":"2025-03-25T12:12:15+00:00","dateModified":"2025-10-08T13:07:33+00:00","description":"Descubre pinzas de tipo relojero dise\u00f1adas para la implantolog\u00eda capilar. M\u00e1xima precisi\u00f3n en la manipulaci\u00f3n de fol\u00edculos para trasplantes capilares.","breadcrumb":{"@id":"https:\/\/henryschein-aesthetics.com\/es\/producto\/pinza-de-tipo-relojero-para-implantologia-capilar\/#breadcrumb"},"inLanguage":"es","potentialAction":[{"@type":"ReadAction","target":["https:\/\/henryschein-aesthetics.com\/es\/producto\/pinza-de-tipo-relojero-para-implantologia-capilar\/"]}]},{"@type":"ImageObject","inLanguage":"es","@id":"https:\/\/henryschein-aesthetics.com\/es\/producto\/pinza-de-tipo-relojero-para-implantologia-capilar\/#primaryimage","url":"https:\/\/henryschein-aesthetics.com\/wp-content\/uploads\/2025\/03\/Pinza-relojero.jpg","contentUrl":"https:\/\/henryschein-aesthetics.com\/wp-content\/uploads\/2025\/03\/Pinza-relojero.jpg","width":800,"height":800,"caption":"Pinza de relojero"},{"@type":"BreadcrumbList","@id":"https:\/\/henryschein-aesthetics.com\/es\/producto\/pinza-de-tipo-relojero-para-implantologia-capilar\/#breadcrumb","itemListElement":[{"@type":"ListItem","position":1,"name":"Home","item":"https:\/\/henryschein-aesthetics.com\/es\/"},{"@type":"ListItem","position":2,"name":"Tienda","item":"https:\/\/henryschein-aesthetics.com\/es\/tienda\/"},{"@type":"ListItem","position":3,"name":"Hair Implantology","item":"https:\/\/henryschein-aesthetics.com\/product-category\/hair-implantology\/"},{"@type":"ListItem","position":4,"name":"Pinza de Tipo Relojero para Implantolog\u00eda Capilar"}]},{"@type":"WebSite","@id":"https:\/\/henryschein-aesthetics.com\/#website","url":"https:\/\/henryschein-aesthetics.com\/","name":"Henry Schein - Aesthetics","description":"","publisher":{"@id":"https:\/\/henryschein-aesthetics.com\/#organization"},"potentialAction":[{"@type":"SearchAction","target":{"@type":"EntryPoint","urlTemplate":"https:\/\/henryschein-aesthetics.com\/?s={search_term_string}"},"query-input":{"@type":"PropertyValueSpecification","valueRequired":true,"valueName":"search_term_string"}}],"inLanguage":"es"},{"@type":"Organization","@id":"https:\/\/henryschein-aesthetics.com\/#organization","name":"Henry Schein - Aesthetics","url":"https:\/\/henryschein-aesthetics.com\/","logo":{"@type":"ImageObject","inLanguage":"es","@id":"https:\/\/henryschein-aesthetics.com\/#\/schema\/logo\/image\/","url":"https:\/\/henryschein-aesthetics.com\/wp-content\/uploads\/2025\/06\/26.09-HENRY-SCHEIN-AESTHETICS-LOGO.svg","contentUrl":"https:\/\/henryschein-aesthetics.com\/wp-content\/uploads\/2025\/06\/26.09-HENRY-SCHEIN-AESTHETICS-LOGO.svg","caption":"Henry Schein - Aesthetics"},"image":{"@id":"https:\/\/henryschein-aesthetics.com\/#\/schema\/logo\/image\/"}}]}},"df_price":"","df_sale_price":"","df_regular_price":"","df_image_link":"https:\/\/henryschein-aesthetics.com\/wp-content\/uploads\/2025\/03\/Pinza-relojero-300x300.jpg","_links":{"self":[{"href":"https:\/\/henryschein-aesthetics.com\/es\/wp-json\/wp\/v2\/product\/1416","targetHints":{"allow":["GET"]}}],"collection":[{"href":"https:\/\/henryschein-aesthetics.com\/es\/wp-json\/wp\/v2\/product"}],"about":[{"href":"https:\/\/henryschein-aesthetics.com\/es\/wp-json\/wp\/v2\/types\/product"}],"replies":[{"embeddable":true,"href":"https:\/\/henryschein-aesthetics.com\/es\/wp-json\/wp\/v2\/comments?post=1416"}],"version-history":[{"count":0,"href":"https:\/\/henryschein-aesthetics.com\/es\/wp-json\/wp\/v2\/product\/1416\/revisions"}],"wp:featuredmedia":[{"embeddable":true,"href":"https:\/\/henryschein-aesthetics.com\/es\/wp-json\/wp\/v2\/media\/761"}],"wp:attachment":[{"href":"https:\/\/henryschein-aesthetics.com\/es\/wp-json\/wp\/v2\/media?parent=1416"}],"wp:term":[{"taxonomy":"product_brand","embeddable":true,"href":"https:\/\/henryschein-aesthetics.com\/es\/wp-json\/wp\/v2\/product_brand?post=1416"},{"taxonomy":"product_cat","embeddable":true,"href":"https:\/\/henryschein-aesthetics.com\/es\/wp-json\/wp\/v2\/product_cat?post=1416"},{"taxonomy":"product_tag","embeddable":true,"href":"https:\/\/henryschein-aesthetics.com\/es\/wp-json\/wp\/v2\/product_tag?post=1416"}],"curies":[{"name":"wp","href":"https:\/\/api.w.org\/{rel}","templated":true}]}}