{"id":1426,"date":"2025-03-25T13:27:41","date_gmt":"2025-03-25T12:27:41","guid":{"rendered":"https:\/\/henryschein-aesthetics.com\/product\/inyectores-para-toxina-botulinica\/"},"modified":"2025-05-20T17:27:24","modified_gmt":"2025-05-20T15:27:24","slug":"inyectores-para-toxina-botulinica","status":"publish","type":"product","link":"https:\/\/henryschein-aesthetics.com\/es\/producto\/inyectores-para-toxina-botulinica\/","title":{"rendered":"Inyectores para Toxina Botul\u00ednica"},"content":{"rendered":"<p>Los inyectores para toxina botul\u00ednica est\u00e1n dise\u00f1ados para ofrecer un control excepcional y una precisi\u00f3n incomparable en la administraci\u00f3n de la toxina. Con un mecanismo ergon\u00f3mico y f\u00e1cil de usar, estos inyectores permiten a los profesionales realizar tratamientos con un nivel de exactitud que maximiza los resultados y minimiza las molestias para los pacientes.<\/p>\n","protected":false},"excerpt":{"rendered":"<p>Dise\u00f1o ergon\u00f3mico para inyecciones precisas y sin esfuerzo. Optimiza los resultados y el confort del paciente.<\/p>\n","protected":false},"featured_media":784,"comment_status":"open","ping_status":"closed","template":"","meta":{"content-type":"","inline_featured_image":false},"product_brand":[],"product_cat":[90],"product_tag":[84],"class_list":{"0":"post-1426","1":"product","2":"type-product","3":"status-publish","4":"has-post-thumbnail","6":"product_cat-toxina-botulinica","7":"product_tag-instrumental","9":"first","10":"instock","11":"shipping-taxable","12":"product-type-simple"},"yoast_head":"<!-- This site is optimized with the Yoast SEO plugin v26.9 - https:\/\/yoast.com\/product\/yoast-seo-wordpress\/ -->\n<title>Inyectores para Toxina Botul\u00ednica - Henry Schein Aesthetics<\/title>\n<meta name=\"description\" content=\"Descubre inyectores dise\u00f1ados para la administraci\u00f3n precisa de toxina botul\u00ednica. Mejora la seguridad y eficacia de tus procedimientos.\" \/>\n<meta name=\"robots\" content=\"index, follow, max-snippet:-1, max-image-preview:large, max-video-preview:-1\" \/>\n<link rel=\"canonical\" href=\"https:\/\/henryschein-aesthetics.com\/es\/producto\/inyectores-para-toxina-botulinica\/\" \/>\n<meta property=\"og:locale\" content=\"es_ES\" \/>\n<meta property=\"og:type\" content=\"article\" \/>\n<meta property=\"og:title\" content=\"Inyectores para Toxina Botul\u00ednica - Henry Schein Aesthetics\" \/>\n<meta property=\"og:description\" content=\"Descubre inyectores dise\u00f1ados para la administraci\u00f3n precisa de toxina botul\u00ednica. Mejora la seguridad y eficacia de tus procedimientos.\" \/>\n<meta property=\"og:url\" content=\"https:\/\/henryschein-aesthetics.com\/es\/producto\/inyectores-para-toxina-botulinica\/\" \/>\n<meta property=\"og:site_name\" content=\"Henry Schein Aesthetics\" \/>\n<meta property=\"article:modified_time\" content=\"2025-05-20T15:27:24+00:00\" \/>\n<meta property=\"og:image\" content=\"https:\/\/henryschein-aesthetics.com\/wp-content\/uploads\/2025\/03\/Inyectores-para-toxina-botulinica.jpg\" \/>\n\t<meta property=\"og:image:width\" content=\"800\" \/>\n\t<meta property=\"og:image:height\" content=\"800\" \/>\n\t<meta property=\"og:image:type\" content=\"image\/jpeg\" \/>\n<meta name=\"twitter:card\" content=\"summary_large_image\" \/>\n<meta name=\"twitter:label1\" content=\"Tiempo de lectura\" \/>\n\t<meta name=\"twitter:data1\" content=\"1 minuto\" \/>\n<script type=\"application\/ld+json\" class=\"yoast-schema-graph\">{\"@context\":\"https:\/\/schema.org\",\"@graph\":[{\"@type\":\"WebPage\",\"@id\":\"https:\/\/henryschein-aesthetics.com\/es\/producto\/inyectores-para-toxina-botulinica\/\",\"url\":\"https:\/\/henryschein-aesthetics.com\/es\/producto\/inyectores-para-toxina-botulinica\/\",\"name\":\"Inyectores para Toxina Botul\u00ednica - Henry Schein Aesthetics\",\"isPartOf\":{\"@id\":\"https:\/\/henryschein-aesthetics.com\/#website\"},\"primaryImageOfPage\":{\"@id\":\"https:\/\/henryschein-aesthetics.com\/es\/producto\/inyectores-para-toxina-botulinica\/#primaryimage\"},\"image\":{\"@id\":\"https:\/\/henryschein-aesthetics.com\/es\/producto\/inyectores-para-toxina-botulinica\/#primaryimage\"},\"thumbnailUrl\":\"https:\/\/henryschein-aesthetics.com\/wp-content\/uploads\/2025\/03\/Inyectores-para-toxina-botulinica.jpg\",\"datePublished\":\"2025-03-25T12:27:41+00:00\",\"dateModified\":\"2025-05-20T15:27:24+00:00\",\"description\":\"Descubre inyectores dise\u00f1ados para la administraci\u00f3n precisa de toxina botul\u00ednica. Mejora la seguridad y eficacia de tus procedimientos.\",\"breadcrumb\":{\"@id\":\"https:\/\/henryschein-aesthetics.com\/es\/producto\/inyectores-para-toxina-botulinica\/#breadcrumb\"},\"inLanguage\":\"es\",\"potentialAction\":[{\"@type\":\"ReadAction\",\"target\":[\"https:\/\/henryschein-aesthetics.com\/es\/producto\/inyectores-para-toxina-botulinica\/\"]}]},{\"@type\":\"ImageObject\",\"inLanguage\":\"es\",\"@id\":\"https:\/\/henryschein-aesthetics.com\/es\/producto\/inyectores-para-toxina-botulinica\/#primaryimage\",\"url\":\"https:\/\/henryschein-aesthetics.com\/wp-content\/uploads\/2025\/03\/Inyectores-para-toxina-botulinica.jpg\",\"contentUrl\":\"https:\/\/henryschein-aesthetics.com\/wp-content\/uploads\/2025\/03\/Inyectores-para-toxina-botulinica.jpg\",\"width\":800,\"height\":800,\"caption\":\"Inyectores para toxina botul\u00ednica\"},{\"@type\":\"BreadcrumbList\",\"@id\":\"https:\/\/henryschein-aesthetics.com\/es\/producto\/inyectores-para-toxina-botulinica\/#breadcrumb\",\"itemListElement\":[{\"@type\":\"ListItem\",\"position\":1,\"name\":\"Home\",\"item\":\"https:\/\/henryschein-aesthetics.com\/es\/\"},{\"@type\":\"ListItem\",\"position\":2,\"name\":\"Tienda\",\"item\":\"https:\/\/henryschein-aesthetics.com\/es\/tienda\/\"},{\"@type\":\"ListItem\",\"position\":3,\"name\":\"Toxina botul\u00ednica\",\"item\":\"https:\/\/henryschein-aesthetics.com\/es\/categoria-producto\/toxina-botulinica\/\"},{\"@type\":\"ListItem\",\"position\":4,\"name\":\"Inyectores para Toxina Botul\u00ednica\"}]},{\"@type\":\"WebSite\",\"@id\":\"https:\/\/henryschein-aesthetics.com\/#website\",\"url\":\"https:\/\/henryschein-aesthetics.com\/\",\"name\":\"Henry Schein - Aesthetics\",\"description\":\"\",\"publisher\":{\"@id\":\"https:\/\/henryschein-aesthetics.com\/#organization\"},\"potentialAction\":[{\"@type\":\"SearchAction\",\"target\":{\"@type\":\"EntryPoint\",\"urlTemplate\":\"https:\/\/henryschein-aesthetics.com\/?s={search_term_string}\"},\"query-input\":{\"@type\":\"PropertyValueSpecification\",\"valueRequired\":true,\"valueName\":\"search_term_string\"}}],\"inLanguage\":\"es\"},{\"@type\":\"Organization\",\"@id\":\"https:\/\/henryschein-aesthetics.com\/#organization\",\"name\":\"Henry Schein - Aesthetics\",\"url\":\"https:\/\/henryschein-aesthetics.com\/\",\"logo\":{\"@type\":\"ImageObject\",\"inLanguage\":\"es\",\"@id\":\"https:\/\/henryschein-aesthetics.com\/#\/schema\/logo\/image\/\",\"url\":\"https:\/\/henryschein-aesthetics.com\/wp-content\/uploads\/2025\/06\/26.09-HENRY-SCHEIN-AESTHETICS-LOGO.svg\",\"contentUrl\":\"https:\/\/henryschein-aesthetics.com\/wp-content\/uploads\/2025\/06\/26.09-HENRY-SCHEIN-AESTHETICS-LOGO.svg\",\"caption\":\"Henry Schein - Aesthetics\"},\"image\":{\"@id\":\"https:\/\/henryschein-aesthetics.com\/#\/schema\/logo\/image\/\"}}]}<\/script>\n<!-- \/ Yoast SEO plugin. -->","yoast_head_json":{"title":"Inyectores para Toxina Botul\u00ednica - Henry Schein Aesthetics","description":"Descubre inyectores dise\u00f1ados para la administraci\u00f3n precisa de toxina botul\u00ednica. Mejora la seguridad y eficacia de tus procedimientos.","robots":{"index":"index","follow":"follow","max-snippet":"max-snippet:-1","max-image-preview":"max-image-preview:large","max-video-preview":"max-video-preview:-1"},"canonical":"https:\/\/henryschein-aesthetics.com\/es\/producto\/inyectores-para-toxina-botulinica\/","og_locale":"es_ES","og_type":"article","og_title":"Inyectores para Toxina Botul\u00ednica - Henry Schein Aesthetics","og_description":"Descubre inyectores dise\u00f1ados para la administraci\u00f3n precisa de toxina botul\u00ednica. Mejora la seguridad y eficacia de tus procedimientos.","og_url":"https:\/\/henryschein-aesthetics.com\/es\/producto\/inyectores-para-toxina-botulinica\/","og_site_name":"Henry Schein Aesthetics","article_modified_time":"2025-05-20T15:27:24+00:00","og_image":[{"width":800,"height":800,"url":"https:\/\/henryschein-aesthetics.com\/wp-content\/uploads\/2025\/03\/Inyectores-para-toxina-botulinica.jpg","type":"image\/jpeg"}],"twitter_card":"summary_large_image","twitter_misc":{"Tiempo de lectura":"1 minuto"},"schema":{"@context":"https:\/\/schema.org","@graph":[{"@type":"WebPage","@id":"https:\/\/henryschein-aesthetics.com\/es\/producto\/inyectores-para-toxina-botulinica\/","url":"https:\/\/henryschein-aesthetics.com\/es\/producto\/inyectores-para-toxina-botulinica\/","name":"Inyectores para Toxina Botul\u00ednica - Henry Schein Aesthetics","isPartOf":{"@id":"https:\/\/henryschein-aesthetics.com\/#website"},"primaryImageOfPage":{"@id":"https:\/\/henryschein-aesthetics.com\/es\/producto\/inyectores-para-toxina-botulinica\/#primaryimage"},"image":{"@id":"https:\/\/henryschein-aesthetics.com\/es\/producto\/inyectores-para-toxina-botulinica\/#primaryimage"},"thumbnailUrl":"https:\/\/henryschein-aesthetics.com\/wp-content\/uploads\/2025\/03\/Inyectores-para-toxina-botulinica.jpg","datePublished":"2025-03-25T12:27:41+00:00","dateModified":"2025-05-20T15:27:24+00:00","description":"Descubre inyectores dise\u00f1ados para la administraci\u00f3n precisa de toxina botul\u00ednica. Mejora la seguridad y eficacia de tus procedimientos.","breadcrumb":{"@id":"https:\/\/henryschein-aesthetics.com\/es\/producto\/inyectores-para-toxina-botulinica\/#breadcrumb"},"inLanguage":"es","potentialAction":[{"@type":"ReadAction","target":["https:\/\/henryschein-aesthetics.com\/es\/producto\/inyectores-para-toxina-botulinica\/"]}]},{"@type":"ImageObject","inLanguage":"es","@id":"https:\/\/henryschein-aesthetics.com\/es\/producto\/inyectores-para-toxina-botulinica\/#primaryimage","url":"https:\/\/henryschein-aesthetics.com\/wp-content\/uploads\/2025\/03\/Inyectores-para-toxina-botulinica.jpg","contentUrl":"https:\/\/henryschein-aesthetics.com\/wp-content\/uploads\/2025\/03\/Inyectores-para-toxina-botulinica.jpg","width":800,"height":800,"caption":"Inyectores para toxina botul\u00ednica"},{"@type":"BreadcrumbList","@id":"https:\/\/henryschein-aesthetics.com\/es\/producto\/inyectores-para-toxina-botulinica\/#breadcrumb","itemListElement":[{"@type":"ListItem","position":1,"name":"Home","item":"https:\/\/henryschein-aesthetics.com\/es\/"},{"@type":"ListItem","position":2,"name":"Tienda","item":"https:\/\/henryschein-aesthetics.com\/es\/tienda\/"},{"@type":"ListItem","position":3,"name":"Toxina botul\u00ednica","item":"https:\/\/henryschein-aesthetics.com\/es\/categoria-producto\/toxina-botulinica\/"},{"@type":"ListItem","position":4,"name":"Inyectores para Toxina Botul\u00ednica"}]},{"@type":"WebSite","@id":"https:\/\/henryschein-aesthetics.com\/#website","url":"https:\/\/henryschein-aesthetics.com\/","name":"Henry Schein - Aesthetics","description":"","publisher":{"@id":"https:\/\/henryschein-aesthetics.com\/#organization"},"potentialAction":[{"@type":"SearchAction","target":{"@type":"EntryPoint","urlTemplate":"https:\/\/henryschein-aesthetics.com\/?s={search_term_string}"},"query-input":{"@type":"PropertyValueSpecification","valueRequired":true,"valueName":"search_term_string"}}],"inLanguage":"es"},{"@type":"Organization","@id":"https:\/\/henryschein-aesthetics.com\/#organization","name":"Henry Schein - Aesthetics","url":"https:\/\/henryschein-aesthetics.com\/","logo":{"@type":"ImageObject","inLanguage":"es","@id":"https:\/\/henryschein-aesthetics.com\/#\/schema\/logo\/image\/","url":"https:\/\/henryschein-aesthetics.com\/wp-content\/uploads\/2025\/06\/26.09-HENRY-SCHEIN-AESTHETICS-LOGO.svg","contentUrl":"https:\/\/henryschein-aesthetics.com\/wp-content\/uploads\/2025\/06\/26.09-HENRY-SCHEIN-AESTHETICS-LOGO.svg","caption":"Henry Schein - Aesthetics"},"image":{"@id":"https:\/\/henryschein-aesthetics.com\/#\/schema\/logo\/image\/"}}]}},"df_price":"","df_sale_price":"","df_regular_price":"","df_image_link":"https:\/\/henryschein-aesthetics.com\/wp-content\/uploads\/2025\/03\/Inyectores-para-toxina-botulinica-300x300.jpg","_links":{"self":[{"href":"https:\/\/henryschein-aesthetics.com\/es\/wp-json\/wp\/v2\/product\/1426","targetHints":{"allow":["GET"]}}],"collection":[{"href":"https:\/\/henryschein-aesthetics.com\/es\/wp-json\/wp\/v2\/product"}],"about":[{"href":"https:\/\/henryschein-aesthetics.com\/es\/wp-json\/wp\/v2\/types\/product"}],"replies":[{"embeddable":true,"href":"https:\/\/henryschein-aesthetics.com\/es\/wp-json\/wp\/v2\/comments?post=1426"}],"version-history":[{"count":0,"href":"https:\/\/henryschein-aesthetics.com\/es\/wp-json\/wp\/v2\/product\/1426\/revisions"}],"wp:featuredmedia":[{"embeddable":true,"href":"https:\/\/henryschein-aesthetics.com\/es\/wp-json\/wp\/v2\/media\/784"}],"wp:attachment":[{"href":"https:\/\/henryschein-aesthetics.com\/es\/wp-json\/wp\/v2\/media?parent=1426"}],"wp:term":[{"taxonomy":"product_brand","embeddable":true,"href":"https:\/\/henryschein-aesthetics.com\/es\/wp-json\/wp\/v2\/product_brand?post=1426"},{"taxonomy":"product_cat","embeddable":true,"href":"https:\/\/henryschein-aesthetics.com\/es\/wp-json\/wp\/v2\/product_cat?post=1426"},{"taxonomy":"product_tag","embeddable":true,"href":"https:\/\/henryschein-aesthetics.com\/es\/wp-json\/wp\/v2\/product_tag?post=1426"}],"curies":[{"name":"wp","href":"https:\/\/api.w.org\/{rel}","templated":true}]}}