{"id":1432,"date":"2025-03-25T13:32:43","date_gmt":"2025-03-25T12:32:43","guid":{"rendered":"https:\/\/henryschein-aesthetics.com\/product\/sabanas-desechables-para-clinicas-esteticas\/"},"modified":"2025-05-20T17:25:46","modified_gmt":"2025-05-20T15:25:46","slug":"sabanas-desechables-para-clinicas-esteticas","status":"publish","type":"product","link":"https:\/\/henryschein-aesthetics.com\/es\/producto\/sabanas-desechables-para-clinicas-esteticas\/","title":{"rendered":"S\u00e1banas Desechables para Cl\u00ednicas Est\u00e9ticas"},"content":{"rendered":"<p>Fabricadas con materiales suaves y resistentes, las s\u00e1banas desechables aseguran la m\u00e1xima comodidad para los pacientes y protegen la camilla de posibles contaminantes. Su dise\u00f1o pr\u00e1ctico permite un manejo r\u00e1pido y sencillo, ideal para cl\u00ednicas con alta rotaci\u00f3n de pacientes. Estas s\u00e1banas est\u00e1n disponibles en diferentes tama\u00f1os y materiales para adaptarse a las necesidades espec\u00edficas de cada tratamiento.<\/p>\n","protected":false},"excerpt":{"rendered":"<p>Protecci\u00f3n y confort en cada sesi\u00f3n. Disponibles en varios tama\u00f1os.<\/p>\n","protected":false},"featured_media":795,"comment_status":"open","ping_status":"closed","template":"","meta":{"content-type":"","inline_featured_image":false},"product_brand":[],"product_cat":[83,93,92,91,90],"product_tag":[94],"class_list":{"0":"post-1432","1":"product","2":"type-product","3":"status-publish","4":"has-post-thumbnail","6":"product_cat-implantologia-capilar","7":"product_cat-mesoterapia-corporal","8":"product_cat-mesoterapia-facial","9":"product_cat-relleno-dermico","10":"product_cat-toxina-botulinica","11":"product_tag-consumibles","13":"first","14":"instock","15":"shipping-taxable","16":"product-type-simple"},"yoast_head":"<!-- This site is optimized with the Yoast SEO plugin v26.9 - https:\/\/yoast.com\/product\/yoast-seo-wordpress\/ -->\n<title>\u25b7 Sabanas desechables para camillas de cl\u00ednicas de est\u00e9tica - Henry Schein Aesthetics<\/title>\n<meta name=\"description\" content=\"S\u00e1banas desechables suaves y resistentes para proteger camillas y superficies en entornos cl\u00ednicos, asegurando la m\u00e1xima higiene y confort.\" \/>\n<meta name=\"robots\" content=\"index, follow, max-snippet:-1, max-image-preview:large, max-video-preview:-1\" \/>\n<link rel=\"canonical\" href=\"https:\/\/henryschein-aesthetics.com\/es\/producto\/sabanas-desechables-para-clinicas-esteticas\/\" \/>\n<meta property=\"og:locale\" content=\"es_ES\" \/>\n<meta property=\"og:type\" content=\"article\" \/>\n<meta property=\"og:title\" content=\"\u25b7 Sabanas desechables para camillas de cl\u00ednicas de est\u00e9tica - Henry Schein Aesthetics\" \/>\n<meta property=\"og:description\" content=\"S\u00e1banas desechables suaves y resistentes para proteger camillas y superficies en entornos cl\u00ednicos, asegurando la m\u00e1xima higiene y confort.\" \/>\n<meta property=\"og:url\" content=\"https:\/\/henryschein-aesthetics.com\/es\/producto\/sabanas-desechables-para-clinicas-esteticas\/\" \/>\n<meta property=\"og:site_name\" content=\"Henry Schein Aesthetics\" \/>\n<meta property=\"article:modified_time\" content=\"2025-05-20T15:25:46+00:00\" \/>\n<meta property=\"og:image\" content=\"https:\/\/henryschein-aesthetics.com\/wp-content\/uploads\/2025\/03\/Sabanas-Desechables-para-Clinicas-Esteticas.jpg\" \/>\n\t<meta property=\"og:image:width\" content=\"800\" \/>\n\t<meta property=\"og:image:height\" content=\"800\" \/>\n\t<meta property=\"og:image:type\" content=\"image\/jpeg\" \/>\n<meta name=\"twitter:card\" content=\"summary_large_image\" \/>\n<meta name=\"twitter:label1\" content=\"Tiempo de lectura\" \/>\n\t<meta name=\"twitter:data1\" content=\"1 minuto\" \/>\n<script type=\"application\/ld+json\" class=\"yoast-schema-graph\">{\"@context\":\"https:\/\/schema.org\",\"@graph\":[{\"@type\":\"WebPage\",\"@id\":\"https:\/\/henryschein-aesthetics.com\/es\/producto\/sabanas-desechables-para-clinicas-esteticas\/\",\"url\":\"https:\/\/henryschein-aesthetics.com\/es\/producto\/sabanas-desechables-para-clinicas-esteticas\/\",\"name\":\"\u25b7 Sabanas desechables para camillas de cl\u00ednicas de est\u00e9tica - Henry Schein Aesthetics\",\"isPartOf\":{\"@id\":\"https:\/\/henryschein-aesthetics.com\/#website\"},\"primaryImageOfPage\":{\"@id\":\"https:\/\/henryschein-aesthetics.com\/es\/producto\/sabanas-desechables-para-clinicas-esteticas\/#primaryimage\"},\"image\":{\"@id\":\"https:\/\/henryschein-aesthetics.com\/es\/producto\/sabanas-desechables-para-clinicas-esteticas\/#primaryimage\"},\"thumbnailUrl\":\"https:\/\/henryschein-aesthetics.com\/wp-content\/uploads\/2025\/03\/Sabanas-Desechables-para-Clinicas-Esteticas.jpg\",\"datePublished\":\"2025-03-25T12:32:43+00:00\",\"dateModified\":\"2025-05-20T15:25:46+00:00\",\"description\":\"S\u00e1banas desechables suaves y resistentes para proteger camillas y superficies en entornos cl\u00ednicos, asegurando la m\u00e1xima higiene y confort.\",\"breadcrumb\":{\"@id\":\"https:\/\/henryschein-aesthetics.com\/es\/producto\/sabanas-desechables-para-clinicas-esteticas\/#breadcrumb\"},\"inLanguage\":\"es\",\"potentialAction\":[{\"@type\":\"ReadAction\",\"target\":[\"https:\/\/henryschein-aesthetics.com\/es\/producto\/sabanas-desechables-para-clinicas-esteticas\/\"]}]},{\"@type\":\"ImageObject\",\"inLanguage\":\"es\",\"@id\":\"https:\/\/henryschein-aesthetics.com\/es\/producto\/sabanas-desechables-para-clinicas-esteticas\/#primaryimage\",\"url\":\"https:\/\/henryschein-aesthetics.com\/wp-content\/uploads\/2025\/03\/Sabanas-Desechables-para-Clinicas-Esteticas.jpg\",\"contentUrl\":\"https:\/\/henryschein-aesthetics.com\/wp-content\/uploads\/2025\/03\/Sabanas-Desechables-para-Clinicas-Esteticas.jpg\",\"width\":800,\"height\":800,\"caption\":\"Sabanas desechables para cl\u00ednicas est\u00e9ticas\"},{\"@type\":\"BreadcrumbList\",\"@id\":\"https:\/\/henryschein-aesthetics.com\/es\/producto\/sabanas-desechables-para-clinicas-esteticas\/#breadcrumb\",\"itemListElement\":[{\"@type\":\"ListItem\",\"position\":1,\"name\":\"Home\",\"item\":\"https:\/\/henryschein-aesthetics.com\/es\/\"},{\"@type\":\"ListItem\",\"position\":2,\"name\":\"Tienda\",\"item\":\"https:\/\/henryschein-aesthetics.com\/es\/tienda\/\"},{\"@type\":\"ListItem\",\"position\":3,\"name\":\"Toxina botul\u00ednica\",\"item\":\"https:\/\/henryschein-aesthetics.com\/es\/categoria-producto\/toxina-botulinica\/\"},{\"@type\":\"ListItem\",\"position\":4,\"name\":\"S\u00e1banas Desechables para Cl\u00ednicas Est\u00e9ticas\"}]},{\"@type\":\"WebSite\",\"@id\":\"https:\/\/henryschein-aesthetics.com\/#website\",\"url\":\"https:\/\/henryschein-aesthetics.com\/\",\"name\":\"Henry Schein - Aesthetics\",\"description\":\"\",\"publisher\":{\"@id\":\"https:\/\/henryschein-aesthetics.com\/#organization\"},\"potentialAction\":[{\"@type\":\"SearchAction\",\"target\":{\"@type\":\"EntryPoint\",\"urlTemplate\":\"https:\/\/henryschein-aesthetics.com\/?s={search_term_string}\"},\"query-input\":{\"@type\":\"PropertyValueSpecification\",\"valueRequired\":true,\"valueName\":\"search_term_string\"}}],\"inLanguage\":\"es\"},{\"@type\":\"Organization\",\"@id\":\"https:\/\/henryschein-aesthetics.com\/#organization\",\"name\":\"Henry Schein - Aesthetics\",\"url\":\"https:\/\/henryschein-aesthetics.com\/\",\"logo\":{\"@type\":\"ImageObject\",\"inLanguage\":\"es\",\"@id\":\"https:\/\/henryschein-aesthetics.com\/#\/schema\/logo\/image\/\",\"url\":\"https:\/\/henryschein-aesthetics.com\/wp-content\/uploads\/2025\/06\/26.09-HENRY-SCHEIN-AESTHETICS-LOGO.svg\",\"contentUrl\":\"https:\/\/henryschein-aesthetics.com\/wp-content\/uploads\/2025\/06\/26.09-HENRY-SCHEIN-AESTHETICS-LOGO.svg\",\"caption\":\"Henry Schein - Aesthetics\"},\"image\":{\"@id\":\"https:\/\/henryschein-aesthetics.com\/#\/schema\/logo\/image\/\"}}]}<\/script>\n<!-- \/ Yoast SEO plugin. -->","yoast_head_json":{"title":"\u25b7 Sabanas desechables para camillas de cl\u00ednicas de est\u00e9tica - Henry Schein Aesthetics","description":"S\u00e1banas desechables suaves y resistentes para proteger camillas y superficies en entornos cl\u00ednicos, asegurando la m\u00e1xima higiene y confort.","robots":{"index":"index","follow":"follow","max-snippet":"max-snippet:-1","max-image-preview":"max-image-preview:large","max-video-preview":"max-video-preview:-1"},"canonical":"https:\/\/henryschein-aesthetics.com\/es\/producto\/sabanas-desechables-para-clinicas-esteticas\/","og_locale":"es_ES","og_type":"article","og_title":"\u25b7 Sabanas desechables para camillas de cl\u00ednicas de est\u00e9tica - Henry Schein Aesthetics","og_description":"S\u00e1banas desechables suaves y resistentes para proteger camillas y superficies en entornos cl\u00ednicos, asegurando la m\u00e1xima higiene y confort.","og_url":"https:\/\/henryschein-aesthetics.com\/es\/producto\/sabanas-desechables-para-clinicas-esteticas\/","og_site_name":"Henry Schein Aesthetics","article_modified_time":"2025-05-20T15:25:46+00:00","og_image":[{"width":800,"height":800,"url":"https:\/\/henryschein-aesthetics.com\/wp-content\/uploads\/2025\/03\/Sabanas-Desechables-para-Clinicas-Esteticas.jpg","type":"image\/jpeg"}],"twitter_card":"summary_large_image","twitter_misc":{"Tiempo de lectura":"1 minuto"},"schema":{"@context":"https:\/\/schema.org","@graph":[{"@type":"WebPage","@id":"https:\/\/henryschein-aesthetics.com\/es\/producto\/sabanas-desechables-para-clinicas-esteticas\/","url":"https:\/\/henryschein-aesthetics.com\/es\/producto\/sabanas-desechables-para-clinicas-esteticas\/","name":"\u25b7 Sabanas desechables para camillas de cl\u00ednicas de est\u00e9tica - Henry Schein Aesthetics","isPartOf":{"@id":"https:\/\/henryschein-aesthetics.com\/#website"},"primaryImageOfPage":{"@id":"https:\/\/henryschein-aesthetics.com\/es\/producto\/sabanas-desechables-para-clinicas-esteticas\/#primaryimage"},"image":{"@id":"https:\/\/henryschein-aesthetics.com\/es\/producto\/sabanas-desechables-para-clinicas-esteticas\/#primaryimage"},"thumbnailUrl":"https:\/\/henryschein-aesthetics.com\/wp-content\/uploads\/2025\/03\/Sabanas-Desechables-para-Clinicas-Esteticas.jpg","datePublished":"2025-03-25T12:32:43+00:00","dateModified":"2025-05-20T15:25:46+00:00","description":"S\u00e1banas desechables suaves y resistentes para proteger camillas y superficies en entornos cl\u00ednicos, asegurando la m\u00e1xima higiene y confort.","breadcrumb":{"@id":"https:\/\/henryschein-aesthetics.com\/es\/producto\/sabanas-desechables-para-clinicas-esteticas\/#breadcrumb"},"inLanguage":"es","potentialAction":[{"@type":"ReadAction","target":["https:\/\/henryschein-aesthetics.com\/es\/producto\/sabanas-desechables-para-clinicas-esteticas\/"]}]},{"@type":"ImageObject","inLanguage":"es","@id":"https:\/\/henryschein-aesthetics.com\/es\/producto\/sabanas-desechables-para-clinicas-esteticas\/#primaryimage","url":"https:\/\/henryschein-aesthetics.com\/wp-content\/uploads\/2025\/03\/Sabanas-Desechables-para-Clinicas-Esteticas.jpg","contentUrl":"https:\/\/henryschein-aesthetics.com\/wp-content\/uploads\/2025\/03\/Sabanas-Desechables-para-Clinicas-Esteticas.jpg","width":800,"height":800,"caption":"Sabanas desechables para cl\u00ednicas est\u00e9ticas"},{"@type":"BreadcrumbList","@id":"https:\/\/henryschein-aesthetics.com\/es\/producto\/sabanas-desechables-para-clinicas-esteticas\/#breadcrumb","itemListElement":[{"@type":"ListItem","position":1,"name":"Home","item":"https:\/\/henryschein-aesthetics.com\/es\/"},{"@type":"ListItem","position":2,"name":"Tienda","item":"https:\/\/henryschein-aesthetics.com\/es\/tienda\/"},{"@type":"ListItem","position":3,"name":"Toxina botul\u00ednica","item":"https:\/\/henryschein-aesthetics.com\/es\/categoria-producto\/toxina-botulinica\/"},{"@type":"ListItem","position":4,"name":"S\u00e1banas Desechables para Cl\u00ednicas Est\u00e9ticas"}]},{"@type":"WebSite","@id":"https:\/\/henryschein-aesthetics.com\/#website","url":"https:\/\/henryschein-aesthetics.com\/","name":"Henry Schein - Aesthetics","description":"","publisher":{"@id":"https:\/\/henryschein-aesthetics.com\/#organization"},"potentialAction":[{"@type":"SearchAction","target":{"@type":"EntryPoint","urlTemplate":"https:\/\/henryschein-aesthetics.com\/?s={search_term_string}"},"query-input":{"@type":"PropertyValueSpecification","valueRequired":true,"valueName":"search_term_string"}}],"inLanguage":"es"},{"@type":"Organization","@id":"https:\/\/henryschein-aesthetics.com\/#organization","name":"Henry Schein - Aesthetics","url":"https:\/\/henryschein-aesthetics.com\/","logo":{"@type":"ImageObject","inLanguage":"es","@id":"https:\/\/henryschein-aesthetics.com\/#\/schema\/logo\/image\/","url":"https:\/\/henryschein-aesthetics.com\/wp-content\/uploads\/2025\/06\/26.09-HENRY-SCHEIN-AESTHETICS-LOGO.svg","contentUrl":"https:\/\/henryschein-aesthetics.com\/wp-content\/uploads\/2025\/06\/26.09-HENRY-SCHEIN-AESTHETICS-LOGO.svg","caption":"Henry Schein - Aesthetics"},"image":{"@id":"https:\/\/henryschein-aesthetics.com\/#\/schema\/logo\/image\/"}}]}},"df_price":"","df_sale_price":"","df_regular_price":"","df_image_link":"https:\/\/henryschein-aesthetics.com\/wp-content\/uploads\/2025\/03\/Sabanas-Desechables-para-Clinicas-Esteticas-300x300.jpg","_links":{"self":[{"href":"https:\/\/henryschein-aesthetics.com\/es\/wp-json\/wp\/v2\/product\/1432","targetHints":{"allow":["GET"]}}],"collection":[{"href":"https:\/\/henryschein-aesthetics.com\/es\/wp-json\/wp\/v2\/product"}],"about":[{"href":"https:\/\/henryschein-aesthetics.com\/es\/wp-json\/wp\/v2\/types\/product"}],"replies":[{"embeddable":true,"href":"https:\/\/henryschein-aesthetics.com\/es\/wp-json\/wp\/v2\/comments?post=1432"}],"version-history":[{"count":0,"href":"https:\/\/henryschein-aesthetics.com\/es\/wp-json\/wp\/v2\/product\/1432\/revisions"}],"wp:featuredmedia":[{"embeddable":true,"href":"https:\/\/henryschein-aesthetics.com\/es\/wp-json\/wp\/v2\/media\/795"}],"wp:attachment":[{"href":"https:\/\/henryschein-aesthetics.com\/es\/wp-json\/wp\/v2\/media?parent=1432"}],"wp:term":[{"taxonomy":"product_brand","embeddable":true,"href":"https:\/\/henryschein-aesthetics.com\/es\/wp-json\/wp\/v2\/product_brand?post=1432"},{"taxonomy":"product_cat","embeddable":true,"href":"https:\/\/henryschein-aesthetics.com\/es\/wp-json\/wp\/v2\/product_cat?post=1432"},{"taxonomy":"product_tag","embeddable":true,"href":"https:\/\/henryschein-aesthetics.com\/es\/wp-json\/wp\/v2\/product_tag?post=1432"}],"curies":[{"name":"wp","href":"https:\/\/api.w.org\/{rel}","templated":true}]}}