{"id":1436,"date":"2025-03-25T13:35:15","date_gmt":"2025-03-25T12:35:15","guid":{"rendered":"https:\/\/henryschein-aesthetics.com\/product\/desinfectante-de-superficies-para-clinicas-esteticas\/"},"modified":"2025-05-20T17:25:17","modified_gmt":"2025-05-20T15:25:17","slug":"desinfectante-de-superficies-para-clinicas-esteticas","status":"publish","type":"product","link":"https:\/\/henryschein-aesthetics.com\/es\/producto\/desinfectante-de-superficies-para-clinicas-esteticas\/","title":{"rendered":"Desinfectante de Superficies para Cl\u00ednicas Est\u00e9ticas"},"content":{"rendered":"<p>El desinfectante de superficies es una herramienta esencial para mantener la higiene en cl\u00ednicas est\u00e9ticas. Formulado con componentes activos de alta eficacia, elimina microorganismos en segundos, garantizando un entorno seguro para pacientes y profesionales. Su f\u00f3rmula es apta para todo tipo de superficies, incluyendo camillas, mobiliario y equipos m\u00e9dicos. Adem\u00e1s, su aplicaci\u00f3n es r\u00e1pida y no deja residuos, optimizando el tiempo entre sesiones.<\/p>\n","protected":false},"excerpt":{"rendered":"<p>Eliminaci\u00f3n r\u00e1pida de microorganismos. Seguro para todo tipo de superficies.<\/p>\n","protected":false},"featured_media":803,"comment_status":"open","ping_status":"closed","template":"","meta":{"content-type":"","inline_featured_image":false},"product_brand":[],"product_cat":[83,93,92,91,90],"product_tag":[94],"class_list":{"0":"post-1436","1":"product","2":"type-product","3":"status-publish","4":"has-post-thumbnail","6":"product_cat-implantologia-capilar","7":"product_cat-mesoterapia-corporal","8":"product_cat-mesoterapia-facial","9":"product_cat-relleno-dermico","10":"product_cat-toxina-botulinica","11":"product_tag-consumibles","13":"first","14":"instock","15":"shipping-taxable","16":"product-type-simple"},"yoast_head":"<!-- This site is optimized with the Yoast SEO plugin v26.9 - https:\/\/yoast.com\/product\/yoast-seo-wordpress\/ -->\n<title>\u25b7 Productos de limpieza y desinfecci\u00f3n para cl\u00ednicas de est\u00e9tica - Henry Schein Aesthetics<\/title>\n<meta name=\"description\" content=\"Productos de higiene y desinfecci\u00f3n de alta eficacia, garantizando un entorno limpio y seguro en todo momento, eliminando bacterias y virus.\" \/>\n<meta name=\"robots\" content=\"index, follow, max-snippet:-1, max-image-preview:large, max-video-preview:-1\" \/>\n<link rel=\"canonical\" href=\"https:\/\/henryschein-aesthetics.com\/es\/producto\/desinfectante-de-superficies-para-clinicas-esteticas\/\" \/>\n<meta property=\"og:locale\" content=\"es_ES\" \/>\n<meta property=\"og:type\" content=\"article\" \/>\n<meta property=\"og:title\" content=\"\u25b7 Productos de limpieza y desinfecci\u00f3n para cl\u00ednicas de est\u00e9tica - Henry Schein Aesthetics\" \/>\n<meta property=\"og:description\" content=\"Productos de higiene y desinfecci\u00f3n de alta eficacia, garantizando un entorno limpio y seguro en todo momento, eliminando bacterias y virus.\" \/>\n<meta property=\"og:url\" content=\"https:\/\/henryschein-aesthetics.com\/es\/producto\/desinfectante-de-superficies-para-clinicas-esteticas\/\" \/>\n<meta property=\"og:site_name\" content=\"Henry Schein Aesthetics\" \/>\n<meta property=\"article:modified_time\" content=\"2025-05-20T15:25:17+00:00\" \/>\n<meta property=\"og:image\" content=\"https:\/\/henryschein-aesthetics.com\/wp-content\/uploads\/2025\/03\/Desinfectante-de-Superficies-para-Clinicas-Esteticas.jpg\" \/>\n\t<meta property=\"og:image:width\" content=\"800\" \/>\n\t<meta property=\"og:image:height\" content=\"800\" \/>\n\t<meta property=\"og:image:type\" content=\"image\/jpeg\" \/>\n<meta name=\"twitter:card\" content=\"summary_large_image\" \/>\n<meta name=\"twitter:label1\" content=\"Tiempo de lectura\" \/>\n\t<meta name=\"twitter:data1\" content=\"1 minuto\" \/>\n<script type=\"application\/ld+json\" class=\"yoast-schema-graph\">{\"@context\":\"https:\/\/schema.org\",\"@graph\":[{\"@type\":\"WebPage\",\"@id\":\"https:\/\/henryschein-aesthetics.com\/es\/producto\/desinfectante-de-superficies-para-clinicas-esteticas\/\",\"url\":\"https:\/\/henryschein-aesthetics.com\/es\/producto\/desinfectante-de-superficies-para-clinicas-esteticas\/\",\"name\":\"\u25b7 Productos de limpieza y desinfecci\u00f3n para cl\u00ednicas de est\u00e9tica - Henry Schein Aesthetics\",\"isPartOf\":{\"@id\":\"https:\/\/henryschein-aesthetics.com\/#website\"},\"primaryImageOfPage\":{\"@id\":\"https:\/\/henryschein-aesthetics.com\/es\/producto\/desinfectante-de-superficies-para-clinicas-esteticas\/#primaryimage\"},\"image\":{\"@id\":\"https:\/\/henryschein-aesthetics.com\/es\/producto\/desinfectante-de-superficies-para-clinicas-esteticas\/#primaryimage\"},\"thumbnailUrl\":\"https:\/\/henryschein-aesthetics.com\/wp-content\/uploads\/2025\/03\/Desinfectante-de-Superficies-para-Clinicas-Esteticas.jpg\",\"datePublished\":\"2025-03-25T12:35:15+00:00\",\"dateModified\":\"2025-05-20T15:25:17+00:00\",\"description\":\"Productos de higiene y desinfecci\u00f3n de alta eficacia, garantizando un entorno limpio y seguro en todo momento, eliminando bacterias y virus.\",\"breadcrumb\":{\"@id\":\"https:\/\/henryschein-aesthetics.com\/es\/producto\/desinfectante-de-superficies-para-clinicas-esteticas\/#breadcrumb\"},\"inLanguage\":\"es\",\"potentialAction\":[{\"@type\":\"ReadAction\",\"target\":[\"https:\/\/henryschein-aesthetics.com\/es\/producto\/desinfectante-de-superficies-para-clinicas-esteticas\/\"]}]},{\"@type\":\"ImageObject\",\"inLanguage\":\"es\",\"@id\":\"https:\/\/henryschein-aesthetics.com\/es\/producto\/desinfectante-de-superficies-para-clinicas-esteticas\/#primaryimage\",\"url\":\"https:\/\/henryschein-aesthetics.com\/wp-content\/uploads\/2025\/03\/Desinfectante-de-Superficies-para-Clinicas-Esteticas.jpg\",\"contentUrl\":\"https:\/\/henryschein-aesthetics.com\/wp-content\/uploads\/2025\/03\/Desinfectante-de-Superficies-para-Clinicas-Esteticas.jpg\",\"width\":800,\"height\":800,\"caption\":\"Desinfectante de superficies para cl\u00ednicas est\u00e9ticas\"},{\"@type\":\"BreadcrumbList\",\"@id\":\"https:\/\/henryschein-aesthetics.com\/es\/producto\/desinfectante-de-superficies-para-clinicas-esteticas\/#breadcrumb\",\"itemListElement\":[{\"@type\":\"ListItem\",\"position\":1,\"name\":\"Home\",\"item\":\"https:\/\/henryschein-aesthetics.com\/es\/\"},{\"@type\":\"ListItem\",\"position\":2,\"name\":\"Tienda\",\"item\":\"https:\/\/henryschein-aesthetics.com\/es\/tienda\/\"},{\"@type\":\"ListItem\",\"position\":3,\"name\":\"Toxina botul\u00ednica\",\"item\":\"https:\/\/henryschein-aesthetics.com\/es\/categoria-producto\/toxina-botulinica\/\"},{\"@type\":\"ListItem\",\"position\":4,\"name\":\"Desinfectante de Superficies para Cl\u00ednicas Est\u00e9ticas\"}]},{\"@type\":\"WebSite\",\"@id\":\"https:\/\/henryschein-aesthetics.com\/#website\",\"url\":\"https:\/\/henryschein-aesthetics.com\/\",\"name\":\"Henry Schein - Aesthetics\",\"description\":\"\",\"publisher\":{\"@id\":\"https:\/\/henryschein-aesthetics.com\/#organization\"},\"potentialAction\":[{\"@type\":\"SearchAction\",\"target\":{\"@type\":\"EntryPoint\",\"urlTemplate\":\"https:\/\/henryschein-aesthetics.com\/?s={search_term_string}\"},\"query-input\":{\"@type\":\"PropertyValueSpecification\",\"valueRequired\":true,\"valueName\":\"search_term_string\"}}],\"inLanguage\":\"es\"},{\"@type\":\"Organization\",\"@id\":\"https:\/\/henryschein-aesthetics.com\/#organization\",\"name\":\"Henry Schein - Aesthetics\",\"url\":\"https:\/\/henryschein-aesthetics.com\/\",\"logo\":{\"@type\":\"ImageObject\",\"inLanguage\":\"es\",\"@id\":\"https:\/\/henryschein-aesthetics.com\/#\/schema\/logo\/image\/\",\"url\":\"https:\/\/henryschein-aesthetics.com\/wp-content\/uploads\/2025\/06\/26.09-HENRY-SCHEIN-AESTHETICS-LOGO.svg\",\"contentUrl\":\"https:\/\/henryschein-aesthetics.com\/wp-content\/uploads\/2025\/06\/26.09-HENRY-SCHEIN-AESTHETICS-LOGO.svg\",\"caption\":\"Henry Schein - Aesthetics\"},\"image\":{\"@id\":\"https:\/\/henryschein-aesthetics.com\/#\/schema\/logo\/image\/\"}}]}<\/script>\n<!-- \/ Yoast SEO plugin. -->","yoast_head_json":{"title":"\u25b7 Productos de limpieza y desinfecci\u00f3n para cl\u00ednicas de est\u00e9tica - Henry Schein Aesthetics","description":"Productos de higiene y desinfecci\u00f3n de alta eficacia, garantizando un entorno limpio y seguro en todo momento, eliminando bacterias y virus.","robots":{"index":"index","follow":"follow","max-snippet":"max-snippet:-1","max-image-preview":"max-image-preview:large","max-video-preview":"max-video-preview:-1"},"canonical":"https:\/\/henryschein-aesthetics.com\/es\/producto\/desinfectante-de-superficies-para-clinicas-esteticas\/","og_locale":"es_ES","og_type":"article","og_title":"\u25b7 Productos de limpieza y desinfecci\u00f3n para cl\u00ednicas de est\u00e9tica - Henry Schein Aesthetics","og_description":"Productos de higiene y desinfecci\u00f3n de alta eficacia, garantizando un entorno limpio y seguro en todo momento, eliminando bacterias y virus.","og_url":"https:\/\/henryschein-aesthetics.com\/es\/producto\/desinfectante-de-superficies-para-clinicas-esteticas\/","og_site_name":"Henry Schein Aesthetics","article_modified_time":"2025-05-20T15:25:17+00:00","og_image":[{"width":800,"height":800,"url":"https:\/\/henryschein-aesthetics.com\/wp-content\/uploads\/2025\/03\/Desinfectante-de-Superficies-para-Clinicas-Esteticas.jpg","type":"image\/jpeg"}],"twitter_card":"summary_large_image","twitter_misc":{"Tiempo de lectura":"1 minuto"},"schema":{"@context":"https:\/\/schema.org","@graph":[{"@type":"WebPage","@id":"https:\/\/henryschein-aesthetics.com\/es\/producto\/desinfectante-de-superficies-para-clinicas-esteticas\/","url":"https:\/\/henryschein-aesthetics.com\/es\/producto\/desinfectante-de-superficies-para-clinicas-esteticas\/","name":"\u25b7 Productos de limpieza y desinfecci\u00f3n para cl\u00ednicas de est\u00e9tica - Henry Schein Aesthetics","isPartOf":{"@id":"https:\/\/henryschein-aesthetics.com\/#website"},"primaryImageOfPage":{"@id":"https:\/\/henryschein-aesthetics.com\/es\/producto\/desinfectante-de-superficies-para-clinicas-esteticas\/#primaryimage"},"image":{"@id":"https:\/\/henryschein-aesthetics.com\/es\/producto\/desinfectante-de-superficies-para-clinicas-esteticas\/#primaryimage"},"thumbnailUrl":"https:\/\/henryschein-aesthetics.com\/wp-content\/uploads\/2025\/03\/Desinfectante-de-Superficies-para-Clinicas-Esteticas.jpg","datePublished":"2025-03-25T12:35:15+00:00","dateModified":"2025-05-20T15:25:17+00:00","description":"Productos de higiene y desinfecci\u00f3n de alta eficacia, garantizando un entorno limpio y seguro en todo momento, eliminando bacterias y virus.","breadcrumb":{"@id":"https:\/\/henryschein-aesthetics.com\/es\/producto\/desinfectante-de-superficies-para-clinicas-esteticas\/#breadcrumb"},"inLanguage":"es","potentialAction":[{"@type":"ReadAction","target":["https:\/\/henryschein-aesthetics.com\/es\/producto\/desinfectante-de-superficies-para-clinicas-esteticas\/"]}]},{"@type":"ImageObject","inLanguage":"es","@id":"https:\/\/henryschein-aesthetics.com\/es\/producto\/desinfectante-de-superficies-para-clinicas-esteticas\/#primaryimage","url":"https:\/\/henryschein-aesthetics.com\/wp-content\/uploads\/2025\/03\/Desinfectante-de-Superficies-para-Clinicas-Esteticas.jpg","contentUrl":"https:\/\/henryschein-aesthetics.com\/wp-content\/uploads\/2025\/03\/Desinfectante-de-Superficies-para-Clinicas-Esteticas.jpg","width":800,"height":800,"caption":"Desinfectante de superficies para cl\u00ednicas est\u00e9ticas"},{"@type":"BreadcrumbList","@id":"https:\/\/henryschein-aesthetics.com\/es\/producto\/desinfectante-de-superficies-para-clinicas-esteticas\/#breadcrumb","itemListElement":[{"@type":"ListItem","position":1,"name":"Home","item":"https:\/\/henryschein-aesthetics.com\/es\/"},{"@type":"ListItem","position":2,"name":"Tienda","item":"https:\/\/henryschein-aesthetics.com\/es\/tienda\/"},{"@type":"ListItem","position":3,"name":"Toxina botul\u00ednica","item":"https:\/\/henryschein-aesthetics.com\/es\/categoria-producto\/toxina-botulinica\/"},{"@type":"ListItem","position":4,"name":"Desinfectante de Superficies para Cl\u00ednicas Est\u00e9ticas"}]},{"@type":"WebSite","@id":"https:\/\/henryschein-aesthetics.com\/#website","url":"https:\/\/henryschein-aesthetics.com\/","name":"Henry Schein - Aesthetics","description":"","publisher":{"@id":"https:\/\/henryschein-aesthetics.com\/#organization"},"potentialAction":[{"@type":"SearchAction","target":{"@type":"EntryPoint","urlTemplate":"https:\/\/henryschein-aesthetics.com\/?s={search_term_string}"},"query-input":{"@type":"PropertyValueSpecification","valueRequired":true,"valueName":"search_term_string"}}],"inLanguage":"es"},{"@type":"Organization","@id":"https:\/\/henryschein-aesthetics.com\/#organization","name":"Henry Schein - Aesthetics","url":"https:\/\/henryschein-aesthetics.com\/","logo":{"@type":"ImageObject","inLanguage":"es","@id":"https:\/\/henryschein-aesthetics.com\/#\/schema\/logo\/image\/","url":"https:\/\/henryschein-aesthetics.com\/wp-content\/uploads\/2025\/06\/26.09-HENRY-SCHEIN-AESTHETICS-LOGO.svg","contentUrl":"https:\/\/henryschein-aesthetics.com\/wp-content\/uploads\/2025\/06\/26.09-HENRY-SCHEIN-AESTHETICS-LOGO.svg","caption":"Henry Schein - Aesthetics"},"image":{"@id":"https:\/\/henryschein-aesthetics.com\/#\/schema\/logo\/image\/"}}]}},"df_price":"","df_sale_price":"","df_regular_price":"","df_image_link":"https:\/\/henryschein-aesthetics.com\/wp-content\/uploads\/2025\/03\/Desinfectante-de-Superficies-para-Clinicas-Esteticas-300x300.jpg","_links":{"self":[{"href":"https:\/\/henryschein-aesthetics.com\/es\/wp-json\/wp\/v2\/product\/1436","targetHints":{"allow":["GET"]}}],"collection":[{"href":"https:\/\/henryschein-aesthetics.com\/es\/wp-json\/wp\/v2\/product"}],"about":[{"href":"https:\/\/henryschein-aesthetics.com\/es\/wp-json\/wp\/v2\/types\/product"}],"replies":[{"embeddable":true,"href":"https:\/\/henryschein-aesthetics.com\/es\/wp-json\/wp\/v2\/comments?post=1436"}],"version-history":[{"count":0,"href":"https:\/\/henryschein-aesthetics.com\/es\/wp-json\/wp\/v2\/product\/1436\/revisions"}],"wp:featuredmedia":[{"embeddable":true,"href":"https:\/\/henryschein-aesthetics.com\/es\/wp-json\/wp\/v2\/media\/803"}],"wp:attachment":[{"href":"https:\/\/henryschein-aesthetics.com\/es\/wp-json\/wp\/v2\/media?parent=1436"}],"wp:term":[{"taxonomy":"product_brand","embeddable":true,"href":"https:\/\/henryschein-aesthetics.com\/es\/wp-json\/wp\/v2\/product_brand?post=1436"},{"taxonomy":"product_cat","embeddable":true,"href":"https:\/\/henryschein-aesthetics.com\/es\/wp-json\/wp\/v2\/product_cat?post=1436"},{"taxonomy":"product_tag","embeddable":true,"href":"https:\/\/henryschein-aesthetics.com\/es\/wp-json\/wp\/v2\/product_tag?post=1436"}],"curies":[{"name":"wp","href":"https:\/\/api.w.org\/{rel}","templated":true}]}}