{"id":1442,"date":"2025-03-25T13:41:52","date_gmt":"2025-03-25T12:41:52","guid":{"rendered":"https:\/\/henryschein-aesthetics.com\/product\/cremas-y-balsamos-anti-inflamatorios-post-tratamiento\/"},"modified":"2025-05-20T17:24:33","modified_gmt":"2025-05-20T15:24:33","slug":"cremas-y-balsamos-anti-inflamatorios-post-tratamiento","status":"publish","type":"product","link":"https:\/\/henryschein-aesthetics.com\/es\/producto\/cremas-y-balsamos-anti-inflamatorios-post-tratamiento\/","title":{"rendered":"Cremas y B\u00e1lsamos Anti-inflamatorios (Post Tratamiento)"},"content":{"rendered":"<p>Las cremas y b\u00e1lsamos anti-inflamatorios son esenciales para el cuidado post-tratamiento, dise\u00f1ados para calmar y reparar la piel tras procedimientos est\u00e9ticos. Formulados con ingredientes activos como oligoelementos, p\u00e9ptidos, amino\u00e1cidos y minerales, estos productos ayudan a reducir la inflamaci\u00f3n, acelerar la cicatrizaci\u00f3n y mejorar la hidrataci\u00f3n de la piel. Ideales para usar despu\u00e9s de tratamientos como mesoterapia, inyecciones de \u00e1cido hialur\u00f3nico y otros procedimientos invasivos, garantizan una recuperaci\u00f3n r\u00e1pida y efectiva.<\/p>\n","protected":false},"excerpt":{"rendered":"<p>Calma, repara y acelera la recuperaci\u00f3n post-tratamiento con ingredientes activos de alta eficacia.<\/p>\n","protected":false},"featured_media":1374,"comment_status":"open","ping_status":"closed","template":"","meta":{"content-type":"","inline_featured_image":false},"product_brand":[],"product_cat":[91],"product_tag":[94],"class_list":{"0":"post-1442","1":"product","2":"type-product","3":"status-publish","4":"has-post-thumbnail","6":"product_cat-relleno-dermico","7":"product_tag-consumibles","9":"first","10":"instock","11":"shipping-taxable","12":"product-type-simple"},"yoast_head":"<!-- This site is optimized with the Yoast SEO plugin v26.9 - https:\/\/yoast.com\/product\/yoast-seo-wordpress\/ -->\n<title>Cremas y B\u00e1lsamos Anti-inflamatorios (Post Tratamiento) - Henry Schein Aesthetics<\/title>\n<meta name=\"description\" content=\"Encuentra cremas y b\u00e1lsamos para reducir inflamaci\u00f3n y mejorar la recuperaci\u00f3n tras procedimientos est\u00e9ticos. Varias marcas disponibles.\" \/>\n<meta name=\"robots\" content=\"index, follow, max-snippet:-1, max-image-preview:large, max-video-preview:-1\" \/>\n<link rel=\"canonical\" href=\"https:\/\/henryschein-aesthetics.com\/es\/producto\/cremas-y-balsamos-anti-inflamatorios-post-tratamiento\/\" \/>\n<meta property=\"og:locale\" content=\"es_ES\" \/>\n<meta property=\"og:type\" content=\"article\" \/>\n<meta property=\"og:title\" content=\"Cremas y B\u00e1lsamos Anti-inflamatorios (Post Tratamiento) - Henry Schein Aesthetics\" \/>\n<meta property=\"og:description\" content=\"Encuentra cremas y b\u00e1lsamos para reducir inflamaci\u00f3n y mejorar la recuperaci\u00f3n tras procedimientos est\u00e9ticos. Varias marcas disponibles.\" \/>\n<meta property=\"og:url\" content=\"https:\/\/henryschein-aesthetics.com\/es\/producto\/cremas-y-balsamos-anti-inflamatorios-post-tratamiento\/\" \/>\n<meta property=\"og:site_name\" content=\"Henry Schein Aesthetics\" \/>\n<meta property=\"article:modified_time\" content=\"2025-05-20T15:24:33+00:00\" \/>\n<meta property=\"og:image\" content=\"https:\/\/henryschein-aesthetics.com\/wp-content\/uploads\/2025\/03\/cremas-y-balsamos-anti-inflamatorios.jpg\" \/>\n\t<meta property=\"og:image:width\" content=\"1024\" \/>\n\t<meta property=\"og:image:height\" content=\"1024\" \/>\n\t<meta property=\"og:image:type\" content=\"image\/jpeg\" \/>\n<meta name=\"twitter:card\" content=\"summary_large_image\" \/>\n<meta name=\"twitter:label1\" content=\"Tiempo de lectura\" \/>\n\t<meta name=\"twitter:data1\" content=\"1 minuto\" \/>\n<script type=\"application\/ld+json\" class=\"yoast-schema-graph\">{\"@context\":\"https:\/\/schema.org\",\"@graph\":[{\"@type\":\"WebPage\",\"@id\":\"https:\/\/henryschein-aesthetics.com\/es\/producto\/cremas-y-balsamos-anti-inflamatorios-post-tratamiento\/\",\"url\":\"https:\/\/henryschein-aesthetics.com\/es\/producto\/cremas-y-balsamos-anti-inflamatorios-post-tratamiento\/\",\"name\":\"Cremas y B\u00e1lsamos Anti-inflamatorios (Post Tratamiento) - Henry Schein Aesthetics\",\"isPartOf\":{\"@id\":\"https:\/\/henryschein-aesthetics.com\/#website\"},\"primaryImageOfPage\":{\"@id\":\"https:\/\/henryschein-aesthetics.com\/es\/producto\/cremas-y-balsamos-anti-inflamatorios-post-tratamiento\/#primaryimage\"},\"image\":{\"@id\":\"https:\/\/henryschein-aesthetics.com\/es\/producto\/cremas-y-balsamos-anti-inflamatorios-post-tratamiento\/#primaryimage\"},\"thumbnailUrl\":\"https:\/\/henryschein-aesthetics.com\/wp-content\/uploads\/2025\/03\/cremas-y-balsamos-anti-inflamatorios.jpg\",\"datePublished\":\"2025-03-25T12:41:52+00:00\",\"dateModified\":\"2025-05-20T15:24:33+00:00\",\"description\":\"Encuentra cremas y b\u00e1lsamos para reducir inflamaci\u00f3n y mejorar la recuperaci\u00f3n tras procedimientos est\u00e9ticos. Varias marcas disponibles.\",\"breadcrumb\":{\"@id\":\"https:\/\/henryschein-aesthetics.com\/es\/producto\/cremas-y-balsamos-anti-inflamatorios-post-tratamiento\/#breadcrumb\"},\"inLanguage\":\"es\",\"potentialAction\":[{\"@type\":\"ReadAction\",\"target\":[\"https:\/\/henryschein-aesthetics.com\/es\/producto\/cremas-y-balsamos-anti-inflamatorios-post-tratamiento\/\"]}]},{\"@type\":\"ImageObject\",\"inLanguage\":\"es\",\"@id\":\"https:\/\/henryschein-aesthetics.com\/es\/producto\/cremas-y-balsamos-anti-inflamatorios-post-tratamiento\/#primaryimage\",\"url\":\"https:\/\/henryschein-aesthetics.com\/wp-content\/uploads\/2025\/03\/cremas-y-balsamos-anti-inflamatorios.jpg\",\"contentUrl\":\"https:\/\/henryschein-aesthetics.com\/wp-content\/uploads\/2025\/03\/cremas-y-balsamos-anti-inflamatorios.jpg\",\"width\":1024,\"height\":1024,\"caption\":\"cremas y b\u00e1lsamos anti inflmatorios\"},{\"@type\":\"BreadcrumbList\",\"@id\":\"https:\/\/henryschein-aesthetics.com\/es\/producto\/cremas-y-balsamos-anti-inflamatorios-post-tratamiento\/#breadcrumb\",\"itemListElement\":[{\"@type\":\"ListItem\",\"position\":1,\"name\":\"Home\",\"item\":\"https:\/\/henryschein-aesthetics.com\/es\/\"},{\"@type\":\"ListItem\",\"position\":2,\"name\":\"Tienda\",\"item\":\"https:\/\/henryschein-aesthetics.com\/es\/tienda\/\"},{\"@type\":\"ListItem\",\"position\":3,\"name\":\"Relleno d\u00e9rmico\",\"item\":\"https:\/\/henryschein-aesthetics.com\/es\/categoria-producto\/relleno-dermico\/\"},{\"@type\":\"ListItem\",\"position\":4,\"name\":\"Cremas y B\u00e1lsamos Anti-inflamatorios (Post Tratamiento)\"}]},{\"@type\":\"WebSite\",\"@id\":\"https:\/\/henryschein-aesthetics.com\/#website\",\"url\":\"https:\/\/henryschein-aesthetics.com\/\",\"name\":\"Henry Schein - Aesthetics\",\"description\":\"\",\"publisher\":{\"@id\":\"https:\/\/henryschein-aesthetics.com\/#organization\"},\"potentialAction\":[{\"@type\":\"SearchAction\",\"target\":{\"@type\":\"EntryPoint\",\"urlTemplate\":\"https:\/\/henryschein-aesthetics.com\/?s={search_term_string}\"},\"query-input\":{\"@type\":\"PropertyValueSpecification\",\"valueRequired\":true,\"valueName\":\"search_term_string\"}}],\"inLanguage\":\"es\"},{\"@type\":\"Organization\",\"@id\":\"https:\/\/henryschein-aesthetics.com\/#organization\",\"name\":\"Henry Schein - Aesthetics\",\"url\":\"https:\/\/henryschein-aesthetics.com\/\",\"logo\":{\"@type\":\"ImageObject\",\"inLanguage\":\"es\",\"@id\":\"https:\/\/henryschein-aesthetics.com\/#\/schema\/logo\/image\/\",\"url\":\"https:\/\/henryschein-aesthetics.com\/wp-content\/uploads\/2025\/06\/26.09-HENRY-SCHEIN-AESTHETICS-LOGO.svg\",\"contentUrl\":\"https:\/\/henryschein-aesthetics.com\/wp-content\/uploads\/2025\/06\/26.09-HENRY-SCHEIN-AESTHETICS-LOGO.svg\",\"caption\":\"Henry Schein - Aesthetics\"},\"image\":{\"@id\":\"https:\/\/henryschein-aesthetics.com\/#\/schema\/logo\/image\/\"}}]}<\/script>\n<!-- \/ Yoast SEO plugin. -->","yoast_head_json":{"title":"Cremas y B\u00e1lsamos Anti-inflamatorios (Post Tratamiento) - Henry Schein Aesthetics","description":"Encuentra cremas y b\u00e1lsamos para reducir inflamaci\u00f3n y mejorar la recuperaci\u00f3n tras procedimientos est\u00e9ticos. Varias marcas disponibles.","robots":{"index":"index","follow":"follow","max-snippet":"max-snippet:-1","max-image-preview":"max-image-preview:large","max-video-preview":"max-video-preview:-1"},"canonical":"https:\/\/henryschein-aesthetics.com\/es\/producto\/cremas-y-balsamos-anti-inflamatorios-post-tratamiento\/","og_locale":"es_ES","og_type":"article","og_title":"Cremas y B\u00e1lsamos Anti-inflamatorios (Post Tratamiento) - Henry Schein Aesthetics","og_description":"Encuentra cremas y b\u00e1lsamos para reducir inflamaci\u00f3n y mejorar la recuperaci\u00f3n tras procedimientos est\u00e9ticos. Varias marcas disponibles.","og_url":"https:\/\/henryschein-aesthetics.com\/es\/producto\/cremas-y-balsamos-anti-inflamatorios-post-tratamiento\/","og_site_name":"Henry Schein Aesthetics","article_modified_time":"2025-05-20T15:24:33+00:00","og_image":[{"width":1024,"height":1024,"url":"https:\/\/henryschein-aesthetics.com\/wp-content\/uploads\/2025\/03\/cremas-y-balsamos-anti-inflamatorios.jpg","type":"image\/jpeg"}],"twitter_card":"summary_large_image","twitter_misc":{"Tiempo de lectura":"1 minuto"},"schema":{"@context":"https:\/\/schema.org","@graph":[{"@type":"WebPage","@id":"https:\/\/henryschein-aesthetics.com\/es\/producto\/cremas-y-balsamos-anti-inflamatorios-post-tratamiento\/","url":"https:\/\/henryschein-aesthetics.com\/es\/producto\/cremas-y-balsamos-anti-inflamatorios-post-tratamiento\/","name":"Cremas y B\u00e1lsamos Anti-inflamatorios (Post Tratamiento) - Henry Schein Aesthetics","isPartOf":{"@id":"https:\/\/henryschein-aesthetics.com\/#website"},"primaryImageOfPage":{"@id":"https:\/\/henryschein-aesthetics.com\/es\/producto\/cremas-y-balsamos-anti-inflamatorios-post-tratamiento\/#primaryimage"},"image":{"@id":"https:\/\/henryschein-aesthetics.com\/es\/producto\/cremas-y-balsamos-anti-inflamatorios-post-tratamiento\/#primaryimage"},"thumbnailUrl":"https:\/\/henryschein-aesthetics.com\/wp-content\/uploads\/2025\/03\/cremas-y-balsamos-anti-inflamatorios.jpg","datePublished":"2025-03-25T12:41:52+00:00","dateModified":"2025-05-20T15:24:33+00:00","description":"Encuentra cremas y b\u00e1lsamos para reducir inflamaci\u00f3n y mejorar la recuperaci\u00f3n tras procedimientos est\u00e9ticos. Varias marcas disponibles.","breadcrumb":{"@id":"https:\/\/henryschein-aesthetics.com\/es\/producto\/cremas-y-balsamos-anti-inflamatorios-post-tratamiento\/#breadcrumb"},"inLanguage":"es","potentialAction":[{"@type":"ReadAction","target":["https:\/\/henryschein-aesthetics.com\/es\/producto\/cremas-y-balsamos-anti-inflamatorios-post-tratamiento\/"]}]},{"@type":"ImageObject","inLanguage":"es","@id":"https:\/\/henryschein-aesthetics.com\/es\/producto\/cremas-y-balsamos-anti-inflamatorios-post-tratamiento\/#primaryimage","url":"https:\/\/henryschein-aesthetics.com\/wp-content\/uploads\/2025\/03\/cremas-y-balsamos-anti-inflamatorios.jpg","contentUrl":"https:\/\/henryschein-aesthetics.com\/wp-content\/uploads\/2025\/03\/cremas-y-balsamos-anti-inflamatorios.jpg","width":1024,"height":1024,"caption":"cremas y b\u00e1lsamos anti inflmatorios"},{"@type":"BreadcrumbList","@id":"https:\/\/henryschein-aesthetics.com\/es\/producto\/cremas-y-balsamos-anti-inflamatorios-post-tratamiento\/#breadcrumb","itemListElement":[{"@type":"ListItem","position":1,"name":"Home","item":"https:\/\/henryschein-aesthetics.com\/es\/"},{"@type":"ListItem","position":2,"name":"Tienda","item":"https:\/\/henryschein-aesthetics.com\/es\/tienda\/"},{"@type":"ListItem","position":3,"name":"Relleno d\u00e9rmico","item":"https:\/\/henryschein-aesthetics.com\/es\/categoria-producto\/relleno-dermico\/"},{"@type":"ListItem","position":4,"name":"Cremas y B\u00e1lsamos Anti-inflamatorios (Post Tratamiento)"}]},{"@type":"WebSite","@id":"https:\/\/henryschein-aesthetics.com\/#website","url":"https:\/\/henryschein-aesthetics.com\/","name":"Henry Schein - Aesthetics","description":"","publisher":{"@id":"https:\/\/henryschein-aesthetics.com\/#organization"},"potentialAction":[{"@type":"SearchAction","target":{"@type":"EntryPoint","urlTemplate":"https:\/\/henryschein-aesthetics.com\/?s={search_term_string}"},"query-input":{"@type":"PropertyValueSpecification","valueRequired":true,"valueName":"search_term_string"}}],"inLanguage":"es"},{"@type":"Organization","@id":"https:\/\/henryschein-aesthetics.com\/#organization","name":"Henry Schein - Aesthetics","url":"https:\/\/henryschein-aesthetics.com\/","logo":{"@type":"ImageObject","inLanguage":"es","@id":"https:\/\/henryschein-aesthetics.com\/#\/schema\/logo\/image\/","url":"https:\/\/henryschein-aesthetics.com\/wp-content\/uploads\/2025\/06\/26.09-HENRY-SCHEIN-AESTHETICS-LOGO.svg","contentUrl":"https:\/\/henryschein-aesthetics.com\/wp-content\/uploads\/2025\/06\/26.09-HENRY-SCHEIN-AESTHETICS-LOGO.svg","caption":"Henry Schein - Aesthetics"},"image":{"@id":"https:\/\/henryschein-aesthetics.com\/#\/schema\/logo\/image\/"}}]}},"df_price":"","df_sale_price":"","df_regular_price":"","df_image_link":"https:\/\/henryschein-aesthetics.com\/wp-content\/uploads\/2025\/03\/cremas-y-balsamos-anti-inflamatorios-300x300.jpg","_links":{"self":[{"href":"https:\/\/henryschein-aesthetics.com\/es\/wp-json\/wp\/v2\/product\/1442","targetHints":{"allow":["GET"]}}],"collection":[{"href":"https:\/\/henryschein-aesthetics.com\/es\/wp-json\/wp\/v2\/product"}],"about":[{"href":"https:\/\/henryschein-aesthetics.com\/es\/wp-json\/wp\/v2\/types\/product"}],"replies":[{"embeddable":true,"href":"https:\/\/henryschein-aesthetics.com\/es\/wp-json\/wp\/v2\/comments?post=1442"}],"version-history":[{"count":0,"href":"https:\/\/henryschein-aesthetics.com\/es\/wp-json\/wp\/v2\/product\/1442\/revisions"}],"wp:featuredmedia":[{"embeddable":true,"href":"https:\/\/henryschein-aesthetics.com\/es\/wp-json\/wp\/v2\/media\/1374"}],"wp:attachment":[{"href":"https:\/\/henryschein-aesthetics.com\/es\/wp-json\/wp\/v2\/media?parent=1442"}],"wp:term":[{"taxonomy":"product_brand","embeddable":true,"href":"https:\/\/henryschein-aesthetics.com\/es\/wp-json\/wp\/v2\/product_brand?post=1442"},{"taxonomy":"product_cat","embeddable":true,"href":"https:\/\/henryschein-aesthetics.com\/es\/wp-json\/wp\/v2\/product_cat?post=1442"},{"taxonomy":"product_tag","embeddable":true,"href":"https:\/\/henryschein-aesthetics.com\/es\/wp-json\/wp\/v2\/product_tag?post=1442"}],"curies":[{"name":"wp","href":"https:\/\/api.w.org\/{rel}","templated":true}]}}