{"id":1470,"date":"2025-03-25T14:15:29","date_gmt":"2025-03-25T13:15:29","guid":{"rendered":"https:\/\/henryschein-aesthetics.com\/product\/camillas-de-estetica-para-clinicas\/"},"modified":"2025-06-19T08:57:59","modified_gmt":"2025-06-19T06:57:59","slug":"camillas-de-estetica-para-clinicas","status":"publish","type":"product","link":"https:\/\/henryschein-aesthetics.com\/es\/producto\/camillas-de-estetica-para-clinicas\/","title":{"rendered":"Camillas de Est\u00e9tica para Cl\u00ednicas"},"content":{"rendered":"<p>Las camillas de est\u00e9tica est\u00e1n dise\u00f1adas para combinar ergonom\u00eda, confort y estilo, siendo una pieza fundamental en cl\u00ednicas est\u00e9ticas. Fabricadas con materiales duraderos y resistentes, son ideales para soportar el uso diario. Su dise\u00f1o ajustable permite adaptarse a diferentes tipos de tratamientos, garantizando una experiencia c\u00f3moda y eficiente para el paciente y el profesional.<\/p>\n","protected":false},"excerpt":{"rendered":"<p>Ergonom\u00eda y confort con dise\u00f1os en los sillones para cualquier tratamiento.<\/p>\n","protected":false},"featured_media":3152,"comment_status":"open","ping_status":"closed","template":"","meta":{"content-type":"","inline_featured_image":false},"product_brand":[],"product_cat":[93,92,91,90],"product_tag":[86],"class_list":{"0":"post-1470","1":"product","2":"type-product","3":"status-publish","4":"has-post-thumbnail","6":"product_cat-mesoterapia-corporal","7":"product_cat-mesoterapia-facial","8":"product_cat-relleno-dermico","9":"product_cat-toxina-botulinica","10":"product_tag-mobiliario","12":"first","13":"instock","14":"shipping-taxable","15":"product-type-simple"},"yoast_head":"<!-- This site is optimized with the Yoast SEO plugin v26.9 - https:\/\/yoast.com\/product\/yoast-seo-wordpress\/ -->\n<title>\u25b7 Camillas de estetica profesionales para cl\u00ednicas est\u00e9ticas - Henry Schein Aesthetics<\/title>\n<meta name=\"description\" content=\"Camillas ergon\u00f3micas y ajustables, dise\u00f1adas para proporcionar comodidad y soporte en tratamientos est\u00e9ticos y m\u00e9dicos, con alta durabilidad y calidad\" \/>\n<meta name=\"robots\" content=\"index, follow, max-snippet:-1, max-image-preview:large, max-video-preview:-1\" \/>\n<link rel=\"canonical\" href=\"https:\/\/henryschein-aesthetics.com\/es\/producto\/camillas-de-estetica-para-clinicas\/\" \/>\n<meta property=\"og:locale\" content=\"es_ES\" \/>\n<meta property=\"og:type\" content=\"article\" \/>\n<meta property=\"og:title\" content=\"\u25b7 Camillas de estetica profesionales para cl\u00ednicas est\u00e9ticas - Henry Schein Aesthetics\" \/>\n<meta property=\"og:description\" content=\"Camillas ergon\u00f3micas y ajustables, dise\u00f1adas para proporcionar comodidad y soporte en tratamientos est\u00e9ticos y m\u00e9dicos, con alta durabilidad y calidad\" \/>\n<meta property=\"og:url\" content=\"https:\/\/henryschein-aesthetics.com\/es\/producto\/camillas-de-estetica-para-clinicas\/\" \/>\n<meta property=\"og:site_name\" content=\"Henry Schein Aesthetics\" \/>\n<meta property=\"article:modified_time\" content=\"2025-06-19T06:57:59+00:00\" \/>\n<meta property=\"og:image\" content=\"https:\/\/henryschein-aesthetics.com\/wp-content\/uploads\/2025\/03\/camilla-estetica-para-clinica-negra.jpg\" \/>\n\t<meta property=\"og:image:width\" content=\"1200\" \/>\n\t<meta property=\"og:image:height\" content=\"1200\" \/>\n\t<meta property=\"og:image:type\" content=\"image\/jpeg\" \/>\n<meta name=\"twitter:card\" content=\"summary_large_image\" \/>\n<meta name=\"twitter:label1\" content=\"Tiempo de lectura\" \/>\n\t<meta name=\"twitter:data1\" content=\"1 minuto\" \/>\n<script type=\"application\/ld+json\" class=\"yoast-schema-graph\">{\"@context\":\"https:\/\/schema.org\",\"@graph\":[{\"@type\":\"WebPage\",\"@id\":\"https:\/\/henryschein-aesthetics.com\/es\/producto\/camillas-de-estetica-para-clinicas\/\",\"url\":\"https:\/\/henryschein-aesthetics.com\/es\/producto\/camillas-de-estetica-para-clinicas\/\",\"name\":\"\u25b7 Camillas de estetica profesionales para cl\u00ednicas est\u00e9ticas - Henry Schein Aesthetics\",\"isPartOf\":{\"@id\":\"https:\/\/henryschein-aesthetics.com\/#website\"},\"primaryImageOfPage\":{\"@id\":\"https:\/\/henryschein-aesthetics.com\/es\/producto\/camillas-de-estetica-para-clinicas\/#primaryimage\"},\"image\":{\"@id\":\"https:\/\/henryschein-aesthetics.com\/es\/producto\/camillas-de-estetica-para-clinicas\/#primaryimage\"},\"thumbnailUrl\":\"https:\/\/henryschein-aesthetics.com\/wp-content\/uploads\/2025\/03\/camilla-estetica-para-clinica-negra.jpg\",\"datePublished\":\"2025-03-25T13:15:29+00:00\",\"dateModified\":\"2025-06-19T06:57:59+00:00\",\"description\":\"Camillas ergon\u00f3micas y ajustables, dise\u00f1adas para proporcionar comodidad y soporte en tratamientos est\u00e9ticos y m\u00e9dicos, con alta durabilidad y calidad\",\"breadcrumb\":{\"@id\":\"https:\/\/henryschein-aesthetics.com\/es\/producto\/camillas-de-estetica-para-clinicas\/#breadcrumb\"},\"inLanguage\":\"es\",\"potentialAction\":[{\"@type\":\"ReadAction\",\"target\":[\"https:\/\/henryschein-aesthetics.com\/es\/producto\/camillas-de-estetica-para-clinicas\/\"]}]},{\"@type\":\"ImageObject\",\"inLanguage\":\"es\",\"@id\":\"https:\/\/henryschein-aesthetics.com\/es\/producto\/camillas-de-estetica-para-clinicas\/#primaryimage\",\"url\":\"https:\/\/henryschein-aesthetics.com\/wp-content\/uploads\/2025\/03\/camilla-estetica-para-clinica-negra.jpg\",\"contentUrl\":\"https:\/\/henryschein-aesthetics.com\/wp-content\/uploads\/2025\/03\/camilla-estetica-para-clinica-negra.jpg\",\"width\":1200,\"height\":1200,\"caption\":\"Camilla para cl\u00ednicas est\u00e9ticas\"},{\"@type\":\"BreadcrumbList\",\"@id\":\"https:\/\/henryschein-aesthetics.com\/es\/producto\/camillas-de-estetica-para-clinicas\/#breadcrumb\",\"itemListElement\":[{\"@type\":\"ListItem\",\"position\":1,\"name\":\"Home\",\"item\":\"https:\/\/henryschein-aesthetics.com\/es\/\"},{\"@type\":\"ListItem\",\"position\":2,\"name\":\"Tienda\",\"item\":\"https:\/\/henryschein-aesthetics.com\/es\/tienda\/\"},{\"@type\":\"ListItem\",\"position\":3,\"name\":\"Mesoterapia corporal\",\"item\":\"https:\/\/henryschein-aesthetics.com\/es\/categoria-producto\/mesoterapia-corporal\/\"},{\"@type\":\"ListItem\",\"position\":4,\"name\":\"Camillas de Est\u00e9tica para Cl\u00ednicas\"}]},{\"@type\":\"WebSite\",\"@id\":\"https:\/\/henryschein-aesthetics.com\/#website\",\"url\":\"https:\/\/henryschein-aesthetics.com\/\",\"name\":\"Henry Schein - Aesthetics\",\"description\":\"\",\"publisher\":{\"@id\":\"https:\/\/henryschein-aesthetics.com\/#organization\"},\"potentialAction\":[{\"@type\":\"SearchAction\",\"target\":{\"@type\":\"EntryPoint\",\"urlTemplate\":\"https:\/\/henryschein-aesthetics.com\/?s={search_term_string}\"},\"query-input\":{\"@type\":\"PropertyValueSpecification\",\"valueRequired\":true,\"valueName\":\"search_term_string\"}}],\"inLanguage\":\"es\"},{\"@type\":\"Organization\",\"@id\":\"https:\/\/henryschein-aesthetics.com\/#organization\",\"name\":\"Henry Schein - Aesthetics\",\"url\":\"https:\/\/henryschein-aesthetics.com\/\",\"logo\":{\"@type\":\"ImageObject\",\"inLanguage\":\"es\",\"@id\":\"https:\/\/henryschein-aesthetics.com\/#\/schema\/logo\/image\/\",\"url\":\"https:\/\/henryschein-aesthetics.com\/wp-content\/uploads\/2025\/06\/26.09-HENRY-SCHEIN-AESTHETICS-LOGO.svg\",\"contentUrl\":\"https:\/\/henryschein-aesthetics.com\/wp-content\/uploads\/2025\/06\/26.09-HENRY-SCHEIN-AESTHETICS-LOGO.svg\",\"caption\":\"Henry Schein - Aesthetics\"},\"image\":{\"@id\":\"https:\/\/henryschein-aesthetics.com\/#\/schema\/logo\/image\/\"}}]}<\/script>\n<!-- \/ Yoast SEO plugin. -->","yoast_head_json":{"title":"\u25b7 Camillas de estetica profesionales para cl\u00ednicas est\u00e9ticas - Henry Schein Aesthetics","description":"Camillas ergon\u00f3micas y ajustables, dise\u00f1adas para proporcionar comodidad y soporte en tratamientos est\u00e9ticos y m\u00e9dicos, con alta durabilidad y calidad","robots":{"index":"index","follow":"follow","max-snippet":"max-snippet:-1","max-image-preview":"max-image-preview:large","max-video-preview":"max-video-preview:-1"},"canonical":"https:\/\/henryschein-aesthetics.com\/es\/producto\/camillas-de-estetica-para-clinicas\/","og_locale":"es_ES","og_type":"article","og_title":"\u25b7 Camillas de estetica profesionales para cl\u00ednicas est\u00e9ticas - Henry Schein Aesthetics","og_description":"Camillas ergon\u00f3micas y ajustables, dise\u00f1adas para proporcionar comodidad y soporte en tratamientos est\u00e9ticos y m\u00e9dicos, con alta durabilidad y calidad","og_url":"https:\/\/henryschein-aesthetics.com\/es\/producto\/camillas-de-estetica-para-clinicas\/","og_site_name":"Henry Schein Aesthetics","article_modified_time":"2025-06-19T06:57:59+00:00","og_image":[{"width":1200,"height":1200,"url":"https:\/\/henryschein-aesthetics.com\/wp-content\/uploads\/2025\/03\/camilla-estetica-para-clinica-negra.jpg","type":"image\/jpeg"}],"twitter_card":"summary_large_image","twitter_misc":{"Tiempo de lectura":"1 minuto"},"schema":{"@context":"https:\/\/schema.org","@graph":[{"@type":"WebPage","@id":"https:\/\/henryschein-aesthetics.com\/es\/producto\/camillas-de-estetica-para-clinicas\/","url":"https:\/\/henryschein-aesthetics.com\/es\/producto\/camillas-de-estetica-para-clinicas\/","name":"\u25b7 Camillas de estetica profesionales para cl\u00ednicas est\u00e9ticas - Henry Schein Aesthetics","isPartOf":{"@id":"https:\/\/henryschein-aesthetics.com\/#website"},"primaryImageOfPage":{"@id":"https:\/\/henryschein-aesthetics.com\/es\/producto\/camillas-de-estetica-para-clinicas\/#primaryimage"},"image":{"@id":"https:\/\/henryschein-aesthetics.com\/es\/producto\/camillas-de-estetica-para-clinicas\/#primaryimage"},"thumbnailUrl":"https:\/\/henryschein-aesthetics.com\/wp-content\/uploads\/2025\/03\/camilla-estetica-para-clinica-negra.jpg","datePublished":"2025-03-25T13:15:29+00:00","dateModified":"2025-06-19T06:57:59+00:00","description":"Camillas ergon\u00f3micas y ajustables, dise\u00f1adas para proporcionar comodidad y soporte en tratamientos est\u00e9ticos y m\u00e9dicos, con alta durabilidad y calidad","breadcrumb":{"@id":"https:\/\/henryschein-aesthetics.com\/es\/producto\/camillas-de-estetica-para-clinicas\/#breadcrumb"},"inLanguage":"es","potentialAction":[{"@type":"ReadAction","target":["https:\/\/henryschein-aesthetics.com\/es\/producto\/camillas-de-estetica-para-clinicas\/"]}]},{"@type":"ImageObject","inLanguage":"es","@id":"https:\/\/henryschein-aesthetics.com\/es\/producto\/camillas-de-estetica-para-clinicas\/#primaryimage","url":"https:\/\/henryschein-aesthetics.com\/wp-content\/uploads\/2025\/03\/camilla-estetica-para-clinica-negra.jpg","contentUrl":"https:\/\/henryschein-aesthetics.com\/wp-content\/uploads\/2025\/03\/camilla-estetica-para-clinica-negra.jpg","width":1200,"height":1200,"caption":"Camilla para cl\u00ednicas est\u00e9ticas"},{"@type":"BreadcrumbList","@id":"https:\/\/henryschein-aesthetics.com\/es\/producto\/camillas-de-estetica-para-clinicas\/#breadcrumb","itemListElement":[{"@type":"ListItem","position":1,"name":"Home","item":"https:\/\/henryschein-aesthetics.com\/es\/"},{"@type":"ListItem","position":2,"name":"Tienda","item":"https:\/\/henryschein-aesthetics.com\/es\/tienda\/"},{"@type":"ListItem","position":3,"name":"Mesoterapia corporal","item":"https:\/\/henryschein-aesthetics.com\/es\/categoria-producto\/mesoterapia-corporal\/"},{"@type":"ListItem","position":4,"name":"Camillas de Est\u00e9tica para Cl\u00ednicas"}]},{"@type":"WebSite","@id":"https:\/\/henryschein-aesthetics.com\/#website","url":"https:\/\/henryschein-aesthetics.com\/","name":"Henry Schein - Aesthetics","description":"","publisher":{"@id":"https:\/\/henryschein-aesthetics.com\/#organization"},"potentialAction":[{"@type":"SearchAction","target":{"@type":"EntryPoint","urlTemplate":"https:\/\/henryschein-aesthetics.com\/?s={search_term_string}"},"query-input":{"@type":"PropertyValueSpecification","valueRequired":true,"valueName":"search_term_string"}}],"inLanguage":"es"},{"@type":"Organization","@id":"https:\/\/henryschein-aesthetics.com\/#organization","name":"Henry Schein - Aesthetics","url":"https:\/\/henryschein-aesthetics.com\/","logo":{"@type":"ImageObject","inLanguage":"es","@id":"https:\/\/henryschein-aesthetics.com\/#\/schema\/logo\/image\/","url":"https:\/\/henryschein-aesthetics.com\/wp-content\/uploads\/2025\/06\/26.09-HENRY-SCHEIN-AESTHETICS-LOGO.svg","contentUrl":"https:\/\/henryschein-aesthetics.com\/wp-content\/uploads\/2025\/06\/26.09-HENRY-SCHEIN-AESTHETICS-LOGO.svg","caption":"Henry Schein - Aesthetics"},"image":{"@id":"https:\/\/henryschein-aesthetics.com\/#\/schema\/logo\/image\/"}}]}},"df_price":"","df_sale_price":"","df_regular_price":"","df_image_link":"https:\/\/henryschein-aesthetics.com\/wp-content\/uploads\/2025\/03\/camilla-estetica-para-clinica-negra-300x300.jpg","_links":{"self":[{"href":"https:\/\/henryschein-aesthetics.com\/es\/wp-json\/wp\/v2\/product\/1470","targetHints":{"allow":["GET"]}}],"collection":[{"href":"https:\/\/henryschein-aesthetics.com\/es\/wp-json\/wp\/v2\/product"}],"about":[{"href":"https:\/\/henryschein-aesthetics.com\/es\/wp-json\/wp\/v2\/types\/product"}],"replies":[{"embeddable":true,"href":"https:\/\/henryschein-aesthetics.com\/es\/wp-json\/wp\/v2\/comments?post=1470"}],"version-history":[{"count":0,"href":"https:\/\/henryschein-aesthetics.com\/es\/wp-json\/wp\/v2\/product\/1470\/revisions"}],"wp:featuredmedia":[{"embeddable":true,"href":"https:\/\/henryschein-aesthetics.com\/es\/wp-json\/wp\/v2\/media\/3152"}],"wp:attachment":[{"href":"https:\/\/henryschein-aesthetics.com\/es\/wp-json\/wp\/v2\/media?parent=1470"}],"wp:term":[{"taxonomy":"product_brand","embeddable":true,"href":"https:\/\/henryschein-aesthetics.com\/es\/wp-json\/wp\/v2\/product_brand?post=1470"},{"taxonomy":"product_cat","embeddable":true,"href":"https:\/\/henryschein-aesthetics.com\/es\/wp-json\/wp\/v2\/product_cat?post=1470"},{"taxonomy":"product_tag","embeddable":true,"href":"https:\/\/henryschein-aesthetics.com\/es\/wp-json\/wp\/v2\/product_tag?post=1470"}],"curies":[{"name":"wp","href":"https:\/\/api.w.org\/{rel}","templated":true}]}}