{"id":3624,"date":"2025-06-18T11:20:57","date_gmt":"2025-06-18T09:20:57","guid":{"rendered":"https:\/\/henryschein-aesthetics.com\/?post_type=product&#038;p=3624"},"modified":"2025-06-18T16:06:58","modified_gmt":"2025-06-18T14:06:58","slug":"carros-auxiliares-para-clinicas-esteticas","status":"publish","type":"product","link":"https:\/\/henryschein-aesthetics.com\/es\/producto\/carros-auxiliares-para-clinicas-esteticas\/","title":{"rendered":"Carros Auxiliares para Cl\u00ednicas Est\u00e9ticas"},"content":{"rendered":"<p>Carros Auxiliares para Cl\u00ednicas Est\u00e9ticas<\/p>\n<p>Los carros auxiliares para cl\u00ednicas est\u00e9ticas son herramientas clave para mantener el orden y la eficiencia en los espacios de trabajo. Dise\u00f1ados para facilitar el acceso a instrumental y productos durante los tratamientos, cuentan con estantes funcionales, ruedas resistentes y estructuras duraderas. Su dise\u00f1o compacto y moderno se adapta a cualquier entorno, mejorando la organizaci\u00f3n y optimizando el rendimiento del profesional, al mismo tiempo que aporta una imagen limpia y profesional al espacio.<\/p>\n","protected":false},"excerpt":{"rendered":"<p>Carro auxiliar para cl\u00ednicas est\u00e9ticas, ideal para organizar productos e instrumentos. Dise\u00f1o funcional, ruedas silenciosas y estantes resistentes para un uso diario c\u00f3modo y eficiente.<\/p>\n","protected":false},"featured_media":3644,"comment_status":"open","ping_status":"closed","template":"","meta":{"content-type":"","inline_featured_image":false},"product_brand":[],"product_cat":[83,93,92,91,90],"product_tag":[86],"class_list":{"0":"post-3624","1":"product","2":"type-product","3":"status-publish","4":"has-post-thumbnail","6":"product_cat-implantologia-capilar","7":"product_cat-mesoterapia-corporal","8":"product_cat-mesoterapia-facial","9":"product_cat-relleno-dermico","10":"product_cat-toxina-botulinica","11":"product_tag-mobiliario","13":"first","14":"instock","15":"shipping-taxable","16":"product-type-simple"},"yoast_head":"<!-- This site is optimized with the Yoast SEO plugin v26.9 - https:\/\/yoast.com\/product\/yoast-seo-wordpress\/ -->\n<title>Carros Auxiliares para Cl\u00ednicas Est\u00e9ticas - Henry Schein Aesthetics<\/title>\n<meta name=\"description\" content=\"Carros auxiliares para cl\u00ednicas est\u00e9ticas: organizaci\u00f3n, movilidad y dise\u00f1o profesional. Ideales para tratamientos eficientes. Calidad garantizada.\" \/>\n<meta name=\"robots\" content=\"index, follow, max-snippet:-1, max-image-preview:large, max-video-preview:-1\" \/>\n<link rel=\"canonical\" href=\"https:\/\/henryschein-aesthetics.com\/es\/producto\/carros-auxiliares-para-clinicas-esteticas\/\" \/>\n<meta property=\"og:locale\" content=\"es_ES\" \/>\n<meta property=\"og:type\" content=\"article\" \/>\n<meta property=\"og:title\" content=\"Carros Auxiliares para Cl\u00ednicas Est\u00e9ticas - Henry Schein Aesthetics\" \/>\n<meta property=\"og:description\" content=\"Carros auxiliares para cl\u00ednicas est\u00e9ticas: organizaci\u00f3n, movilidad y dise\u00f1o profesional. Ideales para tratamientos eficientes. Calidad garantizada.\" \/>\n<meta property=\"og:url\" content=\"https:\/\/henryschein-aesthetics.com\/es\/producto\/carros-auxiliares-para-clinicas-esteticas\/\" \/>\n<meta property=\"og:site_name\" content=\"Henry Schein Aesthetics\" \/>\n<meta property=\"article:modified_time\" content=\"2025-06-18T14:06:58+00:00\" \/>\n<meta property=\"og:image\" content=\"https:\/\/henryschein-aesthetics.com\/wp-content\/uploads\/2025\/06\/Carritos-clinica-estetica.png\" \/>\n\t<meta property=\"og:image:width\" content=\"1200\" \/>\n\t<meta property=\"og:image:height\" content=\"1200\" \/>\n\t<meta property=\"og:image:type\" content=\"image\/png\" \/>\n<meta name=\"twitter:card\" content=\"summary_large_image\" \/>\n<meta name=\"twitter:label1\" content=\"Tiempo de lectura\" \/>\n\t<meta name=\"twitter:data1\" content=\"1 minuto\" \/>\n<script type=\"application\/ld+json\" class=\"yoast-schema-graph\">{\"@context\":\"https:\/\/schema.org\",\"@graph\":[{\"@type\":\"WebPage\",\"@id\":\"https:\/\/henryschein-aesthetics.com\/es\/producto\/carros-auxiliares-para-clinicas-esteticas\/\",\"url\":\"https:\/\/henryschein-aesthetics.com\/es\/producto\/carros-auxiliares-para-clinicas-esteticas\/\",\"name\":\"Carros Auxiliares para Cl\u00ednicas Est\u00e9ticas - Henry Schein Aesthetics\",\"isPartOf\":{\"@id\":\"https:\/\/henryschein-aesthetics.com\/#website\"},\"primaryImageOfPage\":{\"@id\":\"https:\/\/henryschein-aesthetics.com\/es\/producto\/carros-auxiliares-para-clinicas-esteticas\/#primaryimage\"},\"image\":{\"@id\":\"https:\/\/henryschein-aesthetics.com\/es\/producto\/carros-auxiliares-para-clinicas-esteticas\/#primaryimage\"},\"thumbnailUrl\":\"https:\/\/henryschein-aesthetics.com\/wp-content\/uploads\/2025\/06\/Carritos-clinica-estetica.png\",\"datePublished\":\"2025-06-18T09:20:57+00:00\",\"dateModified\":\"2025-06-18T14:06:58+00:00\",\"description\":\"Carros auxiliares para cl\u00ednicas est\u00e9ticas: organizaci\u00f3n, movilidad y dise\u00f1o profesional. Ideales para tratamientos eficientes. Calidad garantizada.\",\"breadcrumb\":{\"@id\":\"https:\/\/henryschein-aesthetics.com\/es\/producto\/carros-auxiliares-para-clinicas-esteticas\/#breadcrumb\"},\"inLanguage\":\"es\",\"potentialAction\":[{\"@type\":\"ReadAction\",\"target\":[\"https:\/\/henryschein-aesthetics.com\/es\/producto\/carros-auxiliares-para-clinicas-esteticas\/\"]}]},{\"@type\":\"ImageObject\",\"inLanguage\":\"es\",\"@id\":\"https:\/\/henryschein-aesthetics.com\/es\/producto\/carros-auxiliares-para-clinicas-esteticas\/#primaryimage\",\"url\":\"https:\/\/henryschein-aesthetics.com\/wp-content\/uploads\/2025\/06\/Carritos-clinica-estetica.png\",\"contentUrl\":\"https:\/\/henryschein-aesthetics.com\/wp-content\/uploads\/2025\/06\/Carritos-clinica-estetica.png\",\"width\":1200,\"height\":1200,\"caption\":\"Carritos para cl\u00ednica est\u00e9tica\"},{\"@type\":\"BreadcrumbList\",\"@id\":\"https:\/\/henryschein-aesthetics.com\/es\/producto\/carros-auxiliares-para-clinicas-esteticas\/#breadcrumb\",\"itemListElement\":[{\"@type\":\"ListItem\",\"position\":1,\"name\":\"Home\",\"item\":\"https:\/\/henryschein-aesthetics.com\/es\/\"},{\"@type\":\"ListItem\",\"position\":2,\"name\":\"Tienda\",\"item\":\"https:\/\/henryschein-aesthetics.com\/es\/tienda\/\"},{\"@type\":\"ListItem\",\"position\":3,\"name\":\"Implantolog\u00eda capilar\",\"item\":\"https:\/\/henryschein-aesthetics.com\/es\/categoria-producto\/implantologia-capilar\/\"},{\"@type\":\"ListItem\",\"position\":4,\"name\":\"Carros Auxiliares para Cl\u00ednicas Est\u00e9ticas\"}]},{\"@type\":\"WebSite\",\"@id\":\"https:\/\/henryschein-aesthetics.com\/#website\",\"url\":\"https:\/\/henryschein-aesthetics.com\/\",\"name\":\"Henry Schein - Aesthetics\",\"description\":\"\",\"publisher\":{\"@id\":\"https:\/\/henryschein-aesthetics.com\/#organization\"},\"potentialAction\":[{\"@type\":\"SearchAction\",\"target\":{\"@type\":\"EntryPoint\",\"urlTemplate\":\"https:\/\/henryschein-aesthetics.com\/?s={search_term_string}\"},\"query-input\":{\"@type\":\"PropertyValueSpecification\",\"valueRequired\":true,\"valueName\":\"search_term_string\"}}],\"inLanguage\":\"es\"},{\"@type\":\"Organization\",\"@id\":\"https:\/\/henryschein-aesthetics.com\/#organization\",\"name\":\"Henry Schein - Aesthetics\",\"url\":\"https:\/\/henryschein-aesthetics.com\/\",\"logo\":{\"@type\":\"ImageObject\",\"inLanguage\":\"es\",\"@id\":\"https:\/\/henryschein-aesthetics.com\/#\/schema\/logo\/image\/\",\"url\":\"https:\/\/henryschein-aesthetics.com\/wp-content\/uploads\/2025\/06\/26.09-HENRY-SCHEIN-AESTHETICS-LOGO.svg\",\"contentUrl\":\"https:\/\/henryschein-aesthetics.com\/wp-content\/uploads\/2025\/06\/26.09-HENRY-SCHEIN-AESTHETICS-LOGO.svg\",\"caption\":\"Henry Schein - Aesthetics\"},\"image\":{\"@id\":\"https:\/\/henryschein-aesthetics.com\/#\/schema\/logo\/image\/\"}}]}<\/script>\n<!-- \/ Yoast SEO plugin. -->","yoast_head_json":{"title":"Carros Auxiliares para Cl\u00ednicas Est\u00e9ticas - Henry Schein Aesthetics","description":"Carros auxiliares para cl\u00ednicas est\u00e9ticas: organizaci\u00f3n, movilidad y dise\u00f1o profesional. Ideales para tratamientos eficientes. Calidad garantizada.","robots":{"index":"index","follow":"follow","max-snippet":"max-snippet:-1","max-image-preview":"max-image-preview:large","max-video-preview":"max-video-preview:-1"},"canonical":"https:\/\/henryschein-aesthetics.com\/es\/producto\/carros-auxiliares-para-clinicas-esteticas\/","og_locale":"es_ES","og_type":"article","og_title":"Carros Auxiliares para Cl\u00ednicas Est\u00e9ticas - Henry Schein Aesthetics","og_description":"Carros auxiliares para cl\u00ednicas est\u00e9ticas: organizaci\u00f3n, movilidad y dise\u00f1o profesional. Ideales para tratamientos eficientes. Calidad garantizada.","og_url":"https:\/\/henryschein-aesthetics.com\/es\/producto\/carros-auxiliares-para-clinicas-esteticas\/","og_site_name":"Henry Schein Aesthetics","article_modified_time":"2025-06-18T14:06:58+00:00","og_image":[{"width":1200,"height":1200,"url":"https:\/\/henryschein-aesthetics.com\/wp-content\/uploads\/2025\/06\/Carritos-clinica-estetica.png","type":"image\/png"}],"twitter_card":"summary_large_image","twitter_misc":{"Tiempo de lectura":"1 minuto"},"schema":{"@context":"https:\/\/schema.org","@graph":[{"@type":"WebPage","@id":"https:\/\/henryschein-aesthetics.com\/es\/producto\/carros-auxiliares-para-clinicas-esteticas\/","url":"https:\/\/henryschein-aesthetics.com\/es\/producto\/carros-auxiliares-para-clinicas-esteticas\/","name":"Carros Auxiliares para Cl\u00ednicas Est\u00e9ticas - Henry Schein Aesthetics","isPartOf":{"@id":"https:\/\/henryschein-aesthetics.com\/#website"},"primaryImageOfPage":{"@id":"https:\/\/henryschein-aesthetics.com\/es\/producto\/carros-auxiliares-para-clinicas-esteticas\/#primaryimage"},"image":{"@id":"https:\/\/henryschein-aesthetics.com\/es\/producto\/carros-auxiliares-para-clinicas-esteticas\/#primaryimage"},"thumbnailUrl":"https:\/\/henryschein-aesthetics.com\/wp-content\/uploads\/2025\/06\/Carritos-clinica-estetica.png","datePublished":"2025-06-18T09:20:57+00:00","dateModified":"2025-06-18T14:06:58+00:00","description":"Carros auxiliares para cl\u00ednicas est\u00e9ticas: organizaci\u00f3n, movilidad y dise\u00f1o profesional. Ideales para tratamientos eficientes. Calidad garantizada.","breadcrumb":{"@id":"https:\/\/henryschein-aesthetics.com\/es\/producto\/carros-auxiliares-para-clinicas-esteticas\/#breadcrumb"},"inLanguage":"es","potentialAction":[{"@type":"ReadAction","target":["https:\/\/henryschein-aesthetics.com\/es\/producto\/carros-auxiliares-para-clinicas-esteticas\/"]}]},{"@type":"ImageObject","inLanguage":"es","@id":"https:\/\/henryschein-aesthetics.com\/es\/producto\/carros-auxiliares-para-clinicas-esteticas\/#primaryimage","url":"https:\/\/henryschein-aesthetics.com\/wp-content\/uploads\/2025\/06\/Carritos-clinica-estetica.png","contentUrl":"https:\/\/henryschein-aesthetics.com\/wp-content\/uploads\/2025\/06\/Carritos-clinica-estetica.png","width":1200,"height":1200,"caption":"Carritos para cl\u00ednica est\u00e9tica"},{"@type":"BreadcrumbList","@id":"https:\/\/henryschein-aesthetics.com\/es\/producto\/carros-auxiliares-para-clinicas-esteticas\/#breadcrumb","itemListElement":[{"@type":"ListItem","position":1,"name":"Home","item":"https:\/\/henryschein-aesthetics.com\/es\/"},{"@type":"ListItem","position":2,"name":"Tienda","item":"https:\/\/henryschein-aesthetics.com\/es\/tienda\/"},{"@type":"ListItem","position":3,"name":"Implantolog\u00eda capilar","item":"https:\/\/henryschein-aesthetics.com\/es\/categoria-producto\/implantologia-capilar\/"},{"@type":"ListItem","position":4,"name":"Carros Auxiliares para Cl\u00ednicas Est\u00e9ticas"}]},{"@type":"WebSite","@id":"https:\/\/henryschein-aesthetics.com\/#website","url":"https:\/\/henryschein-aesthetics.com\/","name":"Henry Schein - Aesthetics","description":"","publisher":{"@id":"https:\/\/henryschein-aesthetics.com\/#organization"},"potentialAction":[{"@type":"SearchAction","target":{"@type":"EntryPoint","urlTemplate":"https:\/\/henryschein-aesthetics.com\/?s={search_term_string}"},"query-input":{"@type":"PropertyValueSpecification","valueRequired":true,"valueName":"search_term_string"}}],"inLanguage":"es"},{"@type":"Organization","@id":"https:\/\/henryschein-aesthetics.com\/#organization","name":"Henry Schein - Aesthetics","url":"https:\/\/henryschein-aesthetics.com\/","logo":{"@type":"ImageObject","inLanguage":"es","@id":"https:\/\/henryschein-aesthetics.com\/#\/schema\/logo\/image\/","url":"https:\/\/henryschein-aesthetics.com\/wp-content\/uploads\/2025\/06\/26.09-HENRY-SCHEIN-AESTHETICS-LOGO.svg","contentUrl":"https:\/\/henryschein-aesthetics.com\/wp-content\/uploads\/2025\/06\/26.09-HENRY-SCHEIN-AESTHETICS-LOGO.svg","caption":"Henry Schein - Aesthetics"},"image":{"@id":"https:\/\/henryschein-aesthetics.com\/#\/schema\/logo\/image\/"}}]}},"df_price":"","df_sale_price":"","df_regular_price":"","df_image_link":"https:\/\/henryschein-aesthetics.com\/wp-content\/uploads\/2025\/06\/Carritos-clinica-estetica-300x300.png","_links":{"self":[{"href":"https:\/\/henryschein-aesthetics.com\/es\/wp-json\/wp\/v2\/product\/3624","targetHints":{"allow":["GET"]}}],"collection":[{"href":"https:\/\/henryschein-aesthetics.com\/es\/wp-json\/wp\/v2\/product"}],"about":[{"href":"https:\/\/henryschein-aesthetics.com\/es\/wp-json\/wp\/v2\/types\/product"}],"replies":[{"embeddable":true,"href":"https:\/\/henryschein-aesthetics.com\/es\/wp-json\/wp\/v2\/comments?post=3624"}],"version-history":[{"count":0,"href":"https:\/\/henryschein-aesthetics.com\/es\/wp-json\/wp\/v2\/product\/3624\/revisions"}],"wp:featuredmedia":[{"embeddable":true,"href":"https:\/\/henryschein-aesthetics.com\/es\/wp-json\/wp\/v2\/media\/3644"}],"wp:attachment":[{"href":"https:\/\/henryschein-aesthetics.com\/es\/wp-json\/wp\/v2\/media?parent=3624"}],"wp:term":[{"taxonomy":"product_brand","embeddable":true,"href":"https:\/\/henryschein-aesthetics.com\/es\/wp-json\/wp\/v2\/product_brand?post=3624"},{"taxonomy":"product_cat","embeddable":true,"href":"https:\/\/henryschein-aesthetics.com\/es\/wp-json\/wp\/v2\/product_cat?post=3624"},{"taxonomy":"product_tag","embeddable":true,"href":"https:\/\/henryschein-aesthetics.com\/es\/wp-json\/wp\/v2\/product_tag?post=3624"}],"curies":[{"name":"wp","href":"https:\/\/api.w.org\/{rel}","templated":true}]}}