{"id":3948,"date":"2025-10-28T17:05:56","date_gmt":"2025-10-28T16:05:56","guid":{"rendered":"https:\/\/henryschein-aesthetics.com\/?post_type=product&#038;p=3948"},"modified":"2025-10-29T17:29:18","modified_gmt":"2025-10-29T16:29:18","slug":"serum-de-mesoterapia-de-acido-hialuronico","status":"publish","type":"product","link":"https:\/\/henryschein-aesthetics.com\/es\/producto\/serum-de-mesoterapia-de-acido-hialuronico\/","title":{"rendered":"Serum de mesoterapia de \u00e1cido hialur\u00f3nico"},"content":{"rendered":"<p>Nuestros s\u00e9rums de mesoterapia con \u00e1cido hialur\u00f3nico est\u00e1n dise\u00f1ados para hidratar, rellenar y revitalizar la piel desde el interior. Formulados con ingredientes de alta pureza, favorecen la elasticidad, la firmeza y la luminosidad del rostro y cuello. Ideales para profesionales que buscan resultados visibles, seguros y duraderos en tratamientos est\u00e9ticos faciales.<\/p>\n","protected":false},"excerpt":{"rendered":"<p>S\u00e9rums de mesoterapia con \u00e1cido hialur\u00f3nico que hidratan, rellenan y revitalizan la piel, mejorando firmeza, elasticidad y luminosidad.<\/p>\n","protected":false},"featured_media":4002,"comment_status":"open","ping_status":"closed","template":"","meta":{"content-type":"","inline_featured_image":false},"product_brand":[],"product_cat":[93,92],"product_tag":[100],"class_list":{"0":"post-3948","1":"product","2":"type-product","3":"status-publish","4":"has-post-thumbnail","6":"product_cat-mesoterapia-corporal","7":"product_cat-mesoterapia-facial","8":"product_tag-inyectables-y-cremas-de-estetica","10":"first","11":"instock","12":"shipping-taxable","13":"product-type-simple"},"yoast_head":"<!-- This site is optimized with the Yoast SEO plugin v26.9 - https:\/\/yoast.com\/product\/yoast-seo-wordpress\/ -->\n<title>S\u00e9rum de mesoterapia de \u00e1cido hialur\u00f3nico | Henry Schein<\/title>\n<meta name=\"description\" content=\"Hidrataci\u00f3n profunda y revitalizaci\u00f3n de la piel gracias a tratamientos est\u00e9ticos aplicados por profesionales. Henry Schein\" \/>\n<meta name=\"robots\" content=\"index, follow, max-snippet:-1, max-image-preview:large, max-video-preview:-1\" \/>\n<link rel=\"canonical\" href=\"https:\/\/henryschein-aesthetics.com\/es\/producto\/serum-de-mesoterapia-de-acido-hialuronico\/\" \/>\n<meta property=\"og:locale\" content=\"es_ES\" \/>\n<meta property=\"og:type\" content=\"article\" \/>\n<meta property=\"og:title\" content=\"S\u00e9rum de mesoterapia de \u00e1cido hialur\u00f3nico | Henry Schein\" \/>\n<meta property=\"og:description\" content=\"Hidrataci\u00f3n profunda y revitalizaci\u00f3n de la piel gracias a tratamientos est\u00e9ticos aplicados por profesionales. Henry Schein\" \/>\n<meta property=\"og:url\" content=\"https:\/\/henryschein-aesthetics.com\/es\/producto\/serum-de-mesoterapia-de-acido-hialuronico\/\" \/>\n<meta property=\"og:site_name\" content=\"Henry Schein Aesthetics\" \/>\n<meta property=\"article:modified_time\" content=\"2025-10-29T16:29:18+00:00\" \/>\n<meta property=\"og:image\" content=\"https:\/\/henryschein-aesthetics.com\/wp-content\/uploads\/2025\/10\/Diseno-sin-titulo.png\" \/>\n\t<meta property=\"og:image:width\" content=\"1200\" \/>\n\t<meta property=\"og:image:height\" content=\"1200\" \/>\n\t<meta property=\"og:image:type\" content=\"image\/png\" \/>\n<meta name=\"twitter:card\" content=\"summary_large_image\" \/>\n<meta name=\"twitter:label1\" content=\"Tiempo de lectura\" \/>\n\t<meta name=\"twitter:data1\" content=\"1 minuto\" \/>\n<script type=\"application\/ld+json\" class=\"yoast-schema-graph\">{\"@context\":\"https:\/\/schema.org\",\"@graph\":[{\"@type\":\"WebPage\",\"@id\":\"https:\/\/henryschein-aesthetics.com\/es\/producto\/serum-de-mesoterapia-de-acido-hialuronico\/\",\"url\":\"https:\/\/henryschein-aesthetics.com\/es\/producto\/serum-de-mesoterapia-de-acido-hialuronico\/\",\"name\":\"S\u00e9rum de mesoterapia de \u00e1cido hialur\u00f3nico | Henry Schein\",\"isPartOf\":{\"@id\":\"https:\/\/henryschein-aesthetics.com\/#website\"},\"primaryImageOfPage\":{\"@id\":\"https:\/\/henryschein-aesthetics.com\/es\/producto\/serum-de-mesoterapia-de-acido-hialuronico\/#primaryimage\"},\"image\":{\"@id\":\"https:\/\/henryschein-aesthetics.com\/es\/producto\/serum-de-mesoterapia-de-acido-hialuronico\/#primaryimage\"},\"thumbnailUrl\":\"https:\/\/henryschein-aesthetics.com\/wp-content\/uploads\/2025\/10\/Diseno-sin-titulo.png\",\"datePublished\":\"2025-10-28T16:05:56+00:00\",\"dateModified\":\"2025-10-29T16:29:18+00:00\",\"description\":\"Hidrataci\u00f3n profunda y revitalizaci\u00f3n de la piel gracias a tratamientos est\u00e9ticos aplicados por profesionales. Henry Schein\",\"breadcrumb\":{\"@id\":\"https:\/\/henryschein-aesthetics.com\/es\/producto\/serum-de-mesoterapia-de-acido-hialuronico\/#breadcrumb\"},\"inLanguage\":\"es\",\"potentialAction\":[{\"@type\":\"ReadAction\",\"target\":[\"https:\/\/henryschein-aesthetics.com\/es\/producto\/serum-de-mesoterapia-de-acido-hialuronico\/\"]}]},{\"@type\":\"ImageObject\",\"inLanguage\":\"es\",\"@id\":\"https:\/\/henryschein-aesthetics.com\/es\/producto\/serum-de-mesoterapia-de-acido-hialuronico\/#primaryimage\",\"url\":\"https:\/\/henryschein-aesthetics.com\/wp-content\/uploads\/2025\/10\/Diseno-sin-titulo.png\",\"contentUrl\":\"https:\/\/henryschein-aesthetics.com\/wp-content\/uploads\/2025\/10\/Diseno-sin-titulo.png\",\"width\":1200,\"height\":1200,\"caption\":\"serum-mesoterapia-inyectable\"},{\"@type\":\"BreadcrumbList\",\"@id\":\"https:\/\/henryschein-aesthetics.com\/es\/producto\/serum-de-mesoterapia-de-acido-hialuronico\/#breadcrumb\",\"itemListElement\":[{\"@type\":\"ListItem\",\"position\":1,\"name\":\"Home\",\"item\":\"https:\/\/henryschein-aesthetics.com\/es\/\"},{\"@type\":\"ListItem\",\"position\":2,\"name\":\"Tienda\",\"item\":\"https:\/\/henryschein-aesthetics.com\/es\/tienda\/\"},{\"@type\":\"ListItem\",\"position\":3,\"name\":\"Mesoterapia corporal\",\"item\":\"https:\/\/henryschein-aesthetics.com\/es\/categoria-producto\/mesoterapia-corporal\/\"},{\"@type\":\"ListItem\",\"position\":4,\"name\":\"Serum de mesoterapia de \u00e1cido hialur\u00f3nico\"}]},{\"@type\":\"WebSite\",\"@id\":\"https:\/\/henryschein-aesthetics.com\/#website\",\"url\":\"https:\/\/henryschein-aesthetics.com\/\",\"name\":\"Henry Schein - Aesthetics\",\"description\":\"\",\"publisher\":{\"@id\":\"https:\/\/henryschein-aesthetics.com\/#organization\"},\"potentialAction\":[{\"@type\":\"SearchAction\",\"target\":{\"@type\":\"EntryPoint\",\"urlTemplate\":\"https:\/\/henryschein-aesthetics.com\/?s={search_term_string}\"},\"query-input\":{\"@type\":\"PropertyValueSpecification\",\"valueRequired\":true,\"valueName\":\"search_term_string\"}}],\"inLanguage\":\"es\"},{\"@type\":\"Organization\",\"@id\":\"https:\/\/henryschein-aesthetics.com\/#organization\",\"name\":\"Henry Schein - Aesthetics\",\"url\":\"https:\/\/henryschein-aesthetics.com\/\",\"logo\":{\"@type\":\"ImageObject\",\"inLanguage\":\"es\",\"@id\":\"https:\/\/henryschein-aesthetics.com\/#\/schema\/logo\/image\/\",\"url\":\"https:\/\/henryschein-aesthetics.com\/wp-content\/uploads\/2025\/06\/26.09-HENRY-SCHEIN-AESTHETICS-LOGO.svg\",\"contentUrl\":\"https:\/\/henryschein-aesthetics.com\/wp-content\/uploads\/2025\/06\/26.09-HENRY-SCHEIN-AESTHETICS-LOGO.svg\",\"caption\":\"Henry Schein - Aesthetics\"},\"image\":{\"@id\":\"https:\/\/henryschein-aesthetics.com\/#\/schema\/logo\/image\/\"}}]}<\/script>\n<!-- \/ Yoast SEO plugin. -->","yoast_head_json":{"title":"S\u00e9rum de mesoterapia de \u00e1cido hialur\u00f3nico | Henry Schein","description":"Hidrataci\u00f3n profunda y revitalizaci\u00f3n de la piel gracias a tratamientos est\u00e9ticos aplicados por profesionales. Henry Schein","robots":{"index":"index","follow":"follow","max-snippet":"max-snippet:-1","max-image-preview":"max-image-preview:large","max-video-preview":"max-video-preview:-1"},"canonical":"https:\/\/henryschein-aesthetics.com\/es\/producto\/serum-de-mesoterapia-de-acido-hialuronico\/","og_locale":"es_ES","og_type":"article","og_title":"S\u00e9rum de mesoterapia de \u00e1cido hialur\u00f3nico | Henry Schein","og_description":"Hidrataci\u00f3n profunda y revitalizaci\u00f3n de la piel gracias a tratamientos est\u00e9ticos aplicados por profesionales. Henry Schein","og_url":"https:\/\/henryschein-aesthetics.com\/es\/producto\/serum-de-mesoterapia-de-acido-hialuronico\/","og_site_name":"Henry Schein Aesthetics","article_modified_time":"2025-10-29T16:29:18+00:00","og_image":[{"width":1200,"height":1200,"url":"https:\/\/henryschein-aesthetics.com\/wp-content\/uploads\/2025\/10\/Diseno-sin-titulo.png","type":"image\/png"}],"twitter_card":"summary_large_image","twitter_misc":{"Tiempo de lectura":"1 minuto"},"schema":{"@context":"https:\/\/schema.org","@graph":[{"@type":"WebPage","@id":"https:\/\/henryschein-aesthetics.com\/es\/producto\/serum-de-mesoterapia-de-acido-hialuronico\/","url":"https:\/\/henryschein-aesthetics.com\/es\/producto\/serum-de-mesoterapia-de-acido-hialuronico\/","name":"S\u00e9rum de mesoterapia de \u00e1cido hialur\u00f3nico | Henry Schein","isPartOf":{"@id":"https:\/\/henryschein-aesthetics.com\/#website"},"primaryImageOfPage":{"@id":"https:\/\/henryschein-aesthetics.com\/es\/producto\/serum-de-mesoterapia-de-acido-hialuronico\/#primaryimage"},"image":{"@id":"https:\/\/henryschein-aesthetics.com\/es\/producto\/serum-de-mesoterapia-de-acido-hialuronico\/#primaryimage"},"thumbnailUrl":"https:\/\/henryschein-aesthetics.com\/wp-content\/uploads\/2025\/10\/Diseno-sin-titulo.png","datePublished":"2025-10-28T16:05:56+00:00","dateModified":"2025-10-29T16:29:18+00:00","description":"Hidrataci\u00f3n profunda y revitalizaci\u00f3n de la piel gracias a tratamientos est\u00e9ticos aplicados por profesionales. Henry Schein","breadcrumb":{"@id":"https:\/\/henryschein-aesthetics.com\/es\/producto\/serum-de-mesoterapia-de-acido-hialuronico\/#breadcrumb"},"inLanguage":"es","potentialAction":[{"@type":"ReadAction","target":["https:\/\/henryschein-aesthetics.com\/es\/producto\/serum-de-mesoterapia-de-acido-hialuronico\/"]}]},{"@type":"ImageObject","inLanguage":"es","@id":"https:\/\/henryschein-aesthetics.com\/es\/producto\/serum-de-mesoterapia-de-acido-hialuronico\/#primaryimage","url":"https:\/\/henryschein-aesthetics.com\/wp-content\/uploads\/2025\/10\/Diseno-sin-titulo.png","contentUrl":"https:\/\/henryschein-aesthetics.com\/wp-content\/uploads\/2025\/10\/Diseno-sin-titulo.png","width":1200,"height":1200,"caption":"serum-mesoterapia-inyectable"},{"@type":"BreadcrumbList","@id":"https:\/\/henryschein-aesthetics.com\/es\/producto\/serum-de-mesoterapia-de-acido-hialuronico\/#breadcrumb","itemListElement":[{"@type":"ListItem","position":1,"name":"Home","item":"https:\/\/henryschein-aesthetics.com\/es\/"},{"@type":"ListItem","position":2,"name":"Tienda","item":"https:\/\/henryschein-aesthetics.com\/es\/tienda\/"},{"@type":"ListItem","position":3,"name":"Mesoterapia corporal","item":"https:\/\/henryschein-aesthetics.com\/es\/categoria-producto\/mesoterapia-corporal\/"},{"@type":"ListItem","position":4,"name":"Serum de mesoterapia de \u00e1cido hialur\u00f3nico"}]},{"@type":"WebSite","@id":"https:\/\/henryschein-aesthetics.com\/#website","url":"https:\/\/henryschein-aesthetics.com\/","name":"Henry Schein - Aesthetics","description":"","publisher":{"@id":"https:\/\/henryschein-aesthetics.com\/#organization"},"potentialAction":[{"@type":"SearchAction","target":{"@type":"EntryPoint","urlTemplate":"https:\/\/henryschein-aesthetics.com\/?s={search_term_string}"},"query-input":{"@type":"PropertyValueSpecification","valueRequired":true,"valueName":"search_term_string"}}],"inLanguage":"es"},{"@type":"Organization","@id":"https:\/\/henryschein-aesthetics.com\/#organization","name":"Henry Schein - Aesthetics","url":"https:\/\/henryschein-aesthetics.com\/","logo":{"@type":"ImageObject","inLanguage":"es","@id":"https:\/\/henryschein-aesthetics.com\/#\/schema\/logo\/image\/","url":"https:\/\/henryschein-aesthetics.com\/wp-content\/uploads\/2025\/06\/26.09-HENRY-SCHEIN-AESTHETICS-LOGO.svg","contentUrl":"https:\/\/henryschein-aesthetics.com\/wp-content\/uploads\/2025\/06\/26.09-HENRY-SCHEIN-AESTHETICS-LOGO.svg","caption":"Henry Schein - Aesthetics"},"image":{"@id":"https:\/\/henryschein-aesthetics.com\/#\/schema\/logo\/image\/"}}]}},"df_price":"","df_sale_price":"","df_regular_price":"","df_image_link":"https:\/\/henryschein-aesthetics.com\/wp-content\/uploads\/2025\/10\/Diseno-sin-titulo-300x300.png","_links":{"self":[{"href":"https:\/\/henryschein-aesthetics.com\/es\/wp-json\/wp\/v2\/product\/3948","targetHints":{"allow":["GET"]}}],"collection":[{"href":"https:\/\/henryschein-aesthetics.com\/es\/wp-json\/wp\/v2\/product"}],"about":[{"href":"https:\/\/henryschein-aesthetics.com\/es\/wp-json\/wp\/v2\/types\/product"}],"replies":[{"embeddable":true,"href":"https:\/\/henryschein-aesthetics.com\/es\/wp-json\/wp\/v2\/comments?post=3948"}],"version-history":[{"count":0,"href":"https:\/\/henryschein-aesthetics.com\/es\/wp-json\/wp\/v2\/product\/3948\/revisions"}],"wp:featuredmedia":[{"embeddable":true,"href":"https:\/\/henryschein-aesthetics.com\/es\/wp-json\/wp\/v2\/media\/4002"}],"wp:attachment":[{"href":"https:\/\/henryschein-aesthetics.com\/es\/wp-json\/wp\/v2\/media?parent=3948"}],"wp:term":[{"taxonomy":"product_brand","embeddable":true,"href":"https:\/\/henryschein-aesthetics.com\/es\/wp-json\/wp\/v2\/product_brand?post=3948"},{"taxonomy":"product_cat","embeddable":true,"href":"https:\/\/henryschein-aesthetics.com\/es\/wp-json\/wp\/v2\/product_cat?post=3948"},{"taxonomy":"product_tag","embeddable":true,"href":"https:\/\/henryschein-aesthetics.com\/es\/wp-json\/wp\/v2\/product_tag?post=3948"}],"curies":[{"name":"wp","href":"https:\/\/api.w.org\/{rel}","templated":true}]}}