{"id":3796,"date":"2025-08-28T16:18:06","date_gmt":"2025-08-28T14:18:06","guid":{"rendered":"https:\/\/henryschein-aesthetics.com\/consultoria-e-formacao\/formacion-profesionales-dentales\/"},"modified":"2025-08-29T16:31:59","modified_gmt":"2025-08-29T14:31:59","slug":"formacao-profissional-em-odontologia","status":"publish","type":"page","link":"https:\/\/henryschein-aesthetics.com\/pt\/consultoria-e-formacao\/formacao-profissional-em-odontologia\/","title":{"rendered":"Forma\u00e7\u00e3o"},"content":{"rendered":"\t\t<div data-elementor-type=\"wp-page\" data-elementor-id=\"3796\" class=\"elementor elementor-3796 elementor-3716\" data-elementor-post-type=\"page\">\n\t\t\t\t<div class=\"elementor-element elementor-element-3e75d70d e-flex e-con-boxed e-con e-parent\" data-id=\"3e75d70d\" data-element_type=\"container\" data-e-type=\"container\" data-settings=\"{&quot;background_background&quot;:&quot;classic&quot;}\">\n\t\t\t\t\t<div class=\"e-con-inner\">\n\t\t<div class=\"elementor-element elementor-element-51ea03c8 e-con-full e-flex elementor-invisible e-con e-child\" data-id=\"51ea03c8\" data-element_type=\"container\" data-e-type=\"container\" data-settings=\"{&quot;background_background&quot;:&quot;classic&quot;,&quot;animation&quot;:&quot;fadeIn&quot;}\">\n\t\t\t\t<div class=\"elementor-element elementor-element-301c9405 elementor-widget__width-initial elementor-widget elementor-widget-heading\" data-id=\"301c9405\" data-element_type=\"widget\" data-e-type=\"widget\" data-widget_type=\"heading.default\">\n\t\t\t\t<div class=\"elementor-widget-container\">\n\t\t\t\t\t<h1 class=\"elementor-heading-title elementor-size-default\">Forma\u00e7\u00e3o profissional em odontologia\n<\/h1>\t\t\t\t<\/div>\n\t\t\t\t<\/div>\n\t\t<div class=\"elementor-element elementor-element-e6a9125 e-con-full animated-fast e-flex elementor-invisible e-con e-child\" data-id=\"e6a9125\" data-element_type=\"container\" data-e-type=\"container\" data-settings=\"{&quot;background_background&quot;:&quot;classic&quot;,&quot;animation&quot;:&quot;jello&quot;}\">\n\t\t\t\t<\/div>\n\t\t\t\t<div class=\"elementor-element elementor-element-26bdd50b elementor-widget elementor-widget-text-editor\" data-id=\"26bdd50b\" data-element_type=\"widget\" data-e-type=\"widget\" data-widget_type=\"text-editor.default\">\n\t\t\t\t<div class=\"elementor-widget-container\">\n\t\t\t\t\t\t\t\t\t<p>No campo da odontologia, a forma\u00e7\u00e3o cont\u00ednua \u00e9 um pilar fundamental que sustenta o sucesso e a excel\u00eancia na pr\u00e1tica profissional. Os profissionais da \u00e1rea odontol\u00f3gica, como dentistas, higienistas e especialistas cl\u00ednicos e laboratoriais, devem reconhecer que o seu compromisso com a aprendizagem permanente \u00e9 essencial para oferecer um servi\u00e7o de qualidade, manter-se atualizados com as \u00faltimas t\u00e9cnicas e tecnologias e garantir o bem-estar dos seus pacientes.<\/p>\t\t\t\t\t\t\t\t<\/div>\n\t\t\t\t<\/div>\n\t\t\t\t<\/div>\n\t\t\t\t\t<\/div>\n\t\t\t\t<\/div>\n\t\t<div class=\"elementor-element elementor-element-6b8d093b e-flex e-con-boxed e-con e-parent\" data-id=\"6b8d093b\" data-element_type=\"container\" data-e-type=\"container\">\n\t\t\t\t\t<div class=\"e-con-inner\">\n\t\t<div class=\"elementor-element elementor-element-345a28b e-con-full e-flex e-con e-child\" data-id=\"345a28b\" data-element_type=\"container\" data-e-type=\"container\">\n\t\t\t\t<div class=\"elementor-element elementor-element-50700274 elementor-widget__width-initial elementor-invisible elementor-widget elementor-widget-heading\" data-id=\"50700274\" data-element_type=\"widget\" data-e-type=\"widget\" data-settings=\"{&quot;_animation&quot;:&quot;fadeIn&quot;}\" data-widget_type=\"heading.default\">\n\t\t\t\t<div class=\"elementor-widget-container\">\n\t\t\t\t\t<h2 class=\"elementor-heading-title elementor-size-default\">A odontologia \u00e9 uma disciplina em constante evolu\u00e7\u00e3o.<\/h2>\t\t\t\t<\/div>\n\t\t\t\t<\/div>\n\t\t\t\t<div class=\"elementor-element elementor-element-ad0659a elementor-invisible elementor-widget elementor-widget-text-editor\" data-id=\"ad0659a\" data-element_type=\"widget\" data-e-type=\"widget\" data-settings=\"{&quot;_animation&quot;:&quot;fadeIn&quot;}\" data-widget_type=\"text-editor.default\">\n\t\t\t\t<div class=\"elementor-widget-container\">\n\t\t\t\t\t\t\t\t\t<p>\u00c0 medida que a ci\u00eancia e a tecnologia avan\u00e7am, surgem novos tratamentos, materiais e procedimentos que melhoram a efic\u00e1cia e o conforto dos pacientes. Sem uma forma\u00e7\u00e3o cont\u00ednua, os profissionais da \u00e1rea odontol\u00f3gica correm o risco de ficar para tr\u00e1s e n\u00e3o oferecer os melhores cuidados poss\u00edveis. Al\u00e9m disso, a educa\u00e7\u00e3o continuada permite que eles aperfei\u00e7oem as suas habilidades e adquiram novas compet\u00eancias para lidar com casos mais complexos com confian\u00e7a e destreza.<\/p><p>A forma\u00e7\u00e3o cont\u00ednua \u00e9 crucial para se manter atualizado com as \u00faltimas pesquisas e pr\u00e1ticas baseadas em evid\u00eancias.<\/p>\t\t\t\t\t\t\t\t<\/div>\n\t\t\t\t<\/div>\n\t\t\t\t<\/div>\n\t\t<div class=\"elementor-element elementor-element-575aa09d e-con-full e-flex e-con e-child\" data-id=\"575aa09d\" data-element_type=\"container\" data-e-type=\"container\">\n\t\t\t\t<div class=\"elementor-element elementor-element-e57beb5 elementor-widget__width-initial elementor-invisible elementor-widget elementor-widget-heading\" data-id=\"e57beb5\" data-element_type=\"widget\" data-e-type=\"widget\" data-settings=\"{&quot;_animation&quot;:&quot;fadeIn&quot;}\" data-widget_type=\"heading.default\">\n\t\t\t\t<div class=\"elementor-widget-container\">\n\t\t\t\t\t<h2 class=\"elementor-heading-title elementor-size-default\">Estar a par das \u00faltimas descobertas cient\u00edficas garante que os tratamentos sejam seguros, eficazes e de qualidade.\n<\/h2>\t\t\t\t<\/div>\n\t\t\t\t<\/div>\n\t\t\t\t<div class=\"elementor-element elementor-element-7d0fccc elementor-invisible elementor-widget elementor-widget-text-editor\" data-id=\"7d0fccc\" data-element_type=\"widget\" data-e-type=\"widget\" data-settings=\"{&quot;_animation&quot;:&quot;fadeIn&quot;}\" data-widget_type=\"text-editor.default\">\n\t\t\t\t<div class=\"elementor-widget-container\">\n\t\t\t\t\t\t\t\t\t<p>A forma\u00e7\u00e3o cont\u00ednua tamb\u00e9m permite que os profissionais dent\u00e1rios se especializem em \u00e1reas espec\u00edficas da odontologia, o que amplia as suas oportunidades profissionais e lhes permite oferecer um atendimento mais especializado e personalizado aos seus pacientes.<\/p>\t\t\t\t\t\t\t\t<\/div>\n\t\t\t\t<\/div>\n\t\t\t\t<\/div>\n\t\t\t\t\t<\/div>\n\t\t\t\t<\/div>\n\t\t<div class=\"elementor-element elementor-element-5290a77b e-flex e-con-boxed e-con e-parent\" data-id=\"5290a77b\" data-element_type=\"container\" data-e-type=\"container\" data-settings=\"{&quot;background_background&quot;:&quot;classic&quot;}\">\n\t\t\t\t\t<div class=\"e-con-inner\">\n\t\t\t\t<div class=\"elementor-element elementor-element-ef8b58a elementor-widget__width-initial elementor-invisible elementor-widget elementor-widget-heading\" data-id=\"ef8b58a\" data-element_type=\"widget\" data-e-type=\"widget\" data-settings=\"{&quot;_animation&quot;:&quot;fadeIn&quot;}\" data-widget_type=\"heading.default\">\n\t\t\t\t<div class=\"elementor-widget-container\">\n\t\t\t\t\t<h2 class=\"elementor-heading-title elementor-size-default\">Ao especializarem-se, os profissionais podem tornar-se l\u00edderes nas suas \u00e1reas.\n\n<\/h2>\t\t\t\t<\/div>\n\t\t\t\t<\/div>\n\t\t\t\t<div class=\"elementor-element elementor-element-45d5522b elementor-widget__width-initial elementor-invisible elementor-widget elementor-widget-text-editor\" data-id=\"45d5522b\" data-element_type=\"widget\" data-e-type=\"widget\" data-settings=\"{&quot;_animation&quot;:&quot;fadeIn&quot;}\" data-widget_type=\"text-editor.default\">\n\t\t\t\t<div class=\"elementor-widget-container\">\n\t\t\t\t\t\t\t\t\t<p>Al\u00e9m dos benef\u00edcios profissionais, a forma\u00e7\u00e3o cont\u00ednua tamb\u00e9m tem um impacto positivo na satisfa\u00e7\u00e3o pessoal do profissional de odontologia. A aprendizagem constante estimula a paix\u00e3o pela profiss\u00e3o e alimenta o desejo de melhorar continuamente. Estar informado e atualizado gera confian\u00e7a e reduz o stress associado \u00e0 incerteza na tomada de decis\u00f5es cl\u00ednicas.<\/p>\t\t\t\t\t\t\t\t<\/div>\n\t\t\t\t<\/div>\n\t\t\t\t<div class=\"elementor-element elementor-element-4a572e6 elementor-widget__width-initial elementor-invisible elementor-widget elementor-widget-heading\" data-id=\"4a572e6\" data-element_type=\"widget\" data-e-type=\"widget\" data-settings=\"{&quot;_animation&quot;:&quot;fadeIn&quot;}\" data-widget_type=\"heading.default\">\n\t\t\t\t<div class=\"elementor-widget-container\">\n\t\t\t\t\t<h2 class=\"elementor-heading-title elementor-size-default\">Os nossos consultores podem fazer uma avalia\u00e7\u00e3o e analisar as necessidades de forma\u00e7\u00e3o dos seus funcion\u00e1rios:\n<\/h2>\t\t\t\t<\/div>\n\t\t\t\t<\/div>\n\t\t\t\t<div class=\"elementor-element elementor-element-439599e elementor-widget__width-initial elementor-invisible elementor-widget elementor-widget-text-editor\" data-id=\"439599e\" data-element_type=\"widget\" data-e-type=\"widget\" data-settings=\"{&quot;_animation&quot;:&quot;fadeIn&quot;}\" data-widget_type=\"text-editor.default\">\n\t\t\t\t<div class=\"elementor-widget-container\">\n\t\t\t\t\t\t\t\t\t<p>T\u00e9cnicas de venda.<br \/>Atendimento telef\u00f3nico.<br \/>Aumento de visitas.<\/p>\t\t\t\t\t\t\t\t<\/div>\n\t\t\t\t<\/div>\n\t\t\t\t\t<\/div>\n\t\t\t\t<\/div>\n\t\t<div class=\"elementor-element elementor-element-3f1d8ec5 e-flex e-con-boxed e-con e-parent\" data-id=\"3f1d8ec5\" data-element_type=\"container\" data-e-type=\"container\" data-settings=\"{&quot;background_background&quot;:&quot;classic&quot;}\">\n\t\t\t\t\t<div class=\"e-con-inner\">\n\t\t<div class=\"elementor-element elementor-element-125e58c0 e-con-full e-flex e-con e-child\" data-id=\"125e58c0\" data-element_type=\"container\" data-e-type=\"container\">\n\t\t\t\t<div class=\"elementor-element elementor-element-6d99e1cc elementor-widget__width-initial elementor-invisible elementor-widget elementor-widget-heading\" data-id=\"6d99e1cc\" data-element_type=\"widget\" data-e-type=\"widget\" data-settings=\"{&quot;_animation&quot;:&quot;fadeIn&quot;}\" data-widget_type=\"heading.default\">\n\t\t\t\t<div class=\"elementor-widget-container\">\n\t\t\t\t\t<h3 class=\"elementor-heading-title elementor-size-default\">Est\u00e1 a pensar renovar <strong> o seu neg\u00f3cio?<\/strong><\/h3>\t\t\t\t<\/div>\n\t\t\t\t<\/div>\n\t\t\t\t<\/div>\n\t\t<div class=\"elementor-element elementor-element-3be93e66 e-con-full e-flex e-con e-child\" data-id=\"3be93e66\" data-element_type=\"container\" data-e-type=\"container\">\n\t\t\t\t<div class=\"elementor-element elementor-element-f6197e9 elementor-widget__width-initial elementor-widget elementor-widget-video\" data-id=\"f6197e9\" data-element_type=\"widget\" data-e-type=\"widget\" data-settings=\"{&quot;youtube_url&quot;:&quot;https:\\\/\\\/www.youtube.com\\\/watch?v=3dne52CUfjw&quot;,&quot;video_type&quot;:&quot;youtube&quot;,&quot;controls&quot;:&quot;yes&quot;}\" data-widget_type=\"video.default\">\n\t\t\t\t<div class=\"elementor-widget-container\">\n\t\t\t\t\t\t\t<div class=\"elementor-wrapper elementor-open-inline\">\n\t\t\t<div class=\"elementor-video\"><\/div>\t\t<\/div>\n\t\t\t\t\t\t<\/div>\n\t\t\t\t<\/div>\n\t\t\t\t<\/div>\n\t\t\t\t\t<\/div>\n\t\t\t\t<\/div>\n\t\t<div class=\"elementor-element elementor-element-b00e234 e-con-full e-flex e-con e-parent\" data-id=\"b00e234\" data-element_type=\"container\" data-e-type=\"container\">\n\t\t\t\t<div class=\"elementor-element elementor-element-f772b0b elementor-widget elementor-widget-shortcode\" data-id=\"f772b0b\" data-element_type=\"widget\" data-e-type=\"widget\" data-widget_type=\"shortcode.default\">\n\t\t\t\t<div class=\"elementor-widget-container\">\n\t\t\t\t\t\t\t<div class=\"elementor-shortcode\">\t\t<div data-elementor-type=\"section\" data-elementor-id=\"2937\" class=\"elementor elementor-2937 elementor-529\" data-elementor-post-type=\"elementor_library\">\n\t\t\t<div class=\"elementor-element elementor-element-921e5e5 e-con-full e-flex e-con e-parent\" data-id=\"921e5e5\" data-element_type=\"container\" data-e-type=\"container\">\n\t\t<div class=\"elementor-element elementor-element-0559613 e-con-full prefoot-pt-container e-flex e-con e-child\" data-id=\"0559613\" data-element_type=\"container\" data-e-type=\"container\" data-settings=\"{&quot;background_background&quot;:&quot;classic&quot;}\">\n\t\t\t\t<div class=\"elementor-element elementor-element-ca655ab elementor-invisible elementor-widget elementor-widget-text-editor\" data-id=\"ca655ab\" data-element_type=\"widget\" data-e-type=\"widget\" data-settings=\"{&quot;_animation&quot;:&quot;fadeIn&quot;}\" data-widget_type=\"text-editor.default\">\n\t\t\t\t<div class=\"elementor-widget-container\">\n\t\t\t\t\t\t\t\t\t<p>Dispomos de um vasto cat\u00e1logo com <b>produtos de qualidade ao melhor pre\u00e7o<\/b><\/p>\t\t\t\t\t\t\t\t<\/div>\n\t\t\t\t<\/div>\n\t\t\t\t<div class=\"elementor-element elementor-element-e238865 elementor-widget__width-initial elementor-invisible elementor-widget elementor-widget-heading\" data-id=\"e238865\" data-element_type=\"widget\" data-e-type=\"widget\" data-settings=\"{&quot;_animation&quot;:&quot;fadeIn&quot;}\" data-widget_type=\"heading.default\">\n\t\t\t\t<div class=\"elementor-widget-container\">\n\t\t\t\t\t<h2 class=\"elementor-heading-title elementor-size-default\">CONHECE OS NOSSOS PRODUTOS DE MARCA PR\u00d3PRIA?<\/h2>\t\t\t\t<\/div>\n\t\t\t\t<\/div>\n\t\t\t\t<div class=\"elementor-element elementor-element-f77c91b elementor-align-center elementor-widget__width-initial elementor-mobile-align-center elementor-invisible elementor-widget elementor-widget-button\" data-id=\"f77c91b\" data-element_type=\"widget\" data-e-type=\"widget\" id=\"catalogo-pdf-modulo-marca-propia\" data-settings=\"{&quot;_animation&quot;:&quot;fadeIn&quot;}\" data-widget_type=\"button.default\">\n\t\t\t\t<div class=\"elementor-widget-container\">\n\t\t\t\t\t\t\t\t\t<div class=\"elementor-button-wrapper\">\n\t\t\t\t\t<a class=\"elementor-button elementor-button-link elementor-size-sm\" href=\"https:\/\/online.flippingbook.com\/view\/316785675\/\" target=\"_blank\">\n\t\t\t\t\t\t<span class=\"elementor-button-content-wrapper\">\n\t\t\t\t\t\t<span class=\"elementor-button-icon\">\n\t\t\t\t<svg xmlns=\"http:\/\/www.w3.org\/2000\/svg\" id=\"Capa_1\" viewBox=\"0 0 15.6 15.6\"><path d=\"M15.6,8.1V.8c0-.4-.3-.8-.8-.8h-7.8v1.5h5.9L0,14.5l1.1,1.1L14,2.6v5.5h1.5Z\" fill=\"#fff\"><\/path><metadata><\/metadata><\/svg>\t\t\t<\/span>\n\t\t\t\t\t\t\t\t\t<span class=\"elementor-button-text\">Descarregar o cat\u00e1logo<\/span>\n\t\t\t\t\t<\/span>\n\t\t\t\t\t<\/a>\n\t\t\t\t<\/div>\n\t\t\t\t\t\t\t\t<\/div>\n\t\t\t\t<\/div>\n\t\t\t\t<\/div>\n\t\t\t\t<\/div>\n\t\t<div class=\"elementor-element elementor-element-08d21fe e-con-full e-flex e-con e-parent\" data-id=\"08d21fe\" data-element_type=\"container\" data-e-type=\"container\">\n\t\t<div class=\"elementor-element elementor-element-2470af1 e-con-full e-flex e-con e-child\" data-id=\"2470af1\" data-element_type=\"container\" data-e-type=\"container\" data-settings=\"{&quot;background_background&quot;:&quot;classic&quot;}\">\n\t\t\t\t<div class=\"elementor-element elementor-element-5c86f4e elementor-invisible elementor-widget elementor-widget-text-editor\" data-id=\"5c86f4e\" data-element_type=\"widget\" data-e-type=\"widget\" id=\"email-modulo-marca-propia\" data-settings=\"{&quot;_animation&quot;:&quot;fadeIn&quot;}\" data-widget_type=\"text-editor.default\">\n\t\t\t\t<div class=\"elementor-widget-container\">\n\t\t\t\t\t\t\t\t\t<p><span style=\"color: #ffffff;\"><a style=\"color: #ffffff;\" href=\"mailto:medical@henryschein.pt\">medical@henryschein.pt<\/a><\/span><\/p>\t\t\t\t\t\t\t\t<\/div>\n\t\t\t\t<\/div>\n\t\t\t\t<\/div>\n\t\t<div class=\"elementor-element elementor-element-9ea89dc e-con-full e-flex e-con e-child\" data-id=\"9ea89dc\" data-element_type=\"container\" data-e-type=\"container\" data-settings=\"{&quot;background_background&quot;:&quot;classic&quot;}\">\n\t\t\t\t<div class=\"elementor-element elementor-element-9374b4a elementor-invisible elementor-widget elementor-widget-text-editor\" data-id=\"9374b4a\" data-element_type=\"widget\" data-e-type=\"widget\" id=\"telefono-modulo-marca-propia\" data-settings=\"{&quot;_animation&quot;:&quot;fadeIn&quot;}\" data-widget_type=\"text-editor.default\">\n\t\t\t\t<div class=\"elementor-widget-container\">\n\t\t\t\t\t\t\t\t\t<p><a style=\"color: #ffffff;\" href=\"tel:+351211258213\"><strong>Contacta-nos: 21 12 58213<\/strong><\/a><\/p>\t\t\t\t\t\t\t\t<\/div>\n\t\t\t\t<\/div>\n\t\t\t\t<\/div>\n\t\t\t\t<\/div>\n\t\t\t\t<\/div>\n\t\t<\/div>\n\t\t\t\t\t\t<\/div>\n\t\t\t\t<\/div>\n\t\t\t\t<\/div>\n\t\t\t\t<\/div>\n\t\t","protected":false},"excerpt":{"rendered":"<p>Forma\u00e7\u00e3o profissional em odontologia No campo da odontologia, a forma\u00e7\u00e3o cont\u00ednua \u00e9 um pilar fundamental que sustenta o sucesso e a excel\u00eancia na pr\u00e1tica profissional. Os profissionais da \u00e1rea odontol\u00f3gica, como dentistas, higienistas e especialistas cl\u00ednicos e laboratoriais, devem reconhecer que o seu compromisso com a aprendizagem permanente \u00e9 essencial para oferecer um servi\u00e7o de [&hellip;]<\/p>\n","protected":false},"author":1,"featured_media":0,"parent":3784,"menu_order":0,"comment_status":"closed","ping_status":"closed","template":"elementor_header_footer","meta":{"content-type":"","inline_featured_image":false,"footnotes":""},"class_list":["post-3796","page","type-page","status-publish","hentry"],"yoast_head":"<!-- This site is optimized with the Yoast SEO plugin v26.9 - https:\/\/yoast.com\/product\/yoast-seo-wordpress\/ -->\n<title>Forma\u00e7\u00e3o - Henry Schein Aesthetics<\/title>\n<meta name=\"robots\" content=\"index, follow, max-snippet:-1, max-image-preview:large, max-video-preview:-1\" \/>\n<link rel=\"canonical\" href=\"https:\/\/henryschein-aesthetics.com\/pt\/consultoria-e-formacao\/formacao-profissional-em-odontologia\/\" \/>\n<meta property=\"og:locale\" content=\"pt_PT\" \/>\n<meta property=\"og:type\" content=\"article\" \/>\n<meta property=\"og:title\" content=\"Forma\u00e7\u00e3o - Henry Schein Aesthetics\" \/>\n<meta property=\"og:description\" content=\"Forma\u00e7\u00e3o profissional em odontologia No campo da odontologia, a forma\u00e7\u00e3o cont\u00ednua \u00e9 um pilar fundamental que sustenta o sucesso e a excel\u00eancia na pr\u00e1tica profissional. Os profissionais da \u00e1rea odontol\u00f3gica, como dentistas, higienistas e especialistas cl\u00ednicos e laboratoriais, devem reconhecer que o seu compromisso com a aprendizagem permanente \u00e9 essencial para oferecer um servi\u00e7o de [&hellip;]\" \/>\n<meta property=\"og:url\" content=\"https:\/\/henryschein-aesthetics.com\/pt\/consultoria-e-formacao\/formacao-profissional-em-odontologia\/\" \/>\n<meta property=\"og:site_name\" content=\"Henry Schein Aesthetics\" \/>\n<meta property=\"article:modified_time\" content=\"2025-08-29T14:31:59+00:00\" \/>\n<meta name=\"twitter:card\" content=\"summary_large_image\" \/>\n<meta name=\"twitter:label1\" content=\"Est. reading time\" \/>\n\t<meta name=\"twitter:data1\" content=\"2 minutes\" \/>\n<script type=\"application\/ld+json\" class=\"yoast-schema-graph\">{\"@context\":\"https:\/\/schema.org\",\"@graph\":[{\"@type\":\"WebPage\",\"@id\":\"https:\/\/henryschein-aesthetics.com\/pt\/consultoria-e-formacao\/formacao-profissional-em-odontologia\/\",\"url\":\"https:\/\/henryschein-aesthetics.com\/pt\/consultoria-e-formacao\/formacao-profissional-em-odontologia\/\",\"name\":\"Forma\u00e7\u00e3o - Henry Schein Aesthetics\",\"isPartOf\":{\"@id\":\"https:\/\/henryschein-aesthetics.com\/#website\"},\"datePublished\":\"2025-08-28T14:18:06+00:00\",\"dateModified\":\"2025-08-29T14:31:59+00:00\",\"breadcrumb\":{\"@id\":\"https:\/\/henryschein-aesthetics.com\/pt\/consultoria-e-formacao\/formacao-profissional-em-odontologia\/#breadcrumb\"},\"inLanguage\":\"pt-PTR\",\"potentialAction\":[{\"@type\":\"ReadAction\",\"target\":[\"https:\/\/henryschein-aesthetics.com\/pt\/consultoria-e-formacao\/formacao-profissional-em-odontologia\/\"]}]},{\"@type\":\"BreadcrumbList\",\"@id\":\"https:\/\/henryschein-aesthetics.com\/pt\/consultoria-e-formacao\/formacao-profissional-em-odontologia\/#breadcrumb\",\"itemListElement\":[{\"@type\":\"ListItem\",\"position\":1,\"name\":\"Home\",\"item\":\"https:\/\/henryschein-aesthetics.com\/pt\/\"},{\"@type\":\"ListItem\",\"position\":2,\"name\":\"Consultoria e forma\u00e7\u00e3o\",\"item\":\"https:\/\/henryschein-aesthetics.com\/pt\/consultoria-e-formacao\/\"},{\"@type\":\"ListItem\",\"position\":3,\"name\":\"Forma\u00e7\u00e3o\"}]},{\"@type\":\"WebSite\",\"@id\":\"https:\/\/henryschein-aesthetics.com\/#website\",\"url\":\"https:\/\/henryschein-aesthetics.com\/\",\"name\":\"Henry Schein - Aesthetics\",\"description\":\"\",\"publisher\":{\"@id\":\"https:\/\/henryschein-aesthetics.com\/#organization\"},\"potentialAction\":[{\"@type\":\"SearchAction\",\"target\":{\"@type\":\"EntryPoint\",\"urlTemplate\":\"https:\/\/henryschein-aesthetics.com\/?s={search_term_string}\"},\"query-input\":{\"@type\":\"PropertyValueSpecification\",\"valueRequired\":true,\"valueName\":\"search_term_string\"}}],\"inLanguage\":\"pt-PTR\"},{\"@type\":\"Organization\",\"@id\":\"https:\/\/henryschein-aesthetics.com\/#organization\",\"name\":\"Henry Schein - Aesthetics\",\"url\":\"https:\/\/henryschein-aesthetics.com\/\",\"logo\":{\"@type\":\"ImageObject\",\"inLanguage\":\"pt-PTR\",\"@id\":\"https:\/\/henryschein-aesthetics.com\/#\/schema\/logo\/image\/\",\"url\":\"https:\/\/henryschein-aesthetics.com\/wp-content\/uploads\/2025\/06\/26.09-HENRY-SCHEIN-AESTHETICS-LOGO.svg\",\"contentUrl\":\"https:\/\/henryschein-aesthetics.com\/wp-content\/uploads\/2025\/06\/26.09-HENRY-SCHEIN-AESTHETICS-LOGO.svg\",\"caption\":\"Henry Schein - Aesthetics\"},\"image\":{\"@id\":\"https:\/\/henryschein-aesthetics.com\/#\/schema\/logo\/image\/\"}}]}<\/script>\n<!-- \/ Yoast SEO plugin. -->","yoast_head_json":{"title":"Forma\u00e7\u00e3o - Henry Schein Aesthetics","robots":{"index":"index","follow":"follow","max-snippet":"max-snippet:-1","max-image-preview":"max-image-preview:large","max-video-preview":"max-video-preview:-1"},"canonical":"https:\/\/henryschein-aesthetics.com\/pt\/consultoria-e-formacao\/formacao-profissional-em-odontologia\/","og_locale":"pt_PT","og_type":"article","og_title":"Forma\u00e7\u00e3o - Henry Schein Aesthetics","og_description":"Forma\u00e7\u00e3o profissional em odontologia No campo da odontologia, a forma\u00e7\u00e3o cont\u00ednua \u00e9 um pilar fundamental que sustenta o sucesso e a excel\u00eancia na pr\u00e1tica profissional. Os profissionais da \u00e1rea odontol\u00f3gica, como dentistas, higienistas e especialistas cl\u00ednicos e laboratoriais, devem reconhecer que o seu compromisso com a aprendizagem permanente \u00e9 essencial para oferecer um servi\u00e7o de [&hellip;]","og_url":"https:\/\/henryschein-aesthetics.com\/pt\/consultoria-e-formacao\/formacao-profissional-em-odontologia\/","og_site_name":"Henry Schein Aesthetics","article_modified_time":"2025-08-29T14:31:59+00:00","twitter_card":"summary_large_image","twitter_misc":{"Est. reading time":"2 minutes"},"schema":{"@context":"https:\/\/schema.org","@graph":[{"@type":"WebPage","@id":"https:\/\/henryschein-aesthetics.com\/pt\/consultoria-e-formacao\/formacao-profissional-em-odontologia\/","url":"https:\/\/henryschein-aesthetics.com\/pt\/consultoria-e-formacao\/formacao-profissional-em-odontologia\/","name":"Forma\u00e7\u00e3o - Henry Schein Aesthetics","isPartOf":{"@id":"https:\/\/henryschein-aesthetics.com\/#website"},"datePublished":"2025-08-28T14:18:06+00:00","dateModified":"2025-08-29T14:31:59+00:00","breadcrumb":{"@id":"https:\/\/henryschein-aesthetics.com\/pt\/consultoria-e-formacao\/formacao-profissional-em-odontologia\/#breadcrumb"},"inLanguage":"pt-PTR","potentialAction":[{"@type":"ReadAction","target":["https:\/\/henryschein-aesthetics.com\/pt\/consultoria-e-formacao\/formacao-profissional-em-odontologia\/"]}]},{"@type":"BreadcrumbList","@id":"https:\/\/henryschein-aesthetics.com\/pt\/consultoria-e-formacao\/formacao-profissional-em-odontologia\/#breadcrumb","itemListElement":[{"@type":"ListItem","position":1,"name":"Home","item":"https:\/\/henryschein-aesthetics.com\/pt\/"},{"@type":"ListItem","position":2,"name":"Consultoria e forma\u00e7\u00e3o","item":"https:\/\/henryschein-aesthetics.com\/pt\/consultoria-e-formacao\/"},{"@type":"ListItem","position":3,"name":"Forma\u00e7\u00e3o"}]},{"@type":"WebSite","@id":"https:\/\/henryschein-aesthetics.com\/#website","url":"https:\/\/henryschein-aesthetics.com\/","name":"Henry Schein - Aesthetics","description":"","publisher":{"@id":"https:\/\/henryschein-aesthetics.com\/#organization"},"potentialAction":[{"@type":"SearchAction","target":{"@type":"EntryPoint","urlTemplate":"https:\/\/henryschein-aesthetics.com\/?s={search_term_string}"},"query-input":{"@type":"PropertyValueSpecification","valueRequired":true,"valueName":"search_term_string"}}],"inLanguage":"pt-PTR"},{"@type":"Organization","@id":"https:\/\/henryschein-aesthetics.com\/#organization","name":"Henry Schein - Aesthetics","url":"https:\/\/henryschein-aesthetics.com\/","logo":{"@type":"ImageObject","inLanguage":"pt-PTR","@id":"https:\/\/henryschein-aesthetics.com\/#\/schema\/logo\/image\/","url":"https:\/\/henryschein-aesthetics.com\/wp-content\/uploads\/2025\/06\/26.09-HENRY-SCHEIN-AESTHETICS-LOGO.svg","contentUrl":"https:\/\/henryschein-aesthetics.com\/wp-content\/uploads\/2025\/06\/26.09-HENRY-SCHEIN-AESTHETICS-LOGO.svg","caption":"Henry Schein - Aesthetics"},"image":{"@id":"https:\/\/henryschein-aesthetics.com\/#\/schema\/logo\/image\/"}}]}},"_links":{"self":[{"href":"https:\/\/henryschein-aesthetics.com\/pt\/wp-json\/wp\/v2\/pages\/3796","targetHints":{"allow":["GET"]}}],"collection":[{"href":"https:\/\/henryschein-aesthetics.com\/pt\/wp-json\/wp\/v2\/pages"}],"about":[{"href":"https:\/\/henryschein-aesthetics.com\/pt\/wp-json\/wp\/v2\/types\/page"}],"author":[{"embeddable":true,"href":"https:\/\/henryschein-aesthetics.com\/pt\/wp-json\/wp\/v2\/users\/1"}],"replies":[{"embeddable":true,"href":"https:\/\/henryschein-aesthetics.com\/pt\/wp-json\/wp\/v2\/comments?post=3796"}],"version-history":[{"count":4,"href":"https:\/\/henryschein-aesthetics.com\/pt\/wp-json\/wp\/v2\/pages\/3796\/revisions"}],"predecessor-version":[{"id":3801,"href":"https:\/\/henryschein-aesthetics.com\/pt\/wp-json\/wp\/v2\/pages\/3796\/revisions\/3801"}],"up":[{"embeddable":true,"href":"https:\/\/henryschein-aesthetics.com\/pt\/wp-json\/wp\/v2\/pages\/3784"}],"wp:attachment":[{"href":"https:\/\/henryschein-aesthetics.com\/pt\/wp-json\/wp\/v2\/media?parent=3796"}],"curies":[{"name":"wp","href":"https:\/\/api.w.org\/{rel}","templated":true}]}}