{"id":1427,"date":"2025-03-25T13:27:41","date_gmt":"2025-03-25T12:27:41","guid":{"rendered":"https:\/\/henryschein-aesthetics.com\/product\/inyectores-para-toxina-botulinica\/"},"modified":"2025-04-11T11:37:11","modified_gmt":"2025-04-11T09:37:11","slug":"injetores-para-toxina-botulinica","status":"publish","type":"product","link":"https:\/\/henryschein-aesthetics.com\/pt\/produto\/injetores-para-toxina-botulinica\/","title":{"rendered":"Injetores para Toxina Botul\u00ednica"},"content":{"rendered":"<p>Os injetores para toxina botul\u00ednica s\u00e3o projetados para oferecer um controlo excecional e uma precis\u00e3o incompar\u00e1vel na administra\u00e7\u00e3o da toxina. Com um mecanismo ergon\u00f3mico e de f\u00e1cil utiliza\u00e7\u00e3o, estes injetores permitem que os profissionais realizem tratamentos com um n\u00edvel de exatid\u00e3o que maximiza os resultados e minimiza o desconforto para os pacientes.<\/p>\n","protected":false},"excerpt":{"rendered":"<p>Design ergon\u00f3mico para inje\u00e7\u00f5es precisas e sem esfor\u00e7o. Otimiza os resultados e o conforto do paciente.<\/p>\n","protected":false},"featured_media":783,"comment_status":"open","ping_status":"closed","template":"","meta":{"content-type":"","inline_featured_image":false},"product_brand":[],"product_cat":[95],"product_tag":[82],"class_list":{"0":"post-1427","1":"product","2":"type-product","3":"status-publish","4":"has-post-thumbnail","6":"product_cat-toxina-botulinica-pt","7":"product_tag-instrumental-pt","9":"first","10":"instock","11":"shipping-taxable","12":"product-type-simple"},"yoast_head":"<!-- This site is optimized with the Yoast SEO plugin v26.9 - https:\/\/yoast.com\/product\/yoast-seo-wordpress\/ -->\n<title>Injetores para Toxina Botul\u00ednica - Henry Schein Aesthetics<\/title>\n<meta name=\"description\" content=\"Compra seringas especializadas para uma aplica\u00e7\u00e3o segura e controlada da toxina botul\u00ednica em tratamentos est\u00e9ticos. V\u00e1rias marcas\" \/>\n<meta name=\"robots\" content=\"index, follow, max-snippet:-1, max-image-preview:large, max-video-preview:-1\" \/>\n<link rel=\"canonical\" href=\"https:\/\/henryschein-aesthetics.com\/pt\/produto\/injetores-para-toxina-botulinica\/\" \/>\n<meta property=\"og:locale\" content=\"pt_PT\" \/>\n<meta property=\"og:type\" content=\"article\" \/>\n<meta property=\"og:title\" content=\"Injetores para Toxina Botul\u00ednica - Henry Schein Aesthetics\" \/>\n<meta property=\"og:description\" content=\"Compra seringas especializadas para uma aplica\u00e7\u00e3o segura e controlada da toxina botul\u00ednica em tratamentos est\u00e9ticos. V\u00e1rias marcas\" \/>\n<meta property=\"og:url\" content=\"https:\/\/henryschein-aesthetics.com\/pt\/produto\/injetores-para-toxina-botulinica\/\" \/>\n<meta property=\"og:site_name\" content=\"Henry Schein Aesthetics\" \/>\n<meta property=\"article:modified_time\" content=\"2025-04-11T09:37:11+00:00\" \/>\n<meta property=\"og:image\" content=\"https:\/\/henryschein-aesthetics.com\/wp-content\/uploads\/2025\/03\/Inyectores-para-toxina-botulinica.jpg\" \/>\n\t<meta property=\"og:image:width\" content=\"800\" \/>\n\t<meta property=\"og:image:height\" content=\"800\" \/>\n\t<meta property=\"og:image:type\" content=\"image\/jpeg\" \/>\n<meta name=\"twitter:card\" content=\"summary_large_image\" \/>\n<meta name=\"twitter:label1\" content=\"Est. reading time\" \/>\n\t<meta name=\"twitter:data1\" content=\"1 minute\" \/>\n<script type=\"application\/ld+json\" class=\"yoast-schema-graph\">{\"@context\":\"https:\/\/schema.org\",\"@graph\":[{\"@type\":\"WebPage\",\"@id\":\"https:\/\/henryschein-aesthetics.com\/pt\/produto\/injetores-para-toxina-botulinica\/\",\"url\":\"https:\/\/henryschein-aesthetics.com\/pt\/produto\/injetores-para-toxina-botulinica\/\",\"name\":\"Injetores para Toxina Botul\u00ednica - Henry Schein Aesthetics\",\"isPartOf\":{\"@id\":\"https:\/\/henryschein-aesthetics.com\/#website\"},\"primaryImageOfPage\":{\"@id\":\"https:\/\/henryschein-aesthetics.com\/pt\/produto\/injetores-para-toxina-botulinica\/#primaryimage\"},\"image\":{\"@id\":\"https:\/\/henryschein-aesthetics.com\/pt\/produto\/injetores-para-toxina-botulinica\/#primaryimage\"},\"thumbnailUrl\":\"https:\/\/henryschein-aesthetics.com\/wp-content\/uploads\/2025\/03\/Inyectores-para-toxina-botulinica.jpg\",\"datePublished\":\"2025-03-25T12:27:41+00:00\",\"dateModified\":\"2025-04-11T09:37:11+00:00\",\"description\":\"Compra seringas especializadas para uma aplica\u00e7\u00e3o segura e controlada da toxina botul\u00ednica em tratamentos est\u00e9ticos. V\u00e1rias marcas\",\"breadcrumb\":{\"@id\":\"https:\/\/henryschein-aesthetics.com\/pt\/produto\/injetores-para-toxina-botulinica\/#breadcrumb\"},\"inLanguage\":\"pt-PTR\",\"potentialAction\":[{\"@type\":\"ReadAction\",\"target\":[\"https:\/\/henryschein-aesthetics.com\/pt\/produto\/injetores-para-toxina-botulinica\/\"]}]},{\"@type\":\"ImageObject\",\"inLanguage\":\"pt-PTR\",\"@id\":\"https:\/\/henryschein-aesthetics.com\/pt\/produto\/injetores-para-toxina-botulinica\/#primaryimage\",\"url\":\"https:\/\/henryschein-aesthetics.com\/wp-content\/uploads\/2025\/03\/Inyectores-para-toxina-botulinica.jpg\",\"contentUrl\":\"https:\/\/henryschein-aesthetics.com\/wp-content\/uploads\/2025\/03\/Inyectores-para-toxina-botulinica.jpg\",\"width\":800,\"height\":800,\"caption\":\"Inyectores para toxina botul\u00ednica\"},{\"@type\":\"BreadcrumbList\",\"@id\":\"https:\/\/henryschein-aesthetics.com\/pt\/produto\/injetores-para-toxina-botulinica\/#breadcrumb\",\"itemListElement\":[{\"@type\":\"ListItem\",\"position\":1,\"name\":\"Home\",\"item\":\"https:\/\/henryschein-aesthetics.com\/pt\/\"},{\"@type\":\"ListItem\",\"position\":2,\"name\":\"Shop\",\"item\":\"https:\/\/henryschein-aesthetics.com\/pt\/shop\/\"},{\"@type\":\"ListItem\",\"position\":3,\"name\":\"Toxina botul\u00ednica\",\"item\":\"https:\/\/henryschein-aesthetics.com\/es\/categoria-producto\/toxina-botulinica\/\"},{\"@type\":\"ListItem\",\"position\":4,\"name\":\"Injetores para Toxina Botul\u00ednica\"}]},{\"@type\":\"WebSite\",\"@id\":\"https:\/\/henryschein-aesthetics.com\/#website\",\"url\":\"https:\/\/henryschein-aesthetics.com\/\",\"name\":\"Henry Schein - Aesthetics\",\"description\":\"\",\"publisher\":{\"@id\":\"https:\/\/henryschein-aesthetics.com\/#organization\"},\"potentialAction\":[{\"@type\":\"SearchAction\",\"target\":{\"@type\":\"EntryPoint\",\"urlTemplate\":\"https:\/\/henryschein-aesthetics.com\/?s={search_term_string}\"},\"query-input\":{\"@type\":\"PropertyValueSpecification\",\"valueRequired\":true,\"valueName\":\"search_term_string\"}}],\"inLanguage\":\"pt-PTR\"},{\"@type\":\"Organization\",\"@id\":\"https:\/\/henryschein-aesthetics.com\/#organization\",\"name\":\"Henry Schein - Aesthetics\",\"url\":\"https:\/\/henryschein-aesthetics.com\/\",\"logo\":{\"@type\":\"ImageObject\",\"inLanguage\":\"pt-PTR\",\"@id\":\"https:\/\/henryschein-aesthetics.com\/#\/schema\/logo\/image\/\",\"url\":\"https:\/\/henryschein-aesthetics.com\/wp-content\/uploads\/2025\/06\/26.09-HENRY-SCHEIN-AESTHETICS-LOGO.svg\",\"contentUrl\":\"https:\/\/henryschein-aesthetics.com\/wp-content\/uploads\/2025\/06\/26.09-HENRY-SCHEIN-AESTHETICS-LOGO.svg\",\"caption\":\"Henry Schein - Aesthetics\"},\"image\":{\"@id\":\"https:\/\/henryschein-aesthetics.com\/#\/schema\/logo\/image\/\"}}]}<\/script>\n<!-- \/ Yoast SEO plugin. -->","yoast_head_json":{"title":"Injetores para Toxina Botul\u00ednica - Henry Schein Aesthetics","description":"Compra seringas especializadas para uma aplica\u00e7\u00e3o segura e controlada da toxina botul\u00ednica em tratamentos est\u00e9ticos. V\u00e1rias marcas","robots":{"index":"index","follow":"follow","max-snippet":"max-snippet:-1","max-image-preview":"max-image-preview:large","max-video-preview":"max-video-preview:-1"},"canonical":"https:\/\/henryschein-aesthetics.com\/pt\/produto\/injetores-para-toxina-botulinica\/","og_locale":"pt_PT","og_type":"article","og_title":"Injetores para Toxina Botul\u00ednica - Henry Schein Aesthetics","og_description":"Compra seringas especializadas para uma aplica\u00e7\u00e3o segura e controlada da toxina botul\u00ednica em tratamentos est\u00e9ticos. V\u00e1rias marcas","og_url":"https:\/\/henryschein-aesthetics.com\/pt\/produto\/injetores-para-toxina-botulinica\/","og_site_name":"Henry Schein Aesthetics","article_modified_time":"2025-04-11T09:37:11+00:00","og_image":[{"width":800,"height":800,"url":"https:\/\/henryschein-aesthetics.com\/wp-content\/uploads\/2025\/03\/Inyectores-para-toxina-botulinica.jpg","type":"image\/jpeg"}],"twitter_card":"summary_large_image","twitter_misc":{"Est. reading time":"1 minute"},"schema":{"@context":"https:\/\/schema.org","@graph":[{"@type":"WebPage","@id":"https:\/\/henryschein-aesthetics.com\/pt\/produto\/injetores-para-toxina-botulinica\/","url":"https:\/\/henryschein-aesthetics.com\/pt\/produto\/injetores-para-toxina-botulinica\/","name":"Injetores para Toxina Botul\u00ednica - Henry Schein Aesthetics","isPartOf":{"@id":"https:\/\/henryschein-aesthetics.com\/#website"},"primaryImageOfPage":{"@id":"https:\/\/henryschein-aesthetics.com\/pt\/produto\/injetores-para-toxina-botulinica\/#primaryimage"},"image":{"@id":"https:\/\/henryschein-aesthetics.com\/pt\/produto\/injetores-para-toxina-botulinica\/#primaryimage"},"thumbnailUrl":"https:\/\/henryschein-aesthetics.com\/wp-content\/uploads\/2025\/03\/Inyectores-para-toxina-botulinica.jpg","datePublished":"2025-03-25T12:27:41+00:00","dateModified":"2025-04-11T09:37:11+00:00","description":"Compra seringas especializadas para uma aplica\u00e7\u00e3o segura e controlada da toxina botul\u00ednica em tratamentos est\u00e9ticos. V\u00e1rias marcas","breadcrumb":{"@id":"https:\/\/henryschein-aesthetics.com\/pt\/produto\/injetores-para-toxina-botulinica\/#breadcrumb"},"inLanguage":"pt-PTR","potentialAction":[{"@type":"ReadAction","target":["https:\/\/henryschein-aesthetics.com\/pt\/produto\/injetores-para-toxina-botulinica\/"]}]},{"@type":"ImageObject","inLanguage":"pt-PTR","@id":"https:\/\/henryschein-aesthetics.com\/pt\/produto\/injetores-para-toxina-botulinica\/#primaryimage","url":"https:\/\/henryschein-aesthetics.com\/wp-content\/uploads\/2025\/03\/Inyectores-para-toxina-botulinica.jpg","contentUrl":"https:\/\/henryschein-aesthetics.com\/wp-content\/uploads\/2025\/03\/Inyectores-para-toxina-botulinica.jpg","width":800,"height":800,"caption":"Inyectores para toxina botul\u00ednica"},{"@type":"BreadcrumbList","@id":"https:\/\/henryschein-aesthetics.com\/pt\/produto\/injetores-para-toxina-botulinica\/#breadcrumb","itemListElement":[{"@type":"ListItem","position":1,"name":"Home","item":"https:\/\/henryschein-aesthetics.com\/pt\/"},{"@type":"ListItem","position":2,"name":"Shop","item":"https:\/\/henryschein-aesthetics.com\/pt\/shop\/"},{"@type":"ListItem","position":3,"name":"Toxina botul\u00ednica","item":"https:\/\/henryschein-aesthetics.com\/es\/categoria-producto\/toxina-botulinica\/"},{"@type":"ListItem","position":4,"name":"Injetores para Toxina Botul\u00ednica"}]},{"@type":"WebSite","@id":"https:\/\/henryschein-aesthetics.com\/#website","url":"https:\/\/henryschein-aesthetics.com\/","name":"Henry Schein - Aesthetics","description":"","publisher":{"@id":"https:\/\/henryschein-aesthetics.com\/#organization"},"potentialAction":[{"@type":"SearchAction","target":{"@type":"EntryPoint","urlTemplate":"https:\/\/henryschein-aesthetics.com\/?s={search_term_string}"},"query-input":{"@type":"PropertyValueSpecification","valueRequired":true,"valueName":"search_term_string"}}],"inLanguage":"pt-PTR"},{"@type":"Organization","@id":"https:\/\/henryschein-aesthetics.com\/#organization","name":"Henry Schein - Aesthetics","url":"https:\/\/henryschein-aesthetics.com\/","logo":{"@type":"ImageObject","inLanguage":"pt-PTR","@id":"https:\/\/henryschein-aesthetics.com\/#\/schema\/logo\/image\/","url":"https:\/\/henryschein-aesthetics.com\/wp-content\/uploads\/2025\/06\/26.09-HENRY-SCHEIN-AESTHETICS-LOGO.svg","contentUrl":"https:\/\/henryschein-aesthetics.com\/wp-content\/uploads\/2025\/06\/26.09-HENRY-SCHEIN-AESTHETICS-LOGO.svg","caption":"Henry Schein - Aesthetics"},"image":{"@id":"https:\/\/henryschein-aesthetics.com\/#\/schema\/logo\/image\/"}}]}},"df_price":"","df_sale_price":"","df_regular_price":"","df_image_link":"https:\/\/henryschein-aesthetics.com\/wp-content\/uploads\/2025\/03\/Inyectores-para-toxina-botulinica-300x300.jpg","_links":{"self":[{"href":"https:\/\/henryschein-aesthetics.com\/pt\/wp-json\/wp\/v2\/product\/1427","targetHints":{"allow":["GET"]}}],"collection":[{"href":"https:\/\/henryschein-aesthetics.com\/pt\/wp-json\/wp\/v2\/product"}],"about":[{"href":"https:\/\/henryschein-aesthetics.com\/pt\/wp-json\/wp\/v2\/types\/product"}],"replies":[{"embeddable":true,"href":"https:\/\/henryschein-aesthetics.com\/pt\/wp-json\/wp\/v2\/comments?post=1427"}],"version-history":[{"count":0,"href":"https:\/\/henryschein-aesthetics.com\/pt\/wp-json\/wp\/v2\/product\/1427\/revisions"}],"wp:featuredmedia":[{"embeddable":true,"href":"https:\/\/henryschein-aesthetics.com\/pt\/wp-json\/wp\/v2\/media\/783"}],"wp:attachment":[{"href":"https:\/\/henryschein-aesthetics.com\/pt\/wp-json\/wp\/v2\/media?parent=1427"}],"wp:term":[{"taxonomy":"product_brand","embeddable":true,"href":"https:\/\/henryschein-aesthetics.com\/pt\/wp-json\/wp\/v2\/product_brand?post=1427"},{"taxonomy":"product_cat","embeddable":true,"href":"https:\/\/henryschein-aesthetics.com\/pt\/wp-json\/wp\/v2\/product_cat?post=1427"},{"taxonomy":"product_tag","embeddable":true,"href":"https:\/\/henryschein-aesthetics.com\/pt\/wp-json\/wp\/v2\/product_tag?post=1427"}],"curies":[{"name":"wp","href":"https:\/\/api.w.org\/{rel}","templated":true}]}}