{"id":1439,"date":"2025-03-25T13:37:44","date_gmt":"2025-03-25T12:37:44","guid":{"rendered":"https:\/\/henryschein-aesthetics.com\/product\/agujas-para-inyeccion-acido-hialuronico\/"},"modified":"2025-04-11T11:49:37","modified_gmt":"2025-04-11T09:49:37","slug":"agulhas-para-injecao-de-acido-hialuronico","status":"publish","type":"product","link":"https:\/\/henryschein-aesthetics.com\/pt\/produto\/agulhas-para-injecao-de-acido-hialuronico\/","title":{"rendered":"Agulhas para Inje\u00e7\u00e3o de \u00c1cido Hialur\u00f3nico"},"content":{"rendered":"<div class=\"ewa-rteLine\">As agulhas para inje\u00e7\u00e3o de \u00e1cido hialur\u00f3nico s\u00e3o uma ferramenta crucial nos tratamentos est\u00e9ticos, concebidas especificamente para administrar o \u00e1cido hialur\u00f3nico com m\u00e1xima precis\u00e3o e conforto. Fabricadas com materiais de alta qualidade, estas agulhas garantem que o processo de inje\u00e7\u00e3o seja o mais suave e eficaz poss\u00edvel, reduzindo a dor e o desconforto para o paciente.<\/div>\n<div class=\"ewa-rteLine\"><\/div>\n<div class=\"ewa-rteLine\">Al\u00e9m disso, o seu design otimizado permite uma inser\u00e7\u00e3o controlada que protege os tecidos e favorece uma distribui\u00e7\u00e3o uniforme do produto, proporcionando resultados naturais e duradouros.<\/div>\n","protected":false},"excerpt":{"rendered":"<p>Inje\u00e7\u00e3o suave e precisa com m\u00ednima dor. Distribui\u00e7\u00e3o uniforme para resultados naturais e duradouros.<\/p>\n","protected":false},"featured_media":807,"comment_status":"open","ping_status":"closed","template":"","meta":{"content-type":"","inline_featured_image":false},"product_brand":[],"product_cat":[96],"product_tag":[101],"class_list":{"0":"post-1439","1":"product","2":"type-product","3":"status-publish","4":"has-post-thumbnail","6":"product_cat-relleno-dermico-pt","7":"product_tag-injetaveis-e-cremes-esteticos","9":"first","10":"instock","11":"featured","12":"shipping-taxable","13":"product-type-simple"},"yoast_head":"<!-- This site is optimized with the Yoast SEO plugin v26.9 - https:\/\/yoast.com\/product\/yoast-seo-wordpress\/ -->\n<title>Agulhas para Inje\u00e7\u00e3o de \u00c1cido Hialur\u00f3nico - Henry Schein Aesthetics<\/title>\n<meta name=\"description\" content=\"Agulhas desenvolvidas para uma inje\u00e7\u00e3o segura e precisa de \u00e1cido hialur\u00f3nico. Reduz a dor e melhora a experi\u00eancia do paciente.\" \/>\n<meta name=\"robots\" content=\"index, follow, max-snippet:-1, max-image-preview:large, max-video-preview:-1\" \/>\n<link rel=\"canonical\" href=\"https:\/\/henryschein-aesthetics.com\/pt\/produto\/agulhas-para-injecao-de-acido-hialuronico\/\" \/>\n<meta property=\"og:locale\" content=\"pt_PT\" \/>\n<meta property=\"og:type\" content=\"article\" \/>\n<meta property=\"og:title\" content=\"Agulhas para Inje\u00e7\u00e3o de \u00c1cido Hialur\u00f3nico - Henry Schein Aesthetics\" \/>\n<meta property=\"og:description\" content=\"Agulhas desenvolvidas para uma inje\u00e7\u00e3o segura e precisa de \u00e1cido hialur\u00f3nico. Reduz a dor e melhora a experi\u00eancia do paciente.\" \/>\n<meta property=\"og:url\" content=\"https:\/\/henryschein-aesthetics.com\/pt\/produto\/agulhas-para-injecao-de-acido-hialuronico\/\" \/>\n<meta property=\"og:site_name\" content=\"Henry Schein Aesthetics\" \/>\n<meta property=\"article:modified_time\" content=\"2025-04-11T09:49:37+00:00\" \/>\n<meta property=\"og:image\" content=\"https:\/\/henryschein-aesthetics.com\/wp-content\/uploads\/2025\/03\/Agujas-para-acido-hialuronico.jpg\" \/>\n\t<meta property=\"og:image:width\" content=\"800\" \/>\n\t<meta property=\"og:image:height\" content=\"800\" \/>\n\t<meta property=\"og:image:type\" content=\"image\/jpeg\" \/>\n<meta name=\"twitter:card\" content=\"summary_large_image\" \/>\n<meta name=\"twitter:label1\" content=\"Est. reading time\" \/>\n\t<meta name=\"twitter:data1\" content=\"1 minute\" \/>\n<script type=\"application\/ld+json\" class=\"yoast-schema-graph\">{\"@context\":\"https:\/\/schema.org\",\"@graph\":[{\"@type\":\"WebPage\",\"@id\":\"https:\/\/henryschein-aesthetics.com\/pt\/produto\/agulhas-para-injecao-de-acido-hialuronico\/\",\"url\":\"https:\/\/henryschein-aesthetics.com\/pt\/produto\/agulhas-para-injecao-de-acido-hialuronico\/\",\"name\":\"Agulhas para Inje\u00e7\u00e3o de \u00c1cido Hialur\u00f3nico - Henry Schein Aesthetics\",\"isPartOf\":{\"@id\":\"https:\/\/henryschein-aesthetics.com\/#website\"},\"primaryImageOfPage\":{\"@id\":\"https:\/\/henryschein-aesthetics.com\/pt\/produto\/agulhas-para-injecao-de-acido-hialuronico\/#primaryimage\"},\"image\":{\"@id\":\"https:\/\/henryschein-aesthetics.com\/pt\/produto\/agulhas-para-injecao-de-acido-hialuronico\/#primaryimage\"},\"thumbnailUrl\":\"https:\/\/henryschein-aesthetics.com\/wp-content\/uploads\/2025\/03\/Agujas-para-acido-hialuronico.jpg\",\"datePublished\":\"2025-03-25T12:37:44+00:00\",\"dateModified\":\"2025-04-11T09:49:37+00:00\",\"description\":\"Agulhas desenvolvidas para uma inje\u00e7\u00e3o segura e precisa de \u00e1cido hialur\u00f3nico. Reduz a dor e melhora a experi\u00eancia do paciente.\",\"breadcrumb\":{\"@id\":\"https:\/\/henryschein-aesthetics.com\/pt\/produto\/agulhas-para-injecao-de-acido-hialuronico\/#breadcrumb\"},\"inLanguage\":\"pt-PTR\",\"potentialAction\":[{\"@type\":\"ReadAction\",\"target\":[\"https:\/\/henryschein-aesthetics.com\/pt\/produto\/agulhas-para-injecao-de-acido-hialuronico\/\"]}]},{\"@type\":\"ImageObject\",\"inLanguage\":\"pt-PTR\",\"@id\":\"https:\/\/henryschein-aesthetics.com\/pt\/produto\/agulhas-para-injecao-de-acido-hialuronico\/#primaryimage\",\"url\":\"https:\/\/henryschein-aesthetics.com\/wp-content\/uploads\/2025\/03\/Agujas-para-acido-hialuronico.jpg\",\"contentUrl\":\"https:\/\/henryschein-aesthetics.com\/wp-content\/uploads\/2025\/03\/Agujas-para-acido-hialuronico.jpg\",\"width\":800,\"height\":800,\"caption\":\"Agujas para \u00e1cido hialur\u00f3nico\"},{\"@type\":\"BreadcrumbList\",\"@id\":\"https:\/\/henryschein-aesthetics.com\/pt\/produto\/agulhas-para-injecao-de-acido-hialuronico\/#breadcrumb\",\"itemListElement\":[{\"@type\":\"ListItem\",\"position\":1,\"name\":\"Home\",\"item\":\"https:\/\/henryschein-aesthetics.com\/pt\/\"},{\"@type\":\"ListItem\",\"position\":2,\"name\":\"Shop\",\"item\":\"https:\/\/henryschein-aesthetics.com\/pt\/shop\/\"},{\"@type\":\"ListItem\",\"position\":3,\"name\":\"Relleno d\u00e9rmico\",\"item\":\"https:\/\/henryschein-aesthetics.com\/es\/categoria-producto\/relleno-dermico\/\"},{\"@type\":\"ListItem\",\"position\":4,\"name\":\"Agulhas para Inje\u00e7\u00e3o de \u00c1cido Hialur\u00f3nico\"}]},{\"@type\":\"WebSite\",\"@id\":\"https:\/\/henryschein-aesthetics.com\/#website\",\"url\":\"https:\/\/henryschein-aesthetics.com\/\",\"name\":\"Henry Schein - Aesthetics\",\"description\":\"\",\"publisher\":{\"@id\":\"https:\/\/henryschein-aesthetics.com\/#organization\"},\"potentialAction\":[{\"@type\":\"SearchAction\",\"target\":{\"@type\":\"EntryPoint\",\"urlTemplate\":\"https:\/\/henryschein-aesthetics.com\/?s={search_term_string}\"},\"query-input\":{\"@type\":\"PropertyValueSpecification\",\"valueRequired\":true,\"valueName\":\"search_term_string\"}}],\"inLanguage\":\"pt-PTR\"},{\"@type\":\"Organization\",\"@id\":\"https:\/\/henryschein-aesthetics.com\/#organization\",\"name\":\"Henry Schein - Aesthetics\",\"url\":\"https:\/\/henryschein-aesthetics.com\/\",\"logo\":{\"@type\":\"ImageObject\",\"inLanguage\":\"pt-PTR\",\"@id\":\"https:\/\/henryschein-aesthetics.com\/#\/schema\/logo\/image\/\",\"url\":\"https:\/\/henryschein-aesthetics.com\/wp-content\/uploads\/2025\/06\/26.09-HENRY-SCHEIN-AESTHETICS-LOGO.svg\",\"contentUrl\":\"https:\/\/henryschein-aesthetics.com\/wp-content\/uploads\/2025\/06\/26.09-HENRY-SCHEIN-AESTHETICS-LOGO.svg\",\"caption\":\"Henry Schein - Aesthetics\"},\"image\":{\"@id\":\"https:\/\/henryschein-aesthetics.com\/#\/schema\/logo\/image\/\"}}]}<\/script>\n<!-- \/ Yoast SEO plugin. -->","yoast_head_json":{"title":"Agulhas para Inje\u00e7\u00e3o de \u00c1cido Hialur\u00f3nico - Henry Schein Aesthetics","description":"Agulhas desenvolvidas para uma inje\u00e7\u00e3o segura e precisa de \u00e1cido hialur\u00f3nico. Reduz a dor e melhora a experi\u00eancia do paciente.","robots":{"index":"index","follow":"follow","max-snippet":"max-snippet:-1","max-image-preview":"max-image-preview:large","max-video-preview":"max-video-preview:-1"},"canonical":"https:\/\/henryschein-aesthetics.com\/pt\/produto\/agulhas-para-injecao-de-acido-hialuronico\/","og_locale":"pt_PT","og_type":"article","og_title":"Agulhas para Inje\u00e7\u00e3o de \u00c1cido Hialur\u00f3nico - Henry Schein Aesthetics","og_description":"Agulhas desenvolvidas para uma inje\u00e7\u00e3o segura e precisa de \u00e1cido hialur\u00f3nico. Reduz a dor e melhora a experi\u00eancia do paciente.","og_url":"https:\/\/henryschein-aesthetics.com\/pt\/produto\/agulhas-para-injecao-de-acido-hialuronico\/","og_site_name":"Henry Schein Aesthetics","article_modified_time":"2025-04-11T09:49:37+00:00","og_image":[{"width":800,"height":800,"url":"https:\/\/henryschein-aesthetics.com\/wp-content\/uploads\/2025\/03\/Agujas-para-acido-hialuronico.jpg","type":"image\/jpeg"}],"twitter_card":"summary_large_image","twitter_misc":{"Est. reading time":"1 minute"},"schema":{"@context":"https:\/\/schema.org","@graph":[{"@type":"WebPage","@id":"https:\/\/henryschein-aesthetics.com\/pt\/produto\/agulhas-para-injecao-de-acido-hialuronico\/","url":"https:\/\/henryschein-aesthetics.com\/pt\/produto\/agulhas-para-injecao-de-acido-hialuronico\/","name":"Agulhas para Inje\u00e7\u00e3o de \u00c1cido Hialur\u00f3nico - Henry Schein Aesthetics","isPartOf":{"@id":"https:\/\/henryschein-aesthetics.com\/#website"},"primaryImageOfPage":{"@id":"https:\/\/henryschein-aesthetics.com\/pt\/produto\/agulhas-para-injecao-de-acido-hialuronico\/#primaryimage"},"image":{"@id":"https:\/\/henryschein-aesthetics.com\/pt\/produto\/agulhas-para-injecao-de-acido-hialuronico\/#primaryimage"},"thumbnailUrl":"https:\/\/henryschein-aesthetics.com\/wp-content\/uploads\/2025\/03\/Agujas-para-acido-hialuronico.jpg","datePublished":"2025-03-25T12:37:44+00:00","dateModified":"2025-04-11T09:49:37+00:00","description":"Agulhas desenvolvidas para uma inje\u00e7\u00e3o segura e precisa de \u00e1cido hialur\u00f3nico. Reduz a dor e melhora a experi\u00eancia do paciente.","breadcrumb":{"@id":"https:\/\/henryschein-aesthetics.com\/pt\/produto\/agulhas-para-injecao-de-acido-hialuronico\/#breadcrumb"},"inLanguage":"pt-PTR","potentialAction":[{"@type":"ReadAction","target":["https:\/\/henryschein-aesthetics.com\/pt\/produto\/agulhas-para-injecao-de-acido-hialuronico\/"]}]},{"@type":"ImageObject","inLanguage":"pt-PTR","@id":"https:\/\/henryschein-aesthetics.com\/pt\/produto\/agulhas-para-injecao-de-acido-hialuronico\/#primaryimage","url":"https:\/\/henryschein-aesthetics.com\/wp-content\/uploads\/2025\/03\/Agujas-para-acido-hialuronico.jpg","contentUrl":"https:\/\/henryschein-aesthetics.com\/wp-content\/uploads\/2025\/03\/Agujas-para-acido-hialuronico.jpg","width":800,"height":800,"caption":"Agujas para \u00e1cido hialur\u00f3nico"},{"@type":"BreadcrumbList","@id":"https:\/\/henryschein-aesthetics.com\/pt\/produto\/agulhas-para-injecao-de-acido-hialuronico\/#breadcrumb","itemListElement":[{"@type":"ListItem","position":1,"name":"Home","item":"https:\/\/henryschein-aesthetics.com\/pt\/"},{"@type":"ListItem","position":2,"name":"Shop","item":"https:\/\/henryschein-aesthetics.com\/pt\/shop\/"},{"@type":"ListItem","position":3,"name":"Relleno d\u00e9rmico","item":"https:\/\/henryschein-aesthetics.com\/es\/categoria-producto\/relleno-dermico\/"},{"@type":"ListItem","position":4,"name":"Agulhas para Inje\u00e7\u00e3o de \u00c1cido Hialur\u00f3nico"}]},{"@type":"WebSite","@id":"https:\/\/henryschein-aesthetics.com\/#website","url":"https:\/\/henryschein-aesthetics.com\/","name":"Henry Schein - Aesthetics","description":"","publisher":{"@id":"https:\/\/henryschein-aesthetics.com\/#organization"},"potentialAction":[{"@type":"SearchAction","target":{"@type":"EntryPoint","urlTemplate":"https:\/\/henryschein-aesthetics.com\/?s={search_term_string}"},"query-input":{"@type":"PropertyValueSpecification","valueRequired":true,"valueName":"search_term_string"}}],"inLanguage":"pt-PTR"},{"@type":"Organization","@id":"https:\/\/henryschein-aesthetics.com\/#organization","name":"Henry Schein - Aesthetics","url":"https:\/\/henryschein-aesthetics.com\/","logo":{"@type":"ImageObject","inLanguage":"pt-PTR","@id":"https:\/\/henryschein-aesthetics.com\/#\/schema\/logo\/image\/","url":"https:\/\/henryschein-aesthetics.com\/wp-content\/uploads\/2025\/06\/26.09-HENRY-SCHEIN-AESTHETICS-LOGO.svg","contentUrl":"https:\/\/henryschein-aesthetics.com\/wp-content\/uploads\/2025\/06\/26.09-HENRY-SCHEIN-AESTHETICS-LOGO.svg","caption":"Henry Schein - Aesthetics"},"image":{"@id":"https:\/\/henryschein-aesthetics.com\/#\/schema\/logo\/image\/"}}]}},"df_price":"","df_sale_price":"","df_regular_price":"","df_image_link":"https:\/\/henryschein-aesthetics.com\/wp-content\/uploads\/2025\/03\/Agujas-para-acido-hialuronico-300x300.jpg","_links":{"self":[{"href":"https:\/\/henryschein-aesthetics.com\/pt\/wp-json\/wp\/v2\/product\/1439","targetHints":{"allow":["GET"]}}],"collection":[{"href":"https:\/\/henryschein-aesthetics.com\/pt\/wp-json\/wp\/v2\/product"}],"about":[{"href":"https:\/\/henryschein-aesthetics.com\/pt\/wp-json\/wp\/v2\/types\/product"}],"replies":[{"embeddable":true,"href":"https:\/\/henryschein-aesthetics.com\/pt\/wp-json\/wp\/v2\/comments?post=1439"}],"version-history":[{"count":0,"href":"https:\/\/henryschein-aesthetics.com\/pt\/wp-json\/wp\/v2\/product\/1439\/revisions"}],"wp:featuredmedia":[{"embeddable":true,"href":"https:\/\/henryschein-aesthetics.com\/pt\/wp-json\/wp\/v2\/media\/807"}],"wp:attachment":[{"href":"https:\/\/henryschein-aesthetics.com\/pt\/wp-json\/wp\/v2\/media?parent=1439"}],"wp:term":[{"taxonomy":"product_brand","embeddable":true,"href":"https:\/\/henryschein-aesthetics.com\/pt\/wp-json\/wp\/v2\/product_brand?post=1439"},{"taxonomy":"product_cat","embeddable":true,"href":"https:\/\/henryschein-aesthetics.com\/pt\/wp-json\/wp\/v2\/product_cat?post=1439"},{"taxonomy":"product_tag","embeddable":true,"href":"https:\/\/henryschein-aesthetics.com\/pt\/wp-json\/wp\/v2\/product_tag?post=1439"}],"curies":[{"name":"wp","href":"https:\/\/api.w.org\/{rel}","templated":true}]}}