{"id":1463,"date":"2025-03-25T14:01:00","date_gmt":"2025-03-25T13:01:00","guid":{"rendered":"https:\/\/henryschein-aesthetics.com\/product\/higiene-y-desinfeccion-para-clinicas-esteticas\/"},"modified":"2025-04-11T11:53:47","modified_gmt":"2025-04-11T09:53:47","slug":"higiene-e-desinfeccao-para-clinicas-esteticas","status":"publish","type":"product","link":"https:\/\/henryschein-aesthetics.com\/pt\/produto\/higiene-e-desinfeccao-para-clinicas-esteticas\/","title":{"rendered":"Higiene e Desinfec\u00e7\u00e3o para Cl\u00ednicas Est\u00e9ticas"},"content":{"rendered":"<p>Os produtos de higiene e desinfec\u00e7\u00e3o s\u00e3o essenciais para manter os mais altos padr\u00f5es de seguran\u00e7a em cl\u00ednicas est\u00e9ticas. Desde limpadores de superf\u00edcies at\u00e9 desinfetantes para instrumental, esses produtos s\u00e3o formulados para eliminar eficazmente bact\u00e9rias, v\u00edrus e fungos. S\u00e3o f\u00e1ceis de usar, compat\u00edveis com materiais delicados e projetados para proteger tanto os pacientes quanto os profissionais, garantindo um ambiente seguro e saud\u00e1vel.<\/p>\n","protected":false},"excerpt":{"rendered":"<p>F\u00f3rmulas avan\u00e7adas para m\u00e1xima limpeza e seguran\u00e7a.<\/p>\n","protected":false},"featured_media":852,"comment_status":"open","ping_status":"closed","template":"","meta":{"content-type":"","inline_featured_image":false},"product_brand":[],"product_cat":[81,98,97,96,95],"product_tag":[99],"class_list":{"0":"post-1463","1":"product","2":"type-product","3":"status-publish","4":"has-post-thumbnail","6":"product_cat-implantologia-capilar-pt","7":"product_cat-mesoterapia-corporal-pt","8":"product_cat-mesoterapia-facial-pt","9":"product_cat-relleno-dermico-pt","10":"product_cat-toxina-botulinica-pt","11":"product_tag-consumiveis","13":"first","14":"instock","15":"shipping-taxable","16":"product-type-simple"},"yoast_head":"<!-- This site is optimized with the Yoast SEO plugin v26.9 - https:\/\/yoast.com\/product\/yoast-seo-wordpress\/ -->\n<title>\u25b7 Antiss\u00e9pticos e desinfetantes para cl\u00ednicas de est\u00e9tica - Henry Schein Aesthetics<\/title>\n<meta name=\"description\" content=\"Desinfetante de superf\u00edcies de a\u00e7\u00e3o r\u00e1pida, eliminando bact\u00e9rias e v\u00edrus para garantir um ambiente limpo e seguro a todo o momento.\" \/>\n<meta name=\"robots\" content=\"index, follow, max-snippet:-1, max-image-preview:large, max-video-preview:-1\" \/>\n<link rel=\"canonical\" href=\"https:\/\/henryschein-aesthetics.com\/pt\/produto\/higiene-e-desinfeccao-para-clinicas-esteticas\/\" \/>\n<meta property=\"og:locale\" content=\"pt_PT\" \/>\n<meta property=\"og:type\" content=\"article\" \/>\n<meta property=\"og:title\" content=\"\u25b7 Antiss\u00e9pticos e desinfetantes para cl\u00ednicas de est\u00e9tica - Henry Schein Aesthetics\" \/>\n<meta property=\"og:description\" content=\"Desinfetante de superf\u00edcies de a\u00e7\u00e3o r\u00e1pida, eliminando bact\u00e9rias e v\u00edrus para garantir um ambiente limpo e seguro a todo o momento.\" \/>\n<meta property=\"og:url\" content=\"https:\/\/henryschein-aesthetics.com\/pt\/produto\/higiene-e-desinfeccao-para-clinicas-esteticas\/\" \/>\n<meta property=\"og:site_name\" content=\"Henry Schein Aesthetics\" \/>\n<meta property=\"article:modified_time\" content=\"2025-04-11T09:53:47+00:00\" \/>\n<meta property=\"og:image\" content=\"https:\/\/henryschein-aesthetics.com\/wp-content\/uploads\/2025\/03\/Higiene-y-Desinfeccion-para-Clinicas-Esteticas.jpg\" \/>\n\t<meta property=\"og:image:width\" content=\"800\" \/>\n\t<meta property=\"og:image:height\" content=\"800\" \/>\n\t<meta property=\"og:image:type\" content=\"image\/jpeg\" \/>\n<meta name=\"twitter:card\" content=\"summary_large_image\" \/>\n<meta name=\"twitter:label1\" content=\"Est. reading time\" \/>\n\t<meta name=\"twitter:data1\" content=\"1 minute\" \/>\n<script type=\"application\/ld+json\" class=\"yoast-schema-graph\">{\"@context\":\"https:\/\/schema.org\",\"@graph\":[{\"@type\":\"WebPage\",\"@id\":\"https:\/\/henryschein-aesthetics.com\/pt\/produto\/higiene-e-desinfeccao-para-clinicas-esteticas\/\",\"url\":\"https:\/\/henryschein-aesthetics.com\/pt\/produto\/higiene-e-desinfeccao-para-clinicas-esteticas\/\",\"name\":\"\u25b7 Antiss\u00e9pticos e desinfetantes para cl\u00ednicas de est\u00e9tica - Henry Schein Aesthetics\",\"isPartOf\":{\"@id\":\"https:\/\/henryschein-aesthetics.com\/#website\"},\"primaryImageOfPage\":{\"@id\":\"https:\/\/henryschein-aesthetics.com\/pt\/produto\/higiene-e-desinfeccao-para-clinicas-esteticas\/#primaryimage\"},\"image\":{\"@id\":\"https:\/\/henryschein-aesthetics.com\/pt\/produto\/higiene-e-desinfeccao-para-clinicas-esteticas\/#primaryimage\"},\"thumbnailUrl\":\"https:\/\/henryschein-aesthetics.com\/wp-content\/uploads\/2025\/03\/Higiene-y-Desinfeccion-para-Clinicas-Esteticas.jpg\",\"datePublished\":\"2025-03-25T13:01:00+00:00\",\"dateModified\":\"2025-04-11T09:53:47+00:00\",\"description\":\"Desinfetante de superf\u00edcies de a\u00e7\u00e3o r\u00e1pida, eliminando bact\u00e9rias e v\u00edrus para garantir um ambiente limpo e seguro a todo o momento.\",\"breadcrumb\":{\"@id\":\"https:\/\/henryschein-aesthetics.com\/pt\/produto\/higiene-e-desinfeccao-para-clinicas-esteticas\/#breadcrumb\"},\"inLanguage\":\"pt-PTR\",\"potentialAction\":[{\"@type\":\"ReadAction\",\"target\":[\"https:\/\/henryschein-aesthetics.com\/pt\/produto\/higiene-e-desinfeccao-para-clinicas-esteticas\/\"]}]},{\"@type\":\"ImageObject\",\"inLanguage\":\"pt-PTR\",\"@id\":\"https:\/\/henryschein-aesthetics.com\/pt\/produto\/higiene-e-desinfeccao-para-clinicas-esteticas\/#primaryimage\",\"url\":\"https:\/\/henryschein-aesthetics.com\/wp-content\/uploads\/2025\/03\/Higiene-y-Desinfeccion-para-Clinicas-Esteticas.jpg\",\"contentUrl\":\"https:\/\/henryschein-aesthetics.com\/wp-content\/uploads\/2025\/03\/Higiene-y-Desinfeccion-para-Clinicas-Esteticas.jpg\",\"width\":800,\"height\":800,\"caption\":\"Higiene y desinfecci\u00f3n para cl\u00ednia\"},{\"@type\":\"BreadcrumbList\",\"@id\":\"https:\/\/henryschein-aesthetics.com\/pt\/produto\/higiene-e-desinfeccao-para-clinicas-esteticas\/#breadcrumb\",\"itemListElement\":[{\"@type\":\"ListItem\",\"position\":1,\"name\":\"Home\",\"item\":\"https:\/\/henryschein-aesthetics.com\/pt\/\"},{\"@type\":\"ListItem\",\"position\":2,\"name\":\"Shop\",\"item\":\"https:\/\/henryschein-aesthetics.com\/pt\/shop\/\"},{\"@type\":\"ListItem\",\"position\":3,\"name\":\"Hair Implantology\",\"item\":\"https:\/\/henryschein-aesthetics.com\/product-category\/hair-implantology\/\"},{\"@type\":\"ListItem\",\"position\":4,\"name\":\"Higiene e Desinfec\u00e7\u00e3o para Cl\u00ednicas Est\u00e9ticas\"}]},{\"@type\":\"WebSite\",\"@id\":\"https:\/\/henryschein-aesthetics.com\/#website\",\"url\":\"https:\/\/henryschein-aesthetics.com\/\",\"name\":\"Henry Schein - Aesthetics\",\"description\":\"\",\"publisher\":{\"@id\":\"https:\/\/henryschein-aesthetics.com\/#organization\"},\"potentialAction\":[{\"@type\":\"SearchAction\",\"target\":{\"@type\":\"EntryPoint\",\"urlTemplate\":\"https:\/\/henryschein-aesthetics.com\/?s={search_term_string}\"},\"query-input\":{\"@type\":\"PropertyValueSpecification\",\"valueRequired\":true,\"valueName\":\"search_term_string\"}}],\"inLanguage\":\"pt-PTR\"},{\"@type\":\"Organization\",\"@id\":\"https:\/\/henryschein-aesthetics.com\/#organization\",\"name\":\"Henry Schein - Aesthetics\",\"url\":\"https:\/\/henryschein-aesthetics.com\/\",\"logo\":{\"@type\":\"ImageObject\",\"inLanguage\":\"pt-PTR\",\"@id\":\"https:\/\/henryschein-aesthetics.com\/#\/schema\/logo\/image\/\",\"url\":\"https:\/\/henryschein-aesthetics.com\/wp-content\/uploads\/2025\/06\/26.09-HENRY-SCHEIN-AESTHETICS-LOGO.svg\",\"contentUrl\":\"https:\/\/henryschein-aesthetics.com\/wp-content\/uploads\/2025\/06\/26.09-HENRY-SCHEIN-AESTHETICS-LOGO.svg\",\"caption\":\"Henry Schein - Aesthetics\"},\"image\":{\"@id\":\"https:\/\/henryschein-aesthetics.com\/#\/schema\/logo\/image\/\"}}]}<\/script>\n<!-- \/ Yoast SEO plugin. -->","yoast_head_json":{"title":"\u25b7 Antiss\u00e9pticos e desinfetantes para cl\u00ednicas de est\u00e9tica - Henry Schein Aesthetics","description":"Desinfetante de superf\u00edcies de a\u00e7\u00e3o r\u00e1pida, eliminando bact\u00e9rias e v\u00edrus para garantir um ambiente limpo e seguro a todo o momento.","robots":{"index":"index","follow":"follow","max-snippet":"max-snippet:-1","max-image-preview":"max-image-preview:large","max-video-preview":"max-video-preview:-1"},"canonical":"https:\/\/henryschein-aesthetics.com\/pt\/produto\/higiene-e-desinfeccao-para-clinicas-esteticas\/","og_locale":"pt_PT","og_type":"article","og_title":"\u25b7 Antiss\u00e9pticos e desinfetantes para cl\u00ednicas de est\u00e9tica - Henry Schein Aesthetics","og_description":"Desinfetante de superf\u00edcies de a\u00e7\u00e3o r\u00e1pida, eliminando bact\u00e9rias e v\u00edrus para garantir um ambiente limpo e seguro a todo o momento.","og_url":"https:\/\/henryschein-aesthetics.com\/pt\/produto\/higiene-e-desinfeccao-para-clinicas-esteticas\/","og_site_name":"Henry Schein Aesthetics","article_modified_time":"2025-04-11T09:53:47+00:00","og_image":[{"width":800,"height":800,"url":"https:\/\/henryschein-aesthetics.com\/wp-content\/uploads\/2025\/03\/Higiene-y-Desinfeccion-para-Clinicas-Esteticas.jpg","type":"image\/jpeg"}],"twitter_card":"summary_large_image","twitter_misc":{"Est. reading time":"1 minute"},"schema":{"@context":"https:\/\/schema.org","@graph":[{"@type":"WebPage","@id":"https:\/\/henryschein-aesthetics.com\/pt\/produto\/higiene-e-desinfeccao-para-clinicas-esteticas\/","url":"https:\/\/henryschein-aesthetics.com\/pt\/produto\/higiene-e-desinfeccao-para-clinicas-esteticas\/","name":"\u25b7 Antiss\u00e9pticos e desinfetantes para cl\u00ednicas de est\u00e9tica - Henry Schein Aesthetics","isPartOf":{"@id":"https:\/\/henryschein-aesthetics.com\/#website"},"primaryImageOfPage":{"@id":"https:\/\/henryschein-aesthetics.com\/pt\/produto\/higiene-e-desinfeccao-para-clinicas-esteticas\/#primaryimage"},"image":{"@id":"https:\/\/henryschein-aesthetics.com\/pt\/produto\/higiene-e-desinfeccao-para-clinicas-esteticas\/#primaryimage"},"thumbnailUrl":"https:\/\/henryschein-aesthetics.com\/wp-content\/uploads\/2025\/03\/Higiene-y-Desinfeccion-para-Clinicas-Esteticas.jpg","datePublished":"2025-03-25T13:01:00+00:00","dateModified":"2025-04-11T09:53:47+00:00","description":"Desinfetante de superf\u00edcies de a\u00e7\u00e3o r\u00e1pida, eliminando bact\u00e9rias e v\u00edrus para garantir um ambiente limpo e seguro a todo o momento.","breadcrumb":{"@id":"https:\/\/henryschein-aesthetics.com\/pt\/produto\/higiene-e-desinfeccao-para-clinicas-esteticas\/#breadcrumb"},"inLanguage":"pt-PTR","potentialAction":[{"@type":"ReadAction","target":["https:\/\/henryschein-aesthetics.com\/pt\/produto\/higiene-e-desinfeccao-para-clinicas-esteticas\/"]}]},{"@type":"ImageObject","inLanguage":"pt-PTR","@id":"https:\/\/henryschein-aesthetics.com\/pt\/produto\/higiene-e-desinfeccao-para-clinicas-esteticas\/#primaryimage","url":"https:\/\/henryschein-aesthetics.com\/wp-content\/uploads\/2025\/03\/Higiene-y-Desinfeccion-para-Clinicas-Esteticas.jpg","contentUrl":"https:\/\/henryschein-aesthetics.com\/wp-content\/uploads\/2025\/03\/Higiene-y-Desinfeccion-para-Clinicas-Esteticas.jpg","width":800,"height":800,"caption":"Higiene y desinfecci\u00f3n para cl\u00ednia"},{"@type":"BreadcrumbList","@id":"https:\/\/henryschein-aesthetics.com\/pt\/produto\/higiene-e-desinfeccao-para-clinicas-esteticas\/#breadcrumb","itemListElement":[{"@type":"ListItem","position":1,"name":"Home","item":"https:\/\/henryschein-aesthetics.com\/pt\/"},{"@type":"ListItem","position":2,"name":"Shop","item":"https:\/\/henryschein-aesthetics.com\/pt\/shop\/"},{"@type":"ListItem","position":3,"name":"Hair Implantology","item":"https:\/\/henryschein-aesthetics.com\/product-category\/hair-implantology\/"},{"@type":"ListItem","position":4,"name":"Higiene e Desinfec\u00e7\u00e3o para Cl\u00ednicas Est\u00e9ticas"}]},{"@type":"WebSite","@id":"https:\/\/henryschein-aesthetics.com\/#website","url":"https:\/\/henryschein-aesthetics.com\/","name":"Henry Schein - Aesthetics","description":"","publisher":{"@id":"https:\/\/henryschein-aesthetics.com\/#organization"},"potentialAction":[{"@type":"SearchAction","target":{"@type":"EntryPoint","urlTemplate":"https:\/\/henryschein-aesthetics.com\/?s={search_term_string}"},"query-input":{"@type":"PropertyValueSpecification","valueRequired":true,"valueName":"search_term_string"}}],"inLanguage":"pt-PTR"},{"@type":"Organization","@id":"https:\/\/henryschein-aesthetics.com\/#organization","name":"Henry Schein - Aesthetics","url":"https:\/\/henryschein-aesthetics.com\/","logo":{"@type":"ImageObject","inLanguage":"pt-PTR","@id":"https:\/\/henryschein-aesthetics.com\/#\/schema\/logo\/image\/","url":"https:\/\/henryschein-aesthetics.com\/wp-content\/uploads\/2025\/06\/26.09-HENRY-SCHEIN-AESTHETICS-LOGO.svg","contentUrl":"https:\/\/henryschein-aesthetics.com\/wp-content\/uploads\/2025\/06\/26.09-HENRY-SCHEIN-AESTHETICS-LOGO.svg","caption":"Henry Schein - Aesthetics"},"image":{"@id":"https:\/\/henryschein-aesthetics.com\/#\/schema\/logo\/image\/"}}]}},"df_price":"","df_sale_price":"","df_regular_price":"","df_image_link":"https:\/\/henryschein-aesthetics.com\/wp-content\/uploads\/2025\/03\/Higiene-y-Desinfeccion-para-Clinicas-Esteticas-300x300.jpg","_links":{"self":[{"href":"https:\/\/henryschein-aesthetics.com\/pt\/wp-json\/wp\/v2\/product\/1463","targetHints":{"allow":["GET"]}}],"collection":[{"href":"https:\/\/henryschein-aesthetics.com\/pt\/wp-json\/wp\/v2\/product"}],"about":[{"href":"https:\/\/henryschein-aesthetics.com\/pt\/wp-json\/wp\/v2\/types\/product"}],"replies":[{"embeddable":true,"href":"https:\/\/henryschein-aesthetics.com\/pt\/wp-json\/wp\/v2\/comments?post=1463"}],"version-history":[{"count":0,"href":"https:\/\/henryschein-aesthetics.com\/pt\/wp-json\/wp\/v2\/product\/1463\/revisions"}],"wp:featuredmedia":[{"embeddable":true,"href":"https:\/\/henryschein-aesthetics.com\/pt\/wp-json\/wp\/v2\/media\/852"}],"wp:attachment":[{"href":"https:\/\/henryschein-aesthetics.com\/pt\/wp-json\/wp\/v2\/media?parent=1463"}],"wp:term":[{"taxonomy":"product_brand","embeddable":true,"href":"https:\/\/henryschein-aesthetics.com\/pt\/wp-json\/wp\/v2\/product_brand?post=1463"},{"taxonomy":"product_cat","embeddable":true,"href":"https:\/\/henryschein-aesthetics.com\/pt\/wp-json\/wp\/v2\/product_cat?post=1463"},{"taxonomy":"product_tag","embeddable":true,"href":"https:\/\/henryschein-aesthetics.com\/pt\/wp-json\/wp\/v2\/product_tag?post=1463"}],"curies":[{"name":"wp","href":"https:\/\/api.w.org\/{rel}","templated":true}]}}