{"id":1485,"date":"2025-03-25T16:05:07","date_gmt":"2025-03-25T15:05:07","guid":{"rendered":"https:\/\/henryschein-aesthetics.com\/product\/equipo-de-carboxiterapia\/"},"modified":"2025-04-11T13:06:46","modified_gmt":"2025-04-11T11:06:46","slug":"equipo-de-carboxiterapia","status":"publish","type":"product","link":"https:\/\/henryschein-aesthetics.com\/pt\/produto\/equipo-de-carboxiterapia\/","title":{"rendered":"Equipamento de Carboxiterapia"},"content":{"rendered":"<p>O equipamento de carboxiterapia \u00e9 um dispositivo m\u00e9dico de \u00faltima gera\u00e7\u00e3o, projetado para a administra\u00e7\u00e3o subcut\u00e2nea de di\u00f3xido de carbono (CO2). Equipado com uma tela digital de alta resolu\u00e7\u00e3o e um sistema de inje\u00e7\u00e3o controlada, permite a dosagem exata do CO2, otimizando a efic\u00e1cia do tratamento e garantindo a seguran\u00e7a do paciente.<\/p>\n","protected":false},"excerpt":{"rendered":"<p>Administra\u00e7\u00e3o controlada de CO\u2082 para melhorar a circula\u00e7\u00e3o, reduzir a celulite e rejuvenescer a pele.<\/p>\n","protected":false},"featured_media":893,"comment_status":"open","ping_status":"closed","template":"","meta":{"content-type":"","inline_featured_image":false},"product_brand":[],"product_cat":[98],"product_tag":[89],"class_list":{"0":"post-1485","1":"product","2":"type-product","3":"status-publish","4":"has-post-thumbnail","6":"product_cat-mesoterapia-corporal-pt","7":"product_tag-equipamento","9":"first","10":"instock","11":"shipping-taxable","12":"product-type-simple"},"yoast_head":"<!-- This site is optimized with the Yoast SEO plugin v26.9 - https:\/\/yoast.com\/product\/yoast-seo-wordpress\/ -->\n<title>Equipamento de Carboxiterapia - Henry Schein Aesthetics<\/title>\n<meta name=\"description\" content=\"Adquire equipamentos de carboxiterapia para melhorar a oxigena\u00e7\u00e3o e firmeza da pele em tratamentos est\u00e9ticos. V\u00e1rias marcas\" \/>\n<meta name=\"robots\" content=\"index, follow, max-snippet:-1, max-image-preview:large, max-video-preview:-1\" \/>\n<link rel=\"canonical\" href=\"https:\/\/henryschein-aesthetics.com\/pt\/produto\/equipo-de-carboxiterapia\/\" \/>\n<meta property=\"og:locale\" content=\"pt_PT\" \/>\n<meta property=\"og:type\" content=\"article\" \/>\n<meta property=\"og:title\" content=\"Equipamento de Carboxiterapia - Henry Schein Aesthetics\" \/>\n<meta property=\"og:description\" content=\"Adquire equipamentos de carboxiterapia para melhorar a oxigena\u00e7\u00e3o e firmeza da pele em tratamentos est\u00e9ticos. V\u00e1rias marcas\" \/>\n<meta property=\"og:url\" content=\"https:\/\/henryschein-aesthetics.com\/pt\/produto\/equipo-de-carboxiterapia\/\" \/>\n<meta property=\"og:site_name\" content=\"Henry Schein Aesthetics\" \/>\n<meta property=\"article:modified_time\" content=\"2025-04-11T11:06:46+00:00\" \/>\n<meta property=\"og:image\" content=\"https:\/\/henryschein-aesthetics.com\/wp-content\/uploads\/2025\/03\/Equipo-de-Carboxiterapia.jpg\" \/>\n\t<meta property=\"og:image:width\" content=\"800\" \/>\n\t<meta property=\"og:image:height\" content=\"800\" \/>\n\t<meta property=\"og:image:type\" content=\"image\/jpeg\" \/>\n<meta name=\"twitter:card\" content=\"summary_large_image\" \/>\n<meta name=\"twitter:label1\" content=\"Est. reading time\" \/>\n\t<meta name=\"twitter:data1\" content=\"1 minute\" \/>\n<script type=\"application\/ld+json\" class=\"yoast-schema-graph\">{\"@context\":\"https:\/\/schema.org\",\"@graph\":[{\"@type\":\"WebPage\",\"@id\":\"https:\/\/henryschein-aesthetics.com\/pt\/produto\/equipo-de-carboxiterapia\/\",\"url\":\"https:\/\/henryschein-aesthetics.com\/pt\/produto\/equipo-de-carboxiterapia\/\",\"name\":\"Equipamento de Carboxiterapia - Henry Schein Aesthetics\",\"isPartOf\":{\"@id\":\"https:\/\/henryschein-aesthetics.com\/#website\"},\"primaryImageOfPage\":{\"@id\":\"https:\/\/henryschein-aesthetics.com\/pt\/produto\/equipo-de-carboxiterapia\/#primaryimage\"},\"image\":{\"@id\":\"https:\/\/henryschein-aesthetics.com\/pt\/produto\/equipo-de-carboxiterapia\/#primaryimage\"},\"thumbnailUrl\":\"https:\/\/henryschein-aesthetics.com\/wp-content\/uploads\/2025\/03\/Equipo-de-Carboxiterapia.jpg\",\"datePublished\":\"2025-03-25T15:05:07+00:00\",\"dateModified\":\"2025-04-11T11:06:46+00:00\",\"description\":\"Adquire equipamentos de carboxiterapia para melhorar a oxigena\u00e7\u00e3o e firmeza da pele em tratamentos est\u00e9ticos. V\u00e1rias marcas\",\"breadcrumb\":{\"@id\":\"https:\/\/henryschein-aesthetics.com\/pt\/produto\/equipo-de-carboxiterapia\/#breadcrumb\"},\"inLanguage\":\"pt-PTR\",\"potentialAction\":[{\"@type\":\"ReadAction\",\"target\":[\"https:\/\/henryschein-aesthetics.com\/pt\/produto\/equipo-de-carboxiterapia\/\"]}]},{\"@type\":\"ImageObject\",\"inLanguage\":\"pt-PTR\",\"@id\":\"https:\/\/henryschein-aesthetics.com\/pt\/produto\/equipo-de-carboxiterapia\/#primaryimage\",\"url\":\"https:\/\/henryschein-aesthetics.com\/wp-content\/uploads\/2025\/03\/Equipo-de-Carboxiterapia.jpg\",\"contentUrl\":\"https:\/\/henryschein-aesthetics.com\/wp-content\/uploads\/2025\/03\/Equipo-de-Carboxiterapia.jpg\",\"width\":800,\"height\":800,\"caption\":\"Equipo de Carboxiterapia\"},{\"@type\":\"BreadcrumbList\",\"@id\":\"https:\/\/henryschein-aesthetics.com\/pt\/produto\/equipo-de-carboxiterapia\/#breadcrumb\",\"itemListElement\":[{\"@type\":\"ListItem\",\"position\":1,\"name\":\"Home\",\"item\":\"https:\/\/henryschein-aesthetics.com\/pt\/\"},{\"@type\":\"ListItem\",\"position\":2,\"name\":\"Shop\",\"item\":\"https:\/\/henryschein-aesthetics.com\/pt\/shop\/\"},{\"@type\":\"ListItem\",\"position\":3,\"name\":\"Mesoterapia corporal\",\"item\":\"https:\/\/henryschein-aesthetics.com\/es\/categoria-producto\/mesoterapia-corporal\/\"},{\"@type\":\"ListItem\",\"position\":4,\"name\":\"Equipamento de Carboxiterapia\"}]},{\"@type\":\"WebSite\",\"@id\":\"https:\/\/henryschein-aesthetics.com\/#website\",\"url\":\"https:\/\/henryschein-aesthetics.com\/\",\"name\":\"Henry Schein - Aesthetics\",\"description\":\"\",\"publisher\":{\"@id\":\"https:\/\/henryschein-aesthetics.com\/#organization\"},\"potentialAction\":[{\"@type\":\"SearchAction\",\"target\":{\"@type\":\"EntryPoint\",\"urlTemplate\":\"https:\/\/henryschein-aesthetics.com\/?s={search_term_string}\"},\"query-input\":{\"@type\":\"PropertyValueSpecification\",\"valueRequired\":true,\"valueName\":\"search_term_string\"}}],\"inLanguage\":\"pt-PTR\"},{\"@type\":\"Organization\",\"@id\":\"https:\/\/henryschein-aesthetics.com\/#organization\",\"name\":\"Henry Schein - Aesthetics\",\"url\":\"https:\/\/henryschein-aesthetics.com\/\",\"logo\":{\"@type\":\"ImageObject\",\"inLanguage\":\"pt-PTR\",\"@id\":\"https:\/\/henryschein-aesthetics.com\/#\/schema\/logo\/image\/\",\"url\":\"https:\/\/henryschein-aesthetics.com\/wp-content\/uploads\/2025\/06\/26.09-HENRY-SCHEIN-AESTHETICS-LOGO.svg\",\"contentUrl\":\"https:\/\/henryschein-aesthetics.com\/wp-content\/uploads\/2025\/06\/26.09-HENRY-SCHEIN-AESTHETICS-LOGO.svg\",\"caption\":\"Henry Schein - Aesthetics\"},\"image\":{\"@id\":\"https:\/\/henryschein-aesthetics.com\/#\/schema\/logo\/image\/\"}}]}<\/script>\n<!-- \/ Yoast SEO plugin. -->","yoast_head_json":{"title":"Equipamento de Carboxiterapia - Henry Schein Aesthetics","description":"Adquire equipamentos de carboxiterapia para melhorar a oxigena\u00e7\u00e3o e firmeza da pele em tratamentos est\u00e9ticos. V\u00e1rias marcas","robots":{"index":"index","follow":"follow","max-snippet":"max-snippet:-1","max-image-preview":"max-image-preview:large","max-video-preview":"max-video-preview:-1"},"canonical":"https:\/\/henryschein-aesthetics.com\/pt\/produto\/equipo-de-carboxiterapia\/","og_locale":"pt_PT","og_type":"article","og_title":"Equipamento de Carboxiterapia - Henry Schein Aesthetics","og_description":"Adquire equipamentos de carboxiterapia para melhorar a oxigena\u00e7\u00e3o e firmeza da pele em tratamentos est\u00e9ticos. V\u00e1rias marcas","og_url":"https:\/\/henryschein-aesthetics.com\/pt\/produto\/equipo-de-carboxiterapia\/","og_site_name":"Henry Schein Aesthetics","article_modified_time":"2025-04-11T11:06:46+00:00","og_image":[{"width":800,"height":800,"url":"https:\/\/henryschein-aesthetics.com\/wp-content\/uploads\/2025\/03\/Equipo-de-Carboxiterapia.jpg","type":"image\/jpeg"}],"twitter_card":"summary_large_image","twitter_misc":{"Est. reading time":"1 minute"},"schema":{"@context":"https:\/\/schema.org","@graph":[{"@type":"WebPage","@id":"https:\/\/henryschein-aesthetics.com\/pt\/produto\/equipo-de-carboxiterapia\/","url":"https:\/\/henryschein-aesthetics.com\/pt\/produto\/equipo-de-carboxiterapia\/","name":"Equipamento de Carboxiterapia - Henry Schein Aesthetics","isPartOf":{"@id":"https:\/\/henryschein-aesthetics.com\/#website"},"primaryImageOfPage":{"@id":"https:\/\/henryschein-aesthetics.com\/pt\/produto\/equipo-de-carboxiterapia\/#primaryimage"},"image":{"@id":"https:\/\/henryschein-aesthetics.com\/pt\/produto\/equipo-de-carboxiterapia\/#primaryimage"},"thumbnailUrl":"https:\/\/henryschein-aesthetics.com\/wp-content\/uploads\/2025\/03\/Equipo-de-Carboxiterapia.jpg","datePublished":"2025-03-25T15:05:07+00:00","dateModified":"2025-04-11T11:06:46+00:00","description":"Adquire equipamentos de carboxiterapia para melhorar a oxigena\u00e7\u00e3o e firmeza da pele em tratamentos est\u00e9ticos. V\u00e1rias marcas","breadcrumb":{"@id":"https:\/\/henryschein-aesthetics.com\/pt\/produto\/equipo-de-carboxiterapia\/#breadcrumb"},"inLanguage":"pt-PTR","potentialAction":[{"@type":"ReadAction","target":["https:\/\/henryschein-aesthetics.com\/pt\/produto\/equipo-de-carboxiterapia\/"]}]},{"@type":"ImageObject","inLanguage":"pt-PTR","@id":"https:\/\/henryschein-aesthetics.com\/pt\/produto\/equipo-de-carboxiterapia\/#primaryimage","url":"https:\/\/henryschein-aesthetics.com\/wp-content\/uploads\/2025\/03\/Equipo-de-Carboxiterapia.jpg","contentUrl":"https:\/\/henryschein-aesthetics.com\/wp-content\/uploads\/2025\/03\/Equipo-de-Carboxiterapia.jpg","width":800,"height":800,"caption":"Equipo de Carboxiterapia"},{"@type":"BreadcrumbList","@id":"https:\/\/henryschein-aesthetics.com\/pt\/produto\/equipo-de-carboxiterapia\/#breadcrumb","itemListElement":[{"@type":"ListItem","position":1,"name":"Home","item":"https:\/\/henryschein-aesthetics.com\/pt\/"},{"@type":"ListItem","position":2,"name":"Shop","item":"https:\/\/henryschein-aesthetics.com\/pt\/shop\/"},{"@type":"ListItem","position":3,"name":"Mesoterapia corporal","item":"https:\/\/henryschein-aesthetics.com\/es\/categoria-producto\/mesoterapia-corporal\/"},{"@type":"ListItem","position":4,"name":"Equipamento de Carboxiterapia"}]},{"@type":"WebSite","@id":"https:\/\/henryschein-aesthetics.com\/#website","url":"https:\/\/henryschein-aesthetics.com\/","name":"Henry Schein - Aesthetics","description":"","publisher":{"@id":"https:\/\/henryschein-aesthetics.com\/#organization"},"potentialAction":[{"@type":"SearchAction","target":{"@type":"EntryPoint","urlTemplate":"https:\/\/henryschein-aesthetics.com\/?s={search_term_string}"},"query-input":{"@type":"PropertyValueSpecification","valueRequired":true,"valueName":"search_term_string"}}],"inLanguage":"pt-PTR"},{"@type":"Organization","@id":"https:\/\/henryschein-aesthetics.com\/#organization","name":"Henry Schein - Aesthetics","url":"https:\/\/henryschein-aesthetics.com\/","logo":{"@type":"ImageObject","inLanguage":"pt-PTR","@id":"https:\/\/henryschein-aesthetics.com\/#\/schema\/logo\/image\/","url":"https:\/\/henryschein-aesthetics.com\/wp-content\/uploads\/2025\/06\/26.09-HENRY-SCHEIN-AESTHETICS-LOGO.svg","contentUrl":"https:\/\/henryschein-aesthetics.com\/wp-content\/uploads\/2025\/06\/26.09-HENRY-SCHEIN-AESTHETICS-LOGO.svg","caption":"Henry Schein - Aesthetics"},"image":{"@id":"https:\/\/henryschein-aesthetics.com\/#\/schema\/logo\/image\/"}}]}},"df_price":"","df_sale_price":"","df_regular_price":"","df_image_link":"https:\/\/henryschein-aesthetics.com\/wp-content\/uploads\/2025\/03\/Equipo-de-Carboxiterapia-300x300.jpg","_links":{"self":[{"href":"https:\/\/henryschein-aesthetics.com\/pt\/wp-json\/wp\/v2\/product\/1485","targetHints":{"allow":["GET"]}}],"collection":[{"href":"https:\/\/henryschein-aesthetics.com\/pt\/wp-json\/wp\/v2\/product"}],"about":[{"href":"https:\/\/henryschein-aesthetics.com\/pt\/wp-json\/wp\/v2\/types\/product"}],"replies":[{"embeddable":true,"href":"https:\/\/henryschein-aesthetics.com\/pt\/wp-json\/wp\/v2\/comments?post=1485"}],"version-history":[{"count":0,"href":"https:\/\/henryschein-aesthetics.com\/pt\/wp-json\/wp\/v2\/product\/1485\/revisions"}],"wp:featuredmedia":[{"embeddable":true,"href":"https:\/\/henryschein-aesthetics.com\/pt\/wp-json\/wp\/v2\/media\/893"}],"wp:attachment":[{"href":"https:\/\/henryschein-aesthetics.com\/pt\/wp-json\/wp\/v2\/media?parent=1485"}],"wp:term":[{"taxonomy":"product_brand","embeddable":true,"href":"https:\/\/henryschein-aesthetics.com\/pt\/wp-json\/wp\/v2\/product_brand?post=1485"},{"taxonomy":"product_cat","embeddable":true,"href":"https:\/\/henryschein-aesthetics.com\/pt\/wp-json\/wp\/v2\/product_cat?post=1485"},{"taxonomy":"product_tag","embeddable":true,"href":"https:\/\/henryschein-aesthetics.com\/pt\/wp-json\/wp\/v2\/product_tag?post=1485"}],"curies":[{"name":"wp","href":"https:\/\/api.w.org\/{rel}","templated":true}]}}