{"id":3623,"date":"2025-06-18T11:12:08","date_gmt":"2025-06-18T09:12:08","guid":{"rendered":"https:\/\/henryschein-aesthetics.com\/?post_type=product&#038;p=3623"},"modified":"2025-06-18T17:12:33","modified_gmt":"2025-06-18T15:12:33","slug":"candeeiros-para-clinicas-de-estetica","status":"publish","type":"product","link":"https:\/\/henryschein-aesthetics.com\/pt\/produto\/candeeiros-para-clinicas-de-estetica\/","title":{"rendered":"Candeeiros para Cl\u00ednicas de Est\u00e9tica"},"content":{"rendered":"<p>Candeeiros de Exame para Cl\u00ednicas de Est\u00e9tica<\/p>\n<p>Os candeeiros de exame s\u00e3o um elemento essencial em qualquer cl\u00ednica especializada. Projetados para oferecer uma ilumina\u00e7\u00e3o precisa e uniforme, permitem aos profissionais realizar tratamentos com maior exatid\u00e3o e seguran\u00e7a. Estes candeeiros disp\u00f5em de tecnologia LED de baixo consumo, bra\u00e7os articulados e designs ergon\u00f3micos que facilitam o seu ajuste em todo o tipo de procedimentos. A sua funcionalidade e estilo moderno n\u00e3o s\u00f3 otimizam o desempenho do profissional, como tamb\u00e9m contribuem para manter um ambiente limpo, profissional e confort\u00e1vel para o paciente.<\/p>\n","protected":false},"excerpt":{"rendered":"<p>Design funcional e tecnologia inovadora para otimizar cada tratamento.<\/p>\n","protected":false},"featured_media":3645,"comment_status":"open","ping_status":"closed","template":"","meta":{"content-type":"","inline_featured_image":false},"product_brand":[],"product_cat":[81,98,97,96,95],"product_tag":[87],"class_list":{"0":"post-3623","1":"product","2":"type-product","3":"status-publish","4":"has-post-thumbnail","6":"product_cat-implantologia-capilar-pt","7":"product_cat-mesoterapia-corporal-pt","8":"product_cat-mesoterapia-facial-pt","9":"product_cat-relleno-dermico-pt","10":"product_cat-toxina-botulinica-pt","11":"product_tag-mobiliario-pt","13":"first","14":"instock","15":"shipping-taxable","16":"product-type-simple"},"yoast_head":"<!-- This site is optimized with the Yoast SEO plugin v26.9 - https:\/\/yoast.com\/product\/yoast-seo-wordpress\/ -->\n<title>Candeeiros para Cl\u00ednicas de Est\u00e9tica - Henry Schein Aesthetics<\/title>\n<meta name=\"description\" content=\"Candeeiros de exame est\u00e9tico com luz LED, design ergon\u00f3mico e m\u00e1xima precis\u00e3o. Ilumine os seus tratamentos com qualidade profissional. Entrega r\u00e1pida.\" \/>\n<meta name=\"robots\" content=\"index, follow, max-snippet:-1, max-image-preview:large, max-video-preview:-1\" \/>\n<link rel=\"canonical\" href=\"https:\/\/henryschein-aesthetics.com\/pt\/produto\/candeeiros-para-clinicas-de-estetica\/\" \/>\n<meta property=\"og:locale\" content=\"pt_PT\" \/>\n<meta property=\"og:type\" content=\"article\" \/>\n<meta property=\"og:title\" content=\"Candeeiros para Cl\u00ednicas de Est\u00e9tica - Henry Schein Aesthetics\" \/>\n<meta property=\"og:description\" content=\"Candeeiros de exame est\u00e9tico com luz LED, design ergon\u00f3mico e m\u00e1xima precis\u00e3o. Ilumine os seus tratamentos com qualidade profissional. Entrega r\u00e1pida.\" \/>\n<meta property=\"og:url\" content=\"https:\/\/henryschein-aesthetics.com\/pt\/produto\/candeeiros-para-clinicas-de-estetica\/\" \/>\n<meta property=\"og:site_name\" content=\"Henry Schein Aesthetics\" \/>\n<meta property=\"article:modified_time\" content=\"2025-06-18T15:12:33+00:00\" \/>\n<meta property=\"og:image\" content=\"https:\/\/henryschein-aesthetics.com\/wp-content\/uploads\/2025\/06\/Lamparas-clinica-estetica.png\" \/>\n\t<meta property=\"og:image:width\" content=\"1200\" \/>\n\t<meta property=\"og:image:height\" content=\"1200\" \/>\n\t<meta property=\"og:image:type\" content=\"image\/png\" \/>\n<meta name=\"twitter:card\" content=\"summary_large_image\" \/>\n<meta name=\"twitter:label1\" content=\"Est. reading time\" \/>\n\t<meta name=\"twitter:data1\" content=\"1 minute\" \/>\n<script type=\"application\/ld+json\" class=\"yoast-schema-graph\">{\"@context\":\"https:\/\/schema.org\",\"@graph\":[{\"@type\":\"WebPage\",\"@id\":\"https:\/\/henryschein-aesthetics.com\/pt\/produto\/candeeiros-para-clinicas-de-estetica\/\",\"url\":\"https:\/\/henryschein-aesthetics.com\/pt\/produto\/candeeiros-para-clinicas-de-estetica\/\",\"name\":\"Candeeiros para Cl\u00ednicas de Est\u00e9tica - Henry Schein Aesthetics\",\"isPartOf\":{\"@id\":\"https:\/\/henryschein-aesthetics.com\/#website\"},\"primaryImageOfPage\":{\"@id\":\"https:\/\/henryschein-aesthetics.com\/pt\/produto\/candeeiros-para-clinicas-de-estetica\/#primaryimage\"},\"image\":{\"@id\":\"https:\/\/henryschein-aesthetics.com\/pt\/produto\/candeeiros-para-clinicas-de-estetica\/#primaryimage\"},\"thumbnailUrl\":\"https:\/\/henryschein-aesthetics.com\/wp-content\/uploads\/2025\/06\/Lamparas-clinica-estetica.png\",\"datePublished\":\"2025-06-18T09:12:08+00:00\",\"dateModified\":\"2025-06-18T15:12:33+00:00\",\"description\":\"Candeeiros de exame est\u00e9tico com luz LED, design ergon\u00f3mico e m\u00e1xima precis\u00e3o. Ilumine os seus tratamentos com qualidade profissional. Entrega r\u00e1pida.\",\"breadcrumb\":{\"@id\":\"https:\/\/henryschein-aesthetics.com\/pt\/produto\/candeeiros-para-clinicas-de-estetica\/#breadcrumb\"},\"inLanguage\":\"pt-PTR\",\"potentialAction\":[{\"@type\":\"ReadAction\",\"target\":[\"https:\/\/henryschein-aesthetics.com\/pt\/produto\/candeeiros-para-clinicas-de-estetica\/\"]}]},{\"@type\":\"ImageObject\",\"inLanguage\":\"pt-PTR\",\"@id\":\"https:\/\/henryschein-aesthetics.com\/pt\/produto\/candeeiros-para-clinicas-de-estetica\/#primaryimage\",\"url\":\"https:\/\/henryschein-aesthetics.com\/wp-content\/uploads\/2025\/06\/Lamparas-clinica-estetica.png\",\"contentUrl\":\"https:\/\/henryschein-aesthetics.com\/wp-content\/uploads\/2025\/06\/Lamparas-clinica-estetica.png\",\"width\":1200,\"height\":1200},{\"@type\":\"BreadcrumbList\",\"@id\":\"https:\/\/henryschein-aesthetics.com\/pt\/produto\/candeeiros-para-clinicas-de-estetica\/#breadcrumb\",\"itemListElement\":[{\"@type\":\"ListItem\",\"position\":1,\"name\":\"Home\",\"item\":\"https:\/\/henryschein-aesthetics.com\/pt\/\"},{\"@type\":\"ListItem\",\"position\":2,\"name\":\"Shop\",\"item\":\"https:\/\/henryschein-aesthetics.com\/pt\/shop\/\"},{\"@type\":\"ListItem\",\"position\":3,\"name\":\"Implantologia Capilar-pt\",\"item\":\"https:\/\/henryschein-aesthetics.com\/pt\/product-category\/implantologia-capilar-pt\/\"},{\"@type\":\"ListItem\",\"position\":4,\"name\":\"Candeeiros para Cl\u00ednicas de Est\u00e9tica\"}]},{\"@type\":\"WebSite\",\"@id\":\"https:\/\/henryschein-aesthetics.com\/#website\",\"url\":\"https:\/\/henryschein-aesthetics.com\/\",\"name\":\"Henry Schein - Aesthetics\",\"description\":\"\",\"publisher\":{\"@id\":\"https:\/\/henryschein-aesthetics.com\/#organization\"},\"potentialAction\":[{\"@type\":\"SearchAction\",\"target\":{\"@type\":\"EntryPoint\",\"urlTemplate\":\"https:\/\/henryschein-aesthetics.com\/?s={search_term_string}\"},\"query-input\":{\"@type\":\"PropertyValueSpecification\",\"valueRequired\":true,\"valueName\":\"search_term_string\"}}],\"inLanguage\":\"pt-PTR\"},{\"@type\":\"Organization\",\"@id\":\"https:\/\/henryschein-aesthetics.com\/#organization\",\"name\":\"Henry Schein - Aesthetics\",\"url\":\"https:\/\/henryschein-aesthetics.com\/\",\"logo\":{\"@type\":\"ImageObject\",\"inLanguage\":\"pt-PTR\",\"@id\":\"https:\/\/henryschein-aesthetics.com\/#\/schema\/logo\/image\/\",\"url\":\"https:\/\/henryschein-aesthetics.com\/wp-content\/uploads\/2025\/06\/26.09-HENRY-SCHEIN-AESTHETICS-LOGO.svg\",\"contentUrl\":\"https:\/\/henryschein-aesthetics.com\/wp-content\/uploads\/2025\/06\/26.09-HENRY-SCHEIN-AESTHETICS-LOGO.svg\",\"caption\":\"Henry Schein - Aesthetics\"},\"image\":{\"@id\":\"https:\/\/henryschein-aesthetics.com\/#\/schema\/logo\/image\/\"}}]}<\/script>\n<!-- \/ Yoast SEO plugin. -->","yoast_head_json":{"title":"Candeeiros para Cl\u00ednicas de Est\u00e9tica - Henry Schein Aesthetics","description":"Candeeiros de exame est\u00e9tico com luz LED, design ergon\u00f3mico e m\u00e1xima precis\u00e3o. Ilumine os seus tratamentos com qualidade profissional. Entrega r\u00e1pida.","robots":{"index":"index","follow":"follow","max-snippet":"max-snippet:-1","max-image-preview":"max-image-preview:large","max-video-preview":"max-video-preview:-1"},"canonical":"https:\/\/henryschein-aesthetics.com\/pt\/produto\/candeeiros-para-clinicas-de-estetica\/","og_locale":"pt_PT","og_type":"article","og_title":"Candeeiros para Cl\u00ednicas de Est\u00e9tica - Henry Schein Aesthetics","og_description":"Candeeiros de exame est\u00e9tico com luz LED, design ergon\u00f3mico e m\u00e1xima precis\u00e3o. Ilumine os seus tratamentos com qualidade profissional. Entrega r\u00e1pida.","og_url":"https:\/\/henryschein-aesthetics.com\/pt\/produto\/candeeiros-para-clinicas-de-estetica\/","og_site_name":"Henry Schein Aesthetics","article_modified_time":"2025-06-18T15:12:33+00:00","og_image":[{"width":1200,"height":1200,"url":"https:\/\/henryschein-aesthetics.com\/wp-content\/uploads\/2025\/06\/Lamparas-clinica-estetica.png","type":"image\/png"}],"twitter_card":"summary_large_image","twitter_misc":{"Est. reading time":"1 minute"},"schema":{"@context":"https:\/\/schema.org","@graph":[{"@type":"WebPage","@id":"https:\/\/henryschein-aesthetics.com\/pt\/produto\/candeeiros-para-clinicas-de-estetica\/","url":"https:\/\/henryschein-aesthetics.com\/pt\/produto\/candeeiros-para-clinicas-de-estetica\/","name":"Candeeiros para Cl\u00ednicas de Est\u00e9tica - Henry Schein Aesthetics","isPartOf":{"@id":"https:\/\/henryschein-aesthetics.com\/#website"},"primaryImageOfPage":{"@id":"https:\/\/henryschein-aesthetics.com\/pt\/produto\/candeeiros-para-clinicas-de-estetica\/#primaryimage"},"image":{"@id":"https:\/\/henryschein-aesthetics.com\/pt\/produto\/candeeiros-para-clinicas-de-estetica\/#primaryimage"},"thumbnailUrl":"https:\/\/henryschein-aesthetics.com\/wp-content\/uploads\/2025\/06\/Lamparas-clinica-estetica.png","datePublished":"2025-06-18T09:12:08+00:00","dateModified":"2025-06-18T15:12:33+00:00","description":"Candeeiros de exame est\u00e9tico com luz LED, design ergon\u00f3mico e m\u00e1xima precis\u00e3o. Ilumine os seus tratamentos com qualidade profissional. Entrega r\u00e1pida.","breadcrumb":{"@id":"https:\/\/henryschein-aesthetics.com\/pt\/produto\/candeeiros-para-clinicas-de-estetica\/#breadcrumb"},"inLanguage":"pt-PTR","potentialAction":[{"@type":"ReadAction","target":["https:\/\/henryschein-aesthetics.com\/pt\/produto\/candeeiros-para-clinicas-de-estetica\/"]}]},{"@type":"ImageObject","inLanguage":"pt-PTR","@id":"https:\/\/henryschein-aesthetics.com\/pt\/produto\/candeeiros-para-clinicas-de-estetica\/#primaryimage","url":"https:\/\/henryschein-aesthetics.com\/wp-content\/uploads\/2025\/06\/Lamparas-clinica-estetica.png","contentUrl":"https:\/\/henryschein-aesthetics.com\/wp-content\/uploads\/2025\/06\/Lamparas-clinica-estetica.png","width":1200,"height":1200},{"@type":"BreadcrumbList","@id":"https:\/\/henryschein-aesthetics.com\/pt\/produto\/candeeiros-para-clinicas-de-estetica\/#breadcrumb","itemListElement":[{"@type":"ListItem","position":1,"name":"Home","item":"https:\/\/henryschein-aesthetics.com\/pt\/"},{"@type":"ListItem","position":2,"name":"Shop","item":"https:\/\/henryschein-aesthetics.com\/pt\/shop\/"},{"@type":"ListItem","position":3,"name":"Implantologia Capilar-pt","item":"https:\/\/henryschein-aesthetics.com\/pt\/product-category\/implantologia-capilar-pt\/"},{"@type":"ListItem","position":4,"name":"Candeeiros para Cl\u00ednicas de Est\u00e9tica"}]},{"@type":"WebSite","@id":"https:\/\/henryschein-aesthetics.com\/#website","url":"https:\/\/henryschein-aesthetics.com\/","name":"Henry Schein - Aesthetics","description":"","publisher":{"@id":"https:\/\/henryschein-aesthetics.com\/#organization"},"potentialAction":[{"@type":"SearchAction","target":{"@type":"EntryPoint","urlTemplate":"https:\/\/henryschein-aesthetics.com\/?s={search_term_string}"},"query-input":{"@type":"PropertyValueSpecification","valueRequired":true,"valueName":"search_term_string"}}],"inLanguage":"pt-PTR"},{"@type":"Organization","@id":"https:\/\/henryschein-aesthetics.com\/#organization","name":"Henry Schein - Aesthetics","url":"https:\/\/henryschein-aesthetics.com\/","logo":{"@type":"ImageObject","inLanguage":"pt-PTR","@id":"https:\/\/henryschein-aesthetics.com\/#\/schema\/logo\/image\/","url":"https:\/\/henryschein-aesthetics.com\/wp-content\/uploads\/2025\/06\/26.09-HENRY-SCHEIN-AESTHETICS-LOGO.svg","contentUrl":"https:\/\/henryschein-aesthetics.com\/wp-content\/uploads\/2025\/06\/26.09-HENRY-SCHEIN-AESTHETICS-LOGO.svg","caption":"Henry Schein - Aesthetics"},"image":{"@id":"https:\/\/henryschein-aesthetics.com\/#\/schema\/logo\/image\/"}}]}},"df_price":"","df_sale_price":"","df_regular_price":"","df_image_link":"https:\/\/henryschein-aesthetics.com\/wp-content\/uploads\/2025\/06\/Lamparas-clinica-estetica-300x300.png","_links":{"self":[{"href":"https:\/\/henryschein-aesthetics.com\/pt\/wp-json\/wp\/v2\/product\/3623","targetHints":{"allow":["GET"]}}],"collection":[{"href":"https:\/\/henryschein-aesthetics.com\/pt\/wp-json\/wp\/v2\/product"}],"about":[{"href":"https:\/\/henryschein-aesthetics.com\/pt\/wp-json\/wp\/v2\/types\/product"}],"replies":[{"embeddable":true,"href":"https:\/\/henryschein-aesthetics.com\/pt\/wp-json\/wp\/v2\/comments?post=3623"}],"version-history":[{"count":0,"href":"https:\/\/henryschein-aesthetics.com\/pt\/wp-json\/wp\/v2\/product\/3623\/revisions"}],"wp:featuredmedia":[{"embeddable":true,"href":"https:\/\/henryschein-aesthetics.com\/pt\/wp-json\/wp\/v2\/media\/3645"}],"wp:attachment":[{"href":"https:\/\/henryschein-aesthetics.com\/pt\/wp-json\/wp\/v2\/media?parent=3623"}],"wp:term":[{"taxonomy":"product_brand","embeddable":true,"href":"https:\/\/henryschein-aesthetics.com\/pt\/wp-json\/wp\/v2\/product_brand?post=3623"},{"taxonomy":"product_cat","embeddable":true,"href":"https:\/\/henryschein-aesthetics.com\/pt\/wp-json\/wp\/v2\/product_cat?post=3623"},{"taxonomy":"product_tag","embeddable":true,"href":"https:\/\/henryschein-aesthetics.com\/pt\/wp-json\/wp\/v2\/product_tag?post=3623"}],"curies":[{"name":"wp","href":"https:\/\/api.w.org\/{rel}","templated":true}]}}