{"id":3944,"date":"2025-10-28T16:49:20","date_gmt":"2025-10-28T15:49:20","guid":{"rendered":"https:\/\/henryschein-aesthetics.com\/?post_type=product&#038;p=3944"},"modified":"2025-10-28T16:58:28","modified_gmt":"2025-10-28T15:58:28","slug":"bioestimuladores-capilares","status":"publish","type":"product","link":"https:\/\/henryschein-aesthetics.com\/pt\/produto\/bioestimuladores-capilares\/","title":{"rendered":"Bioestimuladores capilares"},"content":{"rendered":"<p>Os nossos bioestimuladores capilares s\u00e3o formulados para estimular o crescimento do cabelo, fortalecer o fol\u00edculo e melhorar a densidade capilar. Desenvolvidos com princ\u00edpios ativos de alta qualidade, promovem a regenera\u00e7\u00e3o do couro cabeludo e potenciam os resultados de tratamentos capilares, como a mesoterapia ou o transplante. Ideais para profissionais que procuram efic\u00e1cia, seguran\u00e7a e resultados vis\u00edveis.<\/p>\n","protected":false},"excerpt":{"rendered":"<p>Bioestimuladores capilares que estimulam o crescimento, fortalecem o fol\u00edculo e melhoram a densidade do cabelo com resultados vis\u00edveis e seguros.<\/p>\n","protected":false},"featured_media":3935,"comment_status":"open","ping_status":"closed","template":"","meta":{"content-type":"","inline_featured_image":false},"product_brand":[],"product_cat":[81],"product_tag":[167],"class_list":{"0":"post-3944","1":"product","2":"type-product","3":"status-publish","4":"has-post-thumbnail","6":"product_cat-implantologia-capilar-pt","7":"product_tag-tratamento","9":"first","10":"instock","11":"shipping-taxable","12":"product-type-simple"},"yoast_head":"<!-- This site is optimized with the Yoast SEO plugin v26.9 - https:\/\/yoast.com\/product\/yoast-seo-wordpress\/ -->\n<title>Bioestimuladores capilares | Henry Schein Aesthetics<\/title>\n<meta name=\"description\" content=\"Solu\u00e7\u00f5es profissionais para estimular o crescimento e fortalecer o cabelo, promovendo fios mais densos, saud\u00e1veis e resistente\" \/>\n<meta name=\"robots\" content=\"index, follow, max-snippet:-1, max-image-preview:large, max-video-preview:-1\" \/>\n<link rel=\"canonical\" href=\"https:\/\/henryschein-aesthetics.com\/pt\/produto\/bioestimuladores-capilares\/\" \/>\n<meta property=\"og:locale\" content=\"pt_PT\" \/>\n<meta property=\"og:type\" content=\"article\" \/>\n<meta property=\"og:title\" content=\"Bioestimuladores capilares | Henry Schein Aesthetics\" \/>\n<meta property=\"og:description\" content=\"Solu\u00e7\u00f5es profissionais para estimular o crescimento e fortalecer o cabelo, promovendo fios mais densos, saud\u00e1veis e resistente\" \/>\n<meta property=\"og:url\" content=\"https:\/\/henryschein-aesthetics.com\/pt\/produto\/bioestimuladores-capilares\/\" \/>\n<meta property=\"og:site_name\" content=\"Henry Schein Aesthetics\" \/>\n<meta property=\"article:modified_time\" content=\"2025-10-28T15:58:28+00:00\" \/>\n<meta property=\"og:image\" content=\"https:\/\/henryschein-aesthetics.com\/wp-content\/uploads\/2025\/10\/2.png\" \/>\n\t<meta property=\"og:image:width\" content=\"1200\" \/>\n\t<meta property=\"og:image:height\" content=\"1200\" \/>\n\t<meta property=\"og:image:type\" content=\"image\/png\" \/>\n<meta name=\"twitter:card\" content=\"summary_large_image\" \/>\n<meta name=\"twitter:label1\" content=\"Est. reading time\" \/>\n\t<meta name=\"twitter:data1\" content=\"1 minute\" \/>\n<script type=\"application\/ld+json\" class=\"yoast-schema-graph\">{\"@context\":\"https:\/\/schema.org\",\"@graph\":[{\"@type\":\"WebPage\",\"@id\":\"https:\/\/henryschein-aesthetics.com\/pt\/produto\/bioestimuladores-capilares\/\",\"url\":\"https:\/\/henryschein-aesthetics.com\/pt\/produto\/bioestimuladores-capilares\/\",\"name\":\"Bioestimuladores capilares | Henry Schein Aesthetics\",\"isPartOf\":{\"@id\":\"https:\/\/henryschein-aesthetics.com\/#website\"},\"primaryImageOfPage\":{\"@id\":\"https:\/\/henryschein-aesthetics.com\/pt\/produto\/bioestimuladores-capilares\/#primaryimage\"},\"image\":{\"@id\":\"https:\/\/henryschein-aesthetics.com\/pt\/produto\/bioestimuladores-capilares\/#primaryimage\"},\"thumbnailUrl\":\"https:\/\/henryschein-aesthetics.com\/wp-content\/uploads\/2025\/10\/2.png\",\"datePublished\":\"2025-10-28T15:49:20+00:00\",\"dateModified\":\"2025-10-28T15:58:28+00:00\",\"description\":\"Solu\u00e7\u00f5es profissionais para estimular o crescimento e fortalecer o cabelo, promovendo fios mais densos, saud\u00e1veis e resistente\",\"breadcrumb\":{\"@id\":\"https:\/\/henryschein-aesthetics.com\/pt\/produto\/bioestimuladores-capilares\/#breadcrumb\"},\"inLanguage\":\"pt-PTR\",\"potentialAction\":[{\"@type\":\"ReadAction\",\"target\":[\"https:\/\/henryschein-aesthetics.com\/pt\/produto\/bioestimuladores-capilares\/\"]}]},{\"@type\":\"ImageObject\",\"inLanguage\":\"pt-PTR\",\"@id\":\"https:\/\/henryschein-aesthetics.com\/pt\/produto\/bioestimuladores-capilares\/#primaryimage\",\"url\":\"https:\/\/henryschein-aesthetics.com\/wp-content\/uploads\/2025\/10\/2.png\",\"contentUrl\":\"https:\/\/henryschein-aesthetics.com\/wp-content\/uploads\/2025\/10\/2.png\",\"width\":1200,\"height\":1200,\"caption\":\"bioestmiluadores-capilares\"},{\"@type\":\"BreadcrumbList\",\"@id\":\"https:\/\/henryschein-aesthetics.com\/pt\/produto\/bioestimuladores-capilares\/#breadcrumb\",\"itemListElement\":[{\"@type\":\"ListItem\",\"position\":1,\"name\":\"Home\",\"item\":\"https:\/\/henryschein-aesthetics.com\/pt\/\"},{\"@type\":\"ListItem\",\"position\":2,\"name\":\"Shop\",\"item\":\"https:\/\/henryschein-aesthetics.com\/pt\/shop\/\"},{\"@type\":\"ListItem\",\"position\":3,\"name\":\"Implantologia Capilar-pt\",\"item\":\"https:\/\/henryschein-aesthetics.com\/pt\/product-category\/implantologia-capilar-pt\/\"},{\"@type\":\"ListItem\",\"position\":4,\"name\":\"Bioestimuladores capilares\"}]},{\"@type\":\"WebSite\",\"@id\":\"https:\/\/henryschein-aesthetics.com\/#website\",\"url\":\"https:\/\/henryschein-aesthetics.com\/\",\"name\":\"Henry Schein - Aesthetics\",\"description\":\"\",\"publisher\":{\"@id\":\"https:\/\/henryschein-aesthetics.com\/#organization\"},\"potentialAction\":[{\"@type\":\"SearchAction\",\"target\":{\"@type\":\"EntryPoint\",\"urlTemplate\":\"https:\/\/henryschein-aesthetics.com\/?s={search_term_string}\"},\"query-input\":{\"@type\":\"PropertyValueSpecification\",\"valueRequired\":true,\"valueName\":\"search_term_string\"}}],\"inLanguage\":\"pt-PTR\"},{\"@type\":\"Organization\",\"@id\":\"https:\/\/henryschein-aesthetics.com\/#organization\",\"name\":\"Henry Schein - Aesthetics\",\"url\":\"https:\/\/henryschein-aesthetics.com\/\",\"logo\":{\"@type\":\"ImageObject\",\"inLanguage\":\"pt-PTR\",\"@id\":\"https:\/\/henryschein-aesthetics.com\/#\/schema\/logo\/image\/\",\"url\":\"https:\/\/henryschein-aesthetics.com\/wp-content\/uploads\/2025\/06\/26.09-HENRY-SCHEIN-AESTHETICS-LOGO.svg\",\"contentUrl\":\"https:\/\/henryschein-aesthetics.com\/wp-content\/uploads\/2025\/06\/26.09-HENRY-SCHEIN-AESTHETICS-LOGO.svg\",\"caption\":\"Henry Schein - Aesthetics\"},\"image\":{\"@id\":\"https:\/\/henryschein-aesthetics.com\/#\/schema\/logo\/image\/\"}}]}<\/script>\n<!-- \/ Yoast SEO plugin. -->","yoast_head_json":{"title":"Bioestimuladores capilares | Henry Schein Aesthetics","description":"Solu\u00e7\u00f5es profissionais para estimular o crescimento e fortalecer o cabelo, promovendo fios mais densos, saud\u00e1veis e resistente","robots":{"index":"index","follow":"follow","max-snippet":"max-snippet:-1","max-image-preview":"max-image-preview:large","max-video-preview":"max-video-preview:-1"},"canonical":"https:\/\/henryschein-aesthetics.com\/pt\/produto\/bioestimuladores-capilares\/","og_locale":"pt_PT","og_type":"article","og_title":"Bioestimuladores capilares | Henry Schein Aesthetics","og_description":"Solu\u00e7\u00f5es profissionais para estimular o crescimento e fortalecer o cabelo, promovendo fios mais densos, saud\u00e1veis e resistente","og_url":"https:\/\/henryschein-aesthetics.com\/pt\/produto\/bioestimuladores-capilares\/","og_site_name":"Henry Schein Aesthetics","article_modified_time":"2025-10-28T15:58:28+00:00","og_image":[{"width":1200,"height":1200,"url":"https:\/\/henryschein-aesthetics.com\/wp-content\/uploads\/2025\/10\/2.png","type":"image\/png"}],"twitter_card":"summary_large_image","twitter_misc":{"Est. reading time":"1 minute"},"schema":{"@context":"https:\/\/schema.org","@graph":[{"@type":"WebPage","@id":"https:\/\/henryschein-aesthetics.com\/pt\/produto\/bioestimuladores-capilares\/","url":"https:\/\/henryschein-aesthetics.com\/pt\/produto\/bioestimuladores-capilares\/","name":"Bioestimuladores capilares | Henry Schein Aesthetics","isPartOf":{"@id":"https:\/\/henryschein-aesthetics.com\/#website"},"primaryImageOfPage":{"@id":"https:\/\/henryschein-aesthetics.com\/pt\/produto\/bioestimuladores-capilares\/#primaryimage"},"image":{"@id":"https:\/\/henryschein-aesthetics.com\/pt\/produto\/bioestimuladores-capilares\/#primaryimage"},"thumbnailUrl":"https:\/\/henryschein-aesthetics.com\/wp-content\/uploads\/2025\/10\/2.png","datePublished":"2025-10-28T15:49:20+00:00","dateModified":"2025-10-28T15:58:28+00:00","description":"Solu\u00e7\u00f5es profissionais para estimular o crescimento e fortalecer o cabelo, promovendo fios mais densos, saud\u00e1veis e resistente","breadcrumb":{"@id":"https:\/\/henryschein-aesthetics.com\/pt\/produto\/bioestimuladores-capilares\/#breadcrumb"},"inLanguage":"pt-PTR","potentialAction":[{"@type":"ReadAction","target":["https:\/\/henryschein-aesthetics.com\/pt\/produto\/bioestimuladores-capilares\/"]}]},{"@type":"ImageObject","inLanguage":"pt-PTR","@id":"https:\/\/henryschein-aesthetics.com\/pt\/produto\/bioestimuladores-capilares\/#primaryimage","url":"https:\/\/henryschein-aesthetics.com\/wp-content\/uploads\/2025\/10\/2.png","contentUrl":"https:\/\/henryschein-aesthetics.com\/wp-content\/uploads\/2025\/10\/2.png","width":1200,"height":1200,"caption":"bioestmiluadores-capilares"},{"@type":"BreadcrumbList","@id":"https:\/\/henryschein-aesthetics.com\/pt\/produto\/bioestimuladores-capilares\/#breadcrumb","itemListElement":[{"@type":"ListItem","position":1,"name":"Home","item":"https:\/\/henryschein-aesthetics.com\/pt\/"},{"@type":"ListItem","position":2,"name":"Shop","item":"https:\/\/henryschein-aesthetics.com\/pt\/shop\/"},{"@type":"ListItem","position":3,"name":"Implantologia Capilar-pt","item":"https:\/\/henryschein-aesthetics.com\/pt\/product-category\/implantologia-capilar-pt\/"},{"@type":"ListItem","position":4,"name":"Bioestimuladores capilares"}]},{"@type":"WebSite","@id":"https:\/\/henryschein-aesthetics.com\/#website","url":"https:\/\/henryschein-aesthetics.com\/","name":"Henry Schein - Aesthetics","description":"","publisher":{"@id":"https:\/\/henryschein-aesthetics.com\/#organization"},"potentialAction":[{"@type":"SearchAction","target":{"@type":"EntryPoint","urlTemplate":"https:\/\/henryschein-aesthetics.com\/?s={search_term_string}"},"query-input":{"@type":"PropertyValueSpecification","valueRequired":true,"valueName":"search_term_string"}}],"inLanguage":"pt-PTR"},{"@type":"Organization","@id":"https:\/\/henryschein-aesthetics.com\/#organization","name":"Henry Schein - Aesthetics","url":"https:\/\/henryschein-aesthetics.com\/","logo":{"@type":"ImageObject","inLanguage":"pt-PTR","@id":"https:\/\/henryschein-aesthetics.com\/#\/schema\/logo\/image\/","url":"https:\/\/henryschein-aesthetics.com\/wp-content\/uploads\/2025\/06\/26.09-HENRY-SCHEIN-AESTHETICS-LOGO.svg","contentUrl":"https:\/\/henryschein-aesthetics.com\/wp-content\/uploads\/2025\/06\/26.09-HENRY-SCHEIN-AESTHETICS-LOGO.svg","caption":"Henry Schein - Aesthetics"},"image":{"@id":"https:\/\/henryschein-aesthetics.com\/#\/schema\/logo\/image\/"}}]}},"df_price":"","df_sale_price":"","df_regular_price":"","df_image_link":"https:\/\/henryschein-aesthetics.com\/wp-content\/uploads\/2025\/10\/2-300x300.png","_links":{"self":[{"href":"https:\/\/henryschein-aesthetics.com\/pt\/wp-json\/wp\/v2\/product\/3944","targetHints":{"allow":["GET"]}}],"collection":[{"href":"https:\/\/henryschein-aesthetics.com\/pt\/wp-json\/wp\/v2\/product"}],"about":[{"href":"https:\/\/henryschein-aesthetics.com\/pt\/wp-json\/wp\/v2\/types\/product"}],"replies":[{"embeddable":true,"href":"https:\/\/henryschein-aesthetics.com\/pt\/wp-json\/wp\/v2\/comments?post=3944"}],"version-history":[{"count":0,"href":"https:\/\/henryschein-aesthetics.com\/pt\/wp-json\/wp\/v2\/product\/3944\/revisions"}],"wp:featuredmedia":[{"embeddable":true,"href":"https:\/\/henryschein-aesthetics.com\/pt\/wp-json\/wp\/v2\/media\/3935"}],"wp:attachment":[{"href":"https:\/\/henryschein-aesthetics.com\/pt\/wp-json\/wp\/v2\/media?parent=3944"}],"wp:term":[{"taxonomy":"product_brand","embeddable":true,"href":"https:\/\/henryschein-aesthetics.com\/pt\/wp-json\/wp\/v2\/product_brand?post=3944"},{"taxonomy":"product_cat","embeddable":true,"href":"https:\/\/henryschein-aesthetics.com\/pt\/wp-json\/wp\/v2\/product_cat?post=3944"},{"taxonomy":"product_tag","embeddable":true,"href":"https:\/\/henryschein-aesthetics.com\/pt\/wp-json\/wp\/v2\/product_tag?post=3944"}],"curies":[{"name":"wp","href":"https:\/\/api.w.org\/{rel}","templated":true}]}}