{"id":3949,"date":"2025-06-18T11:31:36","date_gmt":"2025-06-18T09:31:36","guid":{"rendered":"https:\/\/henryschein-aesthetics.com\/?post_type=product&#038;p=3949"},"modified":"2025-10-29T17:32:14","modified_gmt":"2025-10-29T16:32:14","slug":"serum-de-mesoterapia-de-acido-hialuronico","status":"publish","type":"product","link":"https:\/\/henryschein-aesthetics.com\/pt\/produto\/serum-de-mesoterapia-de-acido-hialuronico\/","title":{"rendered":"S\u00e9rum de mesoterapia de \u00e1cido hialur\u00f4nico"},"content":{"rendered":"<p>Os nossos s\u00e9runs de mesoterapia com \u00e1cido hialur\u00f4nico s\u00e3o desenvolvidos para hidratar, preencher e revitalizar a pele desde o interior. Formulados com ingredientes de elevada pureza, promovem a elasticidade, firmeza e luminosidade do rosto e pesco\u00e7o. Ideais para profissionais que procuram resultados vis\u00edveis, seguros e duradouros em tratamentos est\u00e9ticos faciais.<\/p>\n","protected":false},"excerpt":{"rendered":"<p>S\u00e9runs de mesoterapia com \u00e1cido hialur\u00f3nico que hidratam, preenchem e revitalizam a pele, melhorando a firmeza, a elasticidade e a luminosidade.<\/p>\n","protected":false},"featured_media":4004,"comment_status":"open","ping_status":"closed","template":"","meta":{"content-type":"","inline_featured_image":false},"product_brand":[],"product_cat":[98,97,96,95],"product_tag":[87],"class_list":{"0":"post-3949","1":"product","2":"type-product","3":"status-publish","4":"has-post-thumbnail","6":"product_cat-mesoterapia-corporal-pt","7":"product_cat-mesoterapia-facial-pt","8":"product_cat-relleno-dermico-pt","9":"product_cat-toxina-botulinica-pt","10":"product_tag-mobiliario-pt","12":"first","13":"instock","14":"shipping-taxable","15":"product-type-simple"},"yoast_head":"<!-- This site is optimized with the Yoast SEO plugin v26.9 - https:\/\/yoast.com\/product\/yoast-seo-wordpress\/ -->\n<title>S\u00e9rum de mesoterapia de \u00e1cido hialur\u00f4nico | Henry Schein<\/title>\n<meta name=\"description\" content=\"Hidrata\u00e7\u00e3o profunda e revitaliza\u00e7\u00e3o da pele gra\u00e7as a tratamentos est\u00e9ticos aplicados por profissionais. Henry Schein Medical\" \/>\n<meta name=\"robots\" content=\"index, follow, max-snippet:-1, max-image-preview:large, max-video-preview:-1\" \/>\n<link rel=\"canonical\" href=\"https:\/\/henryschein-aesthetics.com\/pt\/produto\/serum-de-mesoterapia-de-acido-hialuronico\/\" \/>\n<meta property=\"og:locale\" content=\"pt_PT\" \/>\n<meta property=\"og:type\" content=\"article\" \/>\n<meta property=\"og:title\" content=\"S\u00e9rum de mesoterapia de \u00e1cido hialur\u00f4nico | Henry Schein\" \/>\n<meta property=\"og:description\" content=\"Hidrata\u00e7\u00e3o profunda e revitaliza\u00e7\u00e3o da pele gra\u00e7as a tratamentos est\u00e9ticos aplicados por profissionais. Henry Schein Medical\" \/>\n<meta property=\"og:url\" content=\"https:\/\/henryschein-aesthetics.com\/pt\/produto\/serum-de-mesoterapia-de-acido-hialuronico\/\" \/>\n<meta property=\"og:site_name\" content=\"Henry Schein Aesthetics\" \/>\n<meta property=\"article:modified_time\" content=\"2025-10-29T16:32:14+00:00\" \/>\n<meta property=\"og:image\" content=\"https:\/\/henryschein-aesthetics.com\/wp-content\/uploads\/2025\/10\/Diseno-sin-titulo.png\" \/>\n\t<meta property=\"og:image:width\" content=\"1200\" \/>\n\t<meta property=\"og:image:height\" content=\"1200\" \/>\n\t<meta property=\"og:image:type\" content=\"image\/png\" \/>\n<meta name=\"twitter:card\" content=\"summary_large_image\" \/>\n<meta name=\"twitter:label1\" content=\"Est. reading time\" \/>\n\t<meta name=\"twitter:data1\" content=\"1 minute\" \/>\n<script type=\"application\/ld+json\" class=\"yoast-schema-graph\">{\"@context\":\"https:\/\/schema.org\",\"@graph\":[{\"@type\":\"WebPage\",\"@id\":\"https:\/\/henryschein-aesthetics.com\/pt\/produto\/serum-de-mesoterapia-de-acido-hialuronico\/\",\"url\":\"https:\/\/henryschein-aesthetics.com\/pt\/produto\/serum-de-mesoterapia-de-acido-hialuronico\/\",\"name\":\"S\u00e9rum de mesoterapia de \u00e1cido hialur\u00f4nico | Henry Schein\",\"isPartOf\":{\"@id\":\"https:\/\/henryschein-aesthetics.com\/#website\"},\"primaryImageOfPage\":{\"@id\":\"https:\/\/henryschein-aesthetics.com\/pt\/produto\/serum-de-mesoterapia-de-acido-hialuronico\/#primaryimage\"},\"image\":{\"@id\":\"https:\/\/henryschein-aesthetics.com\/pt\/produto\/serum-de-mesoterapia-de-acido-hialuronico\/#primaryimage\"},\"thumbnailUrl\":\"https:\/\/henryschein-aesthetics.com\/wp-content\/uploads\/2025\/10\/Diseno-sin-titulo.png\",\"datePublished\":\"2025-06-18T09:31:36+00:00\",\"dateModified\":\"2025-10-29T16:32:14+00:00\",\"description\":\"Hidrata\u00e7\u00e3o profunda e revitaliza\u00e7\u00e3o da pele gra\u00e7as a tratamentos est\u00e9ticos aplicados por profissionais. Henry Schein Medical\",\"breadcrumb\":{\"@id\":\"https:\/\/henryschein-aesthetics.com\/pt\/produto\/serum-de-mesoterapia-de-acido-hialuronico\/#breadcrumb\"},\"inLanguage\":\"pt-PTR\",\"potentialAction\":[{\"@type\":\"ReadAction\",\"target\":[\"https:\/\/henryschein-aesthetics.com\/pt\/produto\/serum-de-mesoterapia-de-acido-hialuronico\/\"]}]},{\"@type\":\"ImageObject\",\"inLanguage\":\"pt-PTR\",\"@id\":\"https:\/\/henryschein-aesthetics.com\/pt\/produto\/serum-de-mesoterapia-de-acido-hialuronico\/#primaryimage\",\"url\":\"https:\/\/henryschein-aesthetics.com\/wp-content\/uploads\/2025\/10\/Diseno-sin-titulo.png\",\"contentUrl\":\"https:\/\/henryschein-aesthetics.com\/wp-content\/uploads\/2025\/10\/Diseno-sin-titulo.png\",\"width\":1200,\"height\":1200,\"caption\":\"serum-mesoterapia-inyectable\"},{\"@type\":\"BreadcrumbList\",\"@id\":\"https:\/\/henryschein-aesthetics.com\/pt\/produto\/serum-de-mesoterapia-de-acido-hialuronico\/#breadcrumb\",\"itemListElement\":[{\"@type\":\"ListItem\",\"position\":1,\"name\":\"Home\",\"item\":\"https:\/\/henryschein-aesthetics.com\/pt\/\"},{\"@type\":\"ListItem\",\"position\":2,\"name\":\"Shop\",\"item\":\"https:\/\/henryschein-aesthetics.com\/pt\/shop\/\"},{\"@type\":\"ListItem\",\"position\":3,\"name\":\"Toxina botul\u00ednica\",\"item\":\"https:\/\/henryschein-aesthetics.com\/es\/categoria-producto\/toxina-botulinica\/\"},{\"@type\":\"ListItem\",\"position\":4,\"name\":\"S\u00e9rum de mesoterapia de \u00e1cido hialur\u00f4nico\"}]},{\"@type\":\"WebSite\",\"@id\":\"https:\/\/henryschein-aesthetics.com\/#website\",\"url\":\"https:\/\/henryschein-aesthetics.com\/\",\"name\":\"Henry Schein - Aesthetics\",\"description\":\"\",\"publisher\":{\"@id\":\"https:\/\/henryschein-aesthetics.com\/#organization\"},\"potentialAction\":[{\"@type\":\"SearchAction\",\"target\":{\"@type\":\"EntryPoint\",\"urlTemplate\":\"https:\/\/henryschein-aesthetics.com\/?s={search_term_string}\"},\"query-input\":{\"@type\":\"PropertyValueSpecification\",\"valueRequired\":true,\"valueName\":\"search_term_string\"}}],\"inLanguage\":\"pt-PTR\"},{\"@type\":\"Organization\",\"@id\":\"https:\/\/henryschein-aesthetics.com\/#organization\",\"name\":\"Henry Schein - Aesthetics\",\"url\":\"https:\/\/henryschein-aesthetics.com\/\",\"logo\":{\"@type\":\"ImageObject\",\"inLanguage\":\"pt-PTR\",\"@id\":\"https:\/\/henryschein-aesthetics.com\/#\/schema\/logo\/image\/\",\"url\":\"https:\/\/henryschein-aesthetics.com\/wp-content\/uploads\/2025\/06\/26.09-HENRY-SCHEIN-AESTHETICS-LOGO.svg\",\"contentUrl\":\"https:\/\/henryschein-aesthetics.com\/wp-content\/uploads\/2025\/06\/26.09-HENRY-SCHEIN-AESTHETICS-LOGO.svg\",\"caption\":\"Henry Schein - Aesthetics\"},\"image\":{\"@id\":\"https:\/\/henryschein-aesthetics.com\/#\/schema\/logo\/image\/\"}}]}<\/script>\n<!-- \/ Yoast SEO plugin. -->","yoast_head_json":{"title":"S\u00e9rum de mesoterapia de \u00e1cido hialur\u00f4nico | Henry Schein","description":"Hidrata\u00e7\u00e3o profunda e revitaliza\u00e7\u00e3o da pele gra\u00e7as a tratamentos est\u00e9ticos aplicados por profissionais. Henry Schein Medical","robots":{"index":"index","follow":"follow","max-snippet":"max-snippet:-1","max-image-preview":"max-image-preview:large","max-video-preview":"max-video-preview:-1"},"canonical":"https:\/\/henryschein-aesthetics.com\/pt\/produto\/serum-de-mesoterapia-de-acido-hialuronico\/","og_locale":"pt_PT","og_type":"article","og_title":"S\u00e9rum de mesoterapia de \u00e1cido hialur\u00f4nico | Henry Schein","og_description":"Hidrata\u00e7\u00e3o profunda e revitaliza\u00e7\u00e3o da pele gra\u00e7as a tratamentos est\u00e9ticos aplicados por profissionais. Henry Schein Medical","og_url":"https:\/\/henryschein-aesthetics.com\/pt\/produto\/serum-de-mesoterapia-de-acido-hialuronico\/","og_site_name":"Henry Schein Aesthetics","article_modified_time":"2025-10-29T16:32:14+00:00","og_image":[{"width":1200,"height":1200,"url":"https:\/\/henryschein-aesthetics.com\/wp-content\/uploads\/2025\/10\/Diseno-sin-titulo.png","type":"image\/png"}],"twitter_card":"summary_large_image","twitter_misc":{"Est. reading time":"1 minute"},"schema":{"@context":"https:\/\/schema.org","@graph":[{"@type":"WebPage","@id":"https:\/\/henryschein-aesthetics.com\/pt\/produto\/serum-de-mesoterapia-de-acido-hialuronico\/","url":"https:\/\/henryschein-aesthetics.com\/pt\/produto\/serum-de-mesoterapia-de-acido-hialuronico\/","name":"S\u00e9rum de mesoterapia de \u00e1cido hialur\u00f4nico | Henry Schein","isPartOf":{"@id":"https:\/\/henryschein-aesthetics.com\/#website"},"primaryImageOfPage":{"@id":"https:\/\/henryschein-aesthetics.com\/pt\/produto\/serum-de-mesoterapia-de-acido-hialuronico\/#primaryimage"},"image":{"@id":"https:\/\/henryschein-aesthetics.com\/pt\/produto\/serum-de-mesoterapia-de-acido-hialuronico\/#primaryimage"},"thumbnailUrl":"https:\/\/henryschein-aesthetics.com\/wp-content\/uploads\/2025\/10\/Diseno-sin-titulo.png","datePublished":"2025-06-18T09:31:36+00:00","dateModified":"2025-10-29T16:32:14+00:00","description":"Hidrata\u00e7\u00e3o profunda e revitaliza\u00e7\u00e3o da pele gra\u00e7as a tratamentos est\u00e9ticos aplicados por profissionais. Henry Schein Medical","breadcrumb":{"@id":"https:\/\/henryschein-aesthetics.com\/pt\/produto\/serum-de-mesoterapia-de-acido-hialuronico\/#breadcrumb"},"inLanguage":"pt-PTR","potentialAction":[{"@type":"ReadAction","target":["https:\/\/henryschein-aesthetics.com\/pt\/produto\/serum-de-mesoterapia-de-acido-hialuronico\/"]}]},{"@type":"ImageObject","inLanguage":"pt-PTR","@id":"https:\/\/henryschein-aesthetics.com\/pt\/produto\/serum-de-mesoterapia-de-acido-hialuronico\/#primaryimage","url":"https:\/\/henryschein-aesthetics.com\/wp-content\/uploads\/2025\/10\/Diseno-sin-titulo.png","contentUrl":"https:\/\/henryschein-aesthetics.com\/wp-content\/uploads\/2025\/10\/Diseno-sin-titulo.png","width":1200,"height":1200,"caption":"serum-mesoterapia-inyectable"},{"@type":"BreadcrumbList","@id":"https:\/\/henryschein-aesthetics.com\/pt\/produto\/serum-de-mesoterapia-de-acido-hialuronico\/#breadcrumb","itemListElement":[{"@type":"ListItem","position":1,"name":"Home","item":"https:\/\/henryschein-aesthetics.com\/pt\/"},{"@type":"ListItem","position":2,"name":"Shop","item":"https:\/\/henryschein-aesthetics.com\/pt\/shop\/"},{"@type":"ListItem","position":3,"name":"Toxina botul\u00ednica","item":"https:\/\/henryschein-aesthetics.com\/es\/categoria-producto\/toxina-botulinica\/"},{"@type":"ListItem","position":4,"name":"S\u00e9rum de mesoterapia de \u00e1cido hialur\u00f4nico"}]},{"@type":"WebSite","@id":"https:\/\/henryschein-aesthetics.com\/#website","url":"https:\/\/henryschein-aesthetics.com\/","name":"Henry Schein - Aesthetics","description":"","publisher":{"@id":"https:\/\/henryschein-aesthetics.com\/#organization"},"potentialAction":[{"@type":"SearchAction","target":{"@type":"EntryPoint","urlTemplate":"https:\/\/henryschein-aesthetics.com\/?s={search_term_string}"},"query-input":{"@type":"PropertyValueSpecification","valueRequired":true,"valueName":"search_term_string"}}],"inLanguage":"pt-PTR"},{"@type":"Organization","@id":"https:\/\/henryschein-aesthetics.com\/#organization","name":"Henry Schein - Aesthetics","url":"https:\/\/henryschein-aesthetics.com\/","logo":{"@type":"ImageObject","inLanguage":"pt-PTR","@id":"https:\/\/henryschein-aesthetics.com\/#\/schema\/logo\/image\/","url":"https:\/\/henryschein-aesthetics.com\/wp-content\/uploads\/2025\/06\/26.09-HENRY-SCHEIN-AESTHETICS-LOGO.svg","contentUrl":"https:\/\/henryschein-aesthetics.com\/wp-content\/uploads\/2025\/06\/26.09-HENRY-SCHEIN-AESTHETICS-LOGO.svg","caption":"Henry Schein - Aesthetics"},"image":{"@id":"https:\/\/henryschein-aesthetics.com\/#\/schema\/logo\/image\/"}}]}},"df_price":"","df_sale_price":"","df_regular_price":"","df_image_link":"https:\/\/henryschein-aesthetics.com\/wp-content\/uploads\/2025\/10\/Diseno-sin-titulo-300x300.png","_links":{"self":[{"href":"https:\/\/henryschein-aesthetics.com\/pt\/wp-json\/wp\/v2\/product\/3949","targetHints":{"allow":["GET"]}}],"collection":[{"href":"https:\/\/henryschein-aesthetics.com\/pt\/wp-json\/wp\/v2\/product"}],"about":[{"href":"https:\/\/henryschein-aesthetics.com\/pt\/wp-json\/wp\/v2\/types\/product"}],"replies":[{"embeddable":true,"href":"https:\/\/henryschein-aesthetics.com\/pt\/wp-json\/wp\/v2\/comments?post=3949"}],"version-history":[{"count":0,"href":"https:\/\/henryschein-aesthetics.com\/pt\/wp-json\/wp\/v2\/product\/3949\/revisions"}],"wp:featuredmedia":[{"embeddable":true,"href":"https:\/\/henryschein-aesthetics.com\/pt\/wp-json\/wp\/v2\/media\/4004"}],"wp:attachment":[{"href":"https:\/\/henryschein-aesthetics.com\/pt\/wp-json\/wp\/v2\/media?parent=3949"}],"wp:term":[{"taxonomy":"product_brand","embeddable":true,"href":"https:\/\/henryschein-aesthetics.com\/pt\/wp-json\/wp\/v2\/product_brand?post=3949"},{"taxonomy":"product_cat","embeddable":true,"href":"https:\/\/henryschein-aesthetics.com\/pt\/wp-json\/wp\/v2\/product_cat?post=3949"},{"taxonomy":"product_tag","embeddable":true,"href":"https:\/\/henryschein-aesthetics.com\/pt\/wp-json\/wp\/v2\/product_tag?post=3949"}],"curies":[{"name":"wp","href":"https:\/\/api.w.org\/{rel}","templated":true}]}}